{"id":26717,"date":"2025-10-08T11:37:00","date_gmt":"2025-10-08T11:37:00","guid":{"rendered":"https:\/\/woolskins.eu\/?post_type=product&#038;p=26717"},"modified":"2026-01-10T08:48:57","modified_gmt":"2026-01-10T08:48:57","slug":"borsa_piedi_di_lana","status":"publish","type":"product","link":"https:\/\/woolskins.eu\/it\/wollen_voetenzak\/","title":{"rendered":"Zaffiro | Pedana in lana 0-3 anni EverGrow | Beige"},"content":{"rendered":"<h3 data-start=\"196\" data-end=\"251\">Zaffiro - Coprigambe in lana EverGrow<\/h3>\n<p data-start=\"252\" data-end=\"301\">Calore, comfort e protezione - in qualsiasi stagione<\/p>\n<p data-start=\"303\" data-end=\"1048\">Il coprigambe in lana EverGrow di Zafiro \u00e8 pensato per i genitori che desiderano offrire al proprio bambino il massimo comfort anche durante le giornate fredde. Questo lussuoso coprigambe invernale \u00e8 foderato con lana di pecora naturale di prima qualit\u00e0 100%. La lana ha propriet\u00e0 termoregolatrici naturali: trattiene il calore quando fa freddo, ma lascia fuoriuscire facilmente il calore e l'umidit\u00e0 in eccesso. Cos\u00ec il bambino rimane sempre a una temperatura confortevole, senza sudare. Inoltre, la lana \u00e8 ipoallergenica, autopulente e traspirante, ideale per la pelle sensibile del bambino. Il copripiedi EverGrow offre una protezione sana e naturale e fa sentire il bambino al sicuro, sia durante le passeggiate che in viaggio.<\/p>\n<h4 data-start=\"1050\" data-end=\"1078\">Caratteristiche principali<\/h4>\n<ul data-start=\"1079\" data-end=\"1935\">\n<li data-start=\"1079\" data-end=\"1160\">\n<p data-start=\"1081\" data-end=\"1160\">100% lana naturale di pecora premium - morbida, traspirante e termoregolante<\/p>\n<\/li>\n<li data-start=\"1161\" data-end=\"1243\">\n<p data-start=\"1163\" data-end=\"1243\">Isolamento termico perfetto: mantiene il bambino al caldo, anche in caso di temperature rigide.<\/p>\n<\/li>\n<li data-start=\"1244\" data-end=\"1346\">\n<p data-start=\"1246\" data-end=\"1346\">Modello di crescita con lunghezza regolabile (88-107 cm) - adatto dalla nascita fino a circa 3 o 4 anni di et\u00e0<\/p>\n<\/li>\n<li data-start=\"1347\" data-end=\"1445\">\n<p data-start=\"1349\" data-end=\"1445\">Aperture per cinture universali: si adatta praticamente a tutti i passeggini, carrozzine, seggiolini auto e slitte<\/p>\n<\/li>\n<li data-start=\"1446\" data-end=\"1542\">\n<p data-start=\"1448\" data-end=\"1542\">Strato esterno idrorepellente e antisporco (rivestimento W\/R): protegge dalla pioggia, dalla neve e dalle macchie.<\/p>\n<\/li>\n<li data-start=\"1543\" data-end=\"1622\">\n<p data-start=\"1545\" data-end=\"1622\">Fondo rinforzato e resistente all'acqua - ideale per i pi\u00f9 piccoli con le scarpe<\/p>\n<\/li>\n<li data-start=\"1623\" data-end=\"1741\">\n<p data-start=\"1625\" data-end=\"1741\">Parte anteriore rimovibile - facile da aprire o da rimuovere completamente; utilizzare il coprigambe anche come indumento intimo caldo<\/p>\n<\/li>\n<li data-start=\"1742\" data-end=\"1862\">\n<p data-start=\"1744\" data-end=\"1862\">Design con cappuccio caldo: la parte superiore pu\u00f2 essere unita in un accogliente cappuccio per una maggiore protezione contro il vento e il freddo.<\/p>\n<\/li>\n<li data-start=\"1863\" data-end=\"1935\">\n<p data-start=\"1865\" data-end=\"1935\">Supporto antiscivolo: impedisce lo scivolamento nel passeggino o nella carrozzina<\/p>\n<\/li>\n<\/ul>\n<h4 data-start=\"1937\" data-end=\"1965\">Perch\u00e9 scegliere la lana?<\/h4>\n<p data-start=\"1966\" data-end=\"2424\">La lana di pecora di prima qualit\u00e0 utilizzata \u00e8 di qualit\u00e0 eccezionale ed \u00e8 tessuta su entrambi i lati del tessuto. Questo garantisce un calore extra e una gestione ottimale dell'umidit\u00e0, mentre il materiale \u00e8 naturalmente autopulente e neutralizza gli odori. La lana \u00e8 anche ipoallergenica e impedisce la crescita degli acari della polvere, perfetta per i bambini con la pelle sensibile. Le fibre naturali garantiscono un ambiente sempre fresco e igienico per il bambino.<\/p>\n<h4 data-start=\"2426\" data-end=\"2444\">Specifiche tecniche<\/h4>\n<ul data-start=\"2445\" data-end=\"2644\">\n<li data-start=\"2445\" data-end=\"2500\">\n<p data-start=\"2447\" data-end=\"2500\">Dimensioni: 88 \/ 107 cm (regolabile) x 45 cm di larghezza<\/p>\n<\/li>\n<li data-start=\"2501\" data-end=\"2528\">\n<p data-start=\"2503\" data-end=\"2528\">Adatto per: 0-4 anni<\/p>\n<\/li>\n<li data-start=\"2529\" data-end=\"2576\">\n<p data-start=\"2531\" data-end=\"2576\">Esterno: poliestere 100% (idrorepellente)<\/p>\n<\/li>\n<li data-start=\"2577\" data-end=\"2616\">\n<p data-start=\"2579\" data-end=\"2616\">Interno: 100% lana di pecora premium<\/p>\n<\/li>\n<li data-start=\"2617\" data-end=\"2644\">\n<p data-start=\"2619\" data-end=\"2644\">Imbottitura: poliestere 100%<\/p>\n<\/li>\n<\/ul>\n<h4 data-start=\"2646\" data-end=\"2660\">Manutenzione<\/h4>\n<p data-start=\"2661\" data-end=\"2852\">Non lavare, non candeggiare, non stirare. Lavare a secco solo delicatamente e asciugare in piano. Grazie alle naturali propriet\u00e0 autopulenti della lana, non \u00e8 necessaria una pulizia frequente.<\/p>","protected":false},"excerpt":{"rendered":"<p data-start=\"265\" data-end=\"310\"><strong data-start=\"265\" data-end=\"308\">Coprigambe in lana Zaffiro - EverGrow beige<\/strong><\/p>\n<p data-start=\"312\" data-end=\"597\">Offrite al vostro bambino il calore e la sicurezza della lana naturale. Il copripiedi in lana EverGrow \u00e8 foderato con lana di pecora 100% di prima qualit\u00e0, che regola naturalmente la temperatura e traspira. In questo modo il vostro bambino star\u00e0 sempre comodo, al caldo in inverno e all'aria aperta quando il tempo \u00e8 pi\u00f9 mite. Grazie al suo design regolabile, il coprigambe cresce con il bambino, dal neonato al bambino. Lo strato esterno idrorepellente protegge dal vento, dalla neve e dalla pioggia, mentre l'interno in morbida lana offre un calore rilassante. L'EverGrow si adatta a quasi tutti i passeggini, carrozzine o seggiolini auto ed \u00e8 progettato per l'uso quotidiano: pratico, resistente e, naturalmente, bello.<\/p>\n<p data-start=\"177\" data-end=\"224\"><strong data-start=\"177\" data-end=\"222\">Perch\u00e9 scegliere il coprigambe EverGrow:<\/strong><\/p>\n<ul>\n<li data-start=\"227\" data-end=\"289\">100% lana naturale di pecora - calda, traspirante e anallergica<\/li>\n<li data-start=\"227\" data-end=\"289\">Lunghezza regolabile - cresce da neonato a bambino (0-4 anni)<\/li>\n<li data-start=\"227\" data-end=\"289\">Strato esterno idrorepellente e antisporco - ideale per tutte le stagioni<\/li>\n<li data-start=\"227\" data-end=\"289\">Si adatta praticamente a qualsiasi passeggino, carrozzina o seggiolino auto<\/li>\n<\/ul>\n<p><strong>Marca: Zaffiro<\/strong><br \/>\n<strong>Produzione: Polonia<br \/>\nKeur: Oeko-Tex Standard<\/strong><\/p>\n<p><img loading=\"lazy\" decoding=\"async\" class=\"alignnone wp-image-28173 entered lazyloaded\" src=\"https:\/\/woolskins.eu\/wp-content\/uploads\/2024\/05\/csm_OEKO-TEX_Logo_2022_rgb_c1aaeb5ceb-300x300.jpg\" alt=\"\" width=\"89\" height=\"89\" data-lazy-src=\"https:\/\/woolskins.eu\/wp-content\/uploads\/2024\/05\/csm_OEKO-TEX_Logo_2022_rgb_c1aaeb5ceb-300x300.jpg\" data-ll-status=\"loaded\" srcset=\"https:\/\/woolskins.eu\/wp-content\/uploads\/2024\/05\/csm_OEKO-TEX_Logo_2022_rgb_c1aaeb5ceb-300x300.jpg 300w, https:\/\/woolskins.eu\/wp-content\/uploads\/2024\/05\/csm_OEKO-TEX_Logo_2022_rgb_c1aaeb5ceb-150x150.jpg 150w, https:\/\/woolskins.eu\/wp-content\/uploads\/2024\/05\/csm_OEKO-TEX_Logo_2022_rgb_c1aaeb5ceb-768x769.jpg 768w, https:\/\/woolskins.eu\/wp-content\/uploads\/2024\/05\/csm_OEKO-TEX_Logo_2022_rgb_c1aaeb5ceb-12x12.jpg 12w, https:\/\/woolskins.eu\/wp-content\/uploads\/2024\/05\/csm_OEKO-TEX_Logo_2022_rgb_c1aaeb5ceb-600x601.jpg 600w, https:\/\/woolskins.eu\/wp-content\/uploads\/2024\/05\/csm_OEKO-TEX_Logo_2022_rgb_c1aaeb5ceb-100x100.jpg 100w, https:\/\/woolskins.eu\/wp-content\/uploads\/2024\/05\/csm_OEKO-TEX_Logo_2022_rgb_c1aaeb5ceb-64x64.jpg 64w, https:\/\/woolskins.eu\/wp-content\/uploads\/2024\/05\/csm_OEKO-TEX_Logo_2022_rgb_c1aaeb5ceb.jpg 885w\" sizes=\"auto, (max-width: 89px) 100vw, 89px\" \/><\/p>","protected":false},"featured_media":26724,"comment_status":"open","ping_status":"closed","template":"","meta":{"_acf_changed":false},"product_brand":[],"product_cat":[499,360,364,352,196,336,502],"product_tag":[],"class_list":{"0":"post-26717","1":"product","2":"type-product","3":"status-publish","4":"has-post-thumbnail","6":"product_cat-new-arrivals","7":"product_cat-cadeautips","8":"product_cat-cadeaus-vanaf-e50","9":"product_cat-merken","10":"product_cat-slaapkleding-baby","11":"product_cat-voetenzakken","12":"product_cat-zaffiro","14":"first","15":"instock","16":"taxable","17":"shipping-taxable","18":"purchasable","19":"product-type-simple"},"acf":[],"_links":{"self":[{"href":"https:\/\/woolskins.eu\/it\/wp-json\/wp\/v2\/product\/26717","targetHints":{"allow":["GET"]}}],"collection":[{"href":"https:\/\/woolskins.eu\/it\/wp-json\/wp\/v2\/product"}],"about":[{"href":"https:\/\/woolskins.eu\/it\/wp-json\/wp\/v2\/types\/product"}],"replies":[{"embeddable":true,"href":"https:\/\/woolskins.eu\/it\/wp-json\/wp\/v2\/comments?post=26717"}],"wp:featuredmedia":[{"embeddable":true,"href":"https:\/\/woolskins.eu\/it\/wp-json\/wp\/v2\/media\/26724"}],"wp:attachment":[{"href":"https:\/\/woolskins.eu\/it\/wp-json\/wp\/v2\/media?parent=26717"}],"wp:term":[{"taxonomy":"product_brand","embeddable":true,"href":"https:\/\/woolskins.eu\/it\/wp-json\/wp\/v2\/product_brand?post=26717"},{"taxonomy":"product_cat","embeddable":true,"href":"https:\/\/woolskins.eu\/it\/wp-json\/wp\/v2\/product_cat?post=26717"},{"taxonomy":"product_tag","embeddable":true,"href":"https:\/\/woolskins.eu\/it\/wp-json\/wp\/v2\/product_tag?post=26717"}],"curies":[{"name":"wp","href":"https:\/\/api.w.org\/{rel}","templated":true}]}}