{"id":26472,"date":"2025-09-30T15:05:41","date_gmt":"2025-09-30T15:05:41","guid":{"rendered":"https:\/\/woolskins.eu\/?post_type=product&#038;p=26472"},"modified":"2025-12-18T10:47:13","modified_gmt":"2025-12-18T10:47:13","slug":"scaldamani-per-carrozzina-zaffiro-infeltrito-nocciola","status":"publish","type":"product","link":"https:\/\/woolskins.eu\/it\/handwarmers-voor-kinderwagen-zaffiro-felted-hazelnoot\/","title":{"rendered":"Scaldamani per carrozzina - Zaffiro | Feltro nocciola"},"content":{"rendered":"<p>Scaldamani per carrozzina 2in1 Lana premium. Questi scaldamani sono perfetti per chi ama fare lunghe passeggiate con i bambini all'aperto. Gli scaldamani sono realizzati in lana di pecora naturale di prima qualit\u00e0, molto confortevole e calda al tatto. Grazie alla lana calda e isolante, le mani non si raffreddano facilmente. Gli scaldamani sono facili da montare insieme o separatamente sulla carrozzina. Sono molto efficienti da usare, in quanto \u00e8 sufficiente infilare le mani e toglierle di nuovo quando si ha ancora qualcosa.<\/p>\n<p>Caratteristiche:<\/p>\n<p>- dimensioni: 38x26cm<br \/>\n- 100% lana infeltrita premium<br \/>\n- dimensione universale<br \/>\n- pu\u00f2 essere utilizzato come un unico manicotto o come due guanti separati<br \/>\n- si adatta a qualsiasi modello di passeggino<\/p>\n<p>Lana di prima qualit\u00e0<br \/>\nGli scaldamani Zaffiro per carrozzina e passeggino sono realizzati con fibre di altissima qualit\u00e0 arricchite da un'ulteriore lavorazione specializzata, che crea una copertura di pelo su entrambi i lati del tessuto. Grazie a queste propriet\u00e0, la lana dei nostri sacchi a pelo \u00e8 igroscopica, assorbe perfettamente l'umidit\u00e0 e protegge dalla perdita di calore. La lana utilizzata nello scaldamani per carrozzina trattiene il calore meglio della lana normale, grazie a due strati di vello di lupo.<\/p>\n<p>La lana di pecora PREMIUM naturale e morbida utilizzata per produrre il sacco a pelo \u00e8 perfetta per gli inverni freddi e le giornate pi\u00f9 calde. Garantisce una termoregolazione naturale ancora migliore, in modo da proteggere efficacemente il bambino anche in caso di forte gelo e garantire che il bambino non si surriscaldi nelle giornate calde. La lana di pecora ha anche propriet\u00e0 antiallergiche ed \u00e8 resistente allo sviluppo degli acari. Ha propriet\u00e0 igieniche e autopulenti. Neutralizza gli odori sgradevoli e lo sporco.<\/p>\n<p>Composto:<br \/>\n100% vello di lupo<\/p>","protected":false},"excerpt":{"rendered":"<p data-start=\"110\" data-end=\"193\"><strong data-start=\"110\" data-end=\"191\">Calore e comfort in ogni passeggiata - Scaldamani per la carrozzina<\/strong><\/p>\n<p data-start=\"195\" data-end=\"488\">Godetevi le lunghe passeggiate con i vostri bambini, anche nelle giornate pi\u00f9 fredde, con i nostri lussuosi scaldamani realizzati in\u00a0 <strong>100%<\/strong> <strong data-start=\"305\" data-end=\"339\">lana naturale di prima qualit\u00e0<\/strong>. Questi morbidi e caldi manicotti terranno le vostre mani al riparo, mentre il <strong data-start=\"418\" data-end=\"453\">doppio strato di lana<\/strong> protegge le mani dalle intemperie e le mantiene meravigliosamente calde e confortevoli. Questo scaldamani si abbina a tutti i prodotti infeltriti Zaffiro.<\/p>\n<p data-start=\"490\" data-end=\"816\">Questi scaldamani sono <strong data-start=\"512\" data-end=\"559\">Facile da fissare a qualsiasi carrozzina<\/strong>, Le borse da passeggio, sia insieme che separatamente, consentono di infilare rapidamente le mani quando ne avete bisogno e di estrarle altrettanto facilmente mentre siete impegnate con il vostro piccolo. Pratica, elegante ed efficiente: la compagna perfetta per ogni mamma che cammina.<\/p>\n<p><strong>Marca: Zaffiro<\/strong><br \/>\n<strong>Produzione: Polonia<br \/>\nKeur: Oeko-Tex Standard<\/strong><\/p>\n<p><img loading=\"lazy\" decoding=\"async\" class=\"alignnone wp-image-28173 entered lazyloaded\" src=\"https:\/\/woolskins.eu\/wp-content\/uploads\/2024\/05\/csm_OEKO-TEX_Logo_2022_rgb_c1aaeb5ceb-300x300.jpg\" alt=\"\" width=\"89\" height=\"89\" data-lazy-src=\"https:\/\/woolskins.eu\/wp-content\/uploads\/2024\/05\/csm_OEKO-TEX_Logo_2022_rgb_c1aaeb5ceb-300x300.jpg\" data-ll-status=\"loaded\" srcset=\"https:\/\/woolskins.eu\/wp-content\/uploads\/2024\/05\/csm_OEKO-TEX_Logo_2022_rgb_c1aaeb5ceb-300x300.jpg 300w, https:\/\/woolskins.eu\/wp-content\/uploads\/2024\/05\/csm_OEKO-TEX_Logo_2022_rgb_c1aaeb5ceb-150x150.jpg 150w, https:\/\/woolskins.eu\/wp-content\/uploads\/2024\/05\/csm_OEKO-TEX_Logo_2022_rgb_c1aaeb5ceb-768x769.jpg 768w, https:\/\/woolskins.eu\/wp-content\/uploads\/2024\/05\/csm_OEKO-TEX_Logo_2022_rgb_c1aaeb5ceb-12x12.jpg 12w, https:\/\/woolskins.eu\/wp-content\/uploads\/2024\/05\/csm_OEKO-TEX_Logo_2022_rgb_c1aaeb5ceb-600x601.jpg 600w, https:\/\/woolskins.eu\/wp-content\/uploads\/2024\/05\/csm_OEKO-TEX_Logo_2022_rgb_c1aaeb5ceb-100x100.jpg 100w, https:\/\/woolskins.eu\/wp-content\/uploads\/2024\/05\/csm_OEKO-TEX_Logo_2022_rgb_c1aaeb5ceb-64x64.jpg 64w, https:\/\/woolskins.eu\/wp-content\/uploads\/2024\/05\/csm_OEKO-TEX_Logo_2022_rgb_c1aaeb5ceb.jpg 885w\" sizes=\"auto, (max-width: 89px) 100vw, 89px\" \/><\/p>","protected":false},"featured_media":26473,"comment_status":"closed","ping_status":"closed","template":"","meta":{"_acf_changed":false},"product_brand":[],"product_cat":[352,363,336,502],"product_tag":[],"class_list":{"0":"post-26472","1":"product","2":"type-product","3":"status-publish","4":"has-post-thumbnail","6":"product_cat-merken","7":"product_cat-cadeaus-e25-e50","8":"product_cat-voetenzakken","9":"product_cat-zaffiro","11":"first","12":"instock","13":"taxable","14":"shipping-taxable","15":"purchasable","16":"product-type-simple"},"acf":[],"_links":{"self":[{"href":"https:\/\/woolskins.eu\/it\/wp-json\/wp\/v2\/product\/26472","targetHints":{"allow":["GET"]}}],"collection":[{"href":"https:\/\/woolskins.eu\/it\/wp-json\/wp\/v2\/product"}],"about":[{"href":"https:\/\/woolskins.eu\/it\/wp-json\/wp\/v2\/types\/product"}],"replies":[{"embeddable":true,"href":"https:\/\/woolskins.eu\/it\/wp-json\/wp\/v2\/comments?post=26472"}],"wp:featuredmedia":[{"embeddable":true,"href":"https:\/\/woolskins.eu\/it\/wp-json\/wp\/v2\/media\/26473"}],"wp:attachment":[{"href":"https:\/\/woolskins.eu\/it\/wp-json\/wp\/v2\/media?parent=26472"}],"wp:term":[{"taxonomy":"product_brand","embeddable":true,"href":"https:\/\/woolskins.eu\/it\/wp-json\/wp\/v2\/product_brand?post=26472"},{"taxonomy":"product_cat","embeddable":true,"href":"https:\/\/woolskins.eu\/it\/wp-json\/wp\/v2\/product_cat?post=26472"},{"taxonomy":"product_tag","embeddable":true,"href":"https:\/\/woolskins.eu\/it\/wp-json\/wp\/v2\/product_tag?post=26472"}],"curies":[{"name":"wp","href":"https:\/\/api.w.org\/{rel}","templated":true}]}}