{"id":25991,"date":"2025-09-03T09:53:41","date_gmt":"2025-09-03T09:53:41","guid":{"rendered":"https:\/\/woolskins.eu\/?post_type=product&#038;p=25991"},"modified":"2026-02-18T13:50:18","modified_gmt":"2026-02-18T13:50:18","slug":"zaffiro-wool-footmuff-sacco-a-pelo-per-passeggino-e-navicella-teddy-beige","status":"publish","type":"product","link":"https:\/\/woolskins.eu\/it\/zaffiro-wollen-voetenzak-slaapzak-voor-buggy-en-reiswieg-teddy-beige\/","title":{"rendered":"Zaffiro | Parapiedi in lana - Sacco a pelo per passeggino e culla | Teddy Beige"},"content":{"rendered":"<h5>Sacco nanna in lana per passeggino, navicella e culla.<\/h5>\n<p>Questi sacco nanna in lana per passeggino e Maxi-Cosi sono molto adatti ai pi\u00f9 piccoli grazie alle propriet\u00e0 naturali delle fibre di lana. Questi respirano e hanno la propriet\u00e0 di agire come un termostato naturale che regola la temperatura corporea? Questo aiuta il tuo bambino a mantenere una temperatura stabile e lo mantiene asciutto e comodo. La lana di pecora ha anche propriet\u00e0 antiallergiche ed \u00e8 antibatterica e quindi ha propriet\u00e0 igieniche e autopulenti. Neutralizza gli odori sgradevoli e lo sporco. Puoi stare certo che il tuo bambino sar\u00e0 bello, caldo e comodo in questo coprigambe in lana Zaffiro. Tutti i tipi di cinture di sicurezza si adattano a questo modello senza problemi grazie all&#039;utilizzo delle aperture speciali.<\/p>\n<p>\u2013 100% lana vergine premium, infeltrita.<br \/>\n\u2013 Adatto per 0-18 mesi.<br \/>\n\u2013 Coulisse nel colletto per proteggere la testa del bambino.<br \/>\n\u2013 La parte superiore pu\u00f2 essere completamente staccata dal basso con cerniera.<br \/>\n\u2013 Comode aperture per le cinture di sicurezza (5 punti).<br \/>\n\u2013 lunghezza 90 cm x larghezza 40\/42 cm.<\/p>\n<p data-start=\"63\" data-end=\"427\"><strong data-start=\"63\" data-end=\"83\">Istruzioni per il lavaggio<\/strong><\/p>\n<p data-start=\"63\" data-end=\"427\">Per mantenere questo tessuto di lana Teddy bello e morbido, si consiglia di lavarlo a mano a una temperatura massima di 30\u00b0C. Nel farlo, procedere con cautela e utilizzare un detergente delicato per lana. Evitare la candeggina, la stiratura, l'asciugatrice e la centrifuga. Lasciare asciugare il tessuto in piano per preservarne la forma. \u00c8 possibile anche il lavaggio a secco.<\/p>\n<p data-start=\"429\" data-end=\"552\">\u2728 <strong data-start=\"431\" data-end=\"439\">Mancia:<\/strong> La lana non ha bisogno di essere lavata spesso. Una rapida aerazione all'esterno \u00e8 spesso sufficiente per mantenere il tessuto fresco.<\/p>\n<p data-start=\"554\" data-end=\"817\">\ud83c\udf3f <strong data-start=\"557\" data-end=\"588\">Perch\u00e9 la lana \u00e8 speciale: <\/strong>La lana \u00e8 naturalmente autopulente e repellente allo sporco. Gli odori scompaiono semplicemente arieggiando il tessuto e lo sporco aderisce meno facilmente rispetto ad altri materiali. Cos\u00ec il vostro tessuto di lana rimane fresco pi\u00f9 a lungo, senza bisogno di molta manutenzione.<\/p>\n<h5>Zaffiro<\/h5>\n<p>L&#039;azienda Zaffiro \u00e8 un&#039;azienda familiare polacca. Fin dai nostri inizi nel 1989, ci siamo specializzati nella produzione di prodotti per neonati e bambini e la maggior parte di ci\u00f2 che produciamo viene esportato in pi\u00f9 di 40 paesi. Abbiamo creato il marchio Zaffiro per promuovere prodotti che supportino i genitori consapevoli dell&#039;importanza dell&#039;intimit\u00e0 e del legame con il proprio bambino fin dalle prime ore dopo la nascita. Promuoviamo il concetto di trasportare i bambini &#039;cuore per cuore&#039; in marsupi e marsupi, reintroducendo, riscoprendo e sviluppando la sapiente tradizione delle generazioni precedenti tenendo conto della ricerca psicologica contemporanea.<\/p>","protected":false},"excerpt":{"rendered":"<p>Divertitevi a portare il vostro bambino in giro con questo caldo coprigambe in lana - sacco a pelo di Zaffiro per la carrozzina, il passeggino, la cesta Moses o a casa. Questo coprigambe \u00e8 realizzato in lana 100% e assume immediatamente la temperatura del bambino. La lana morbida si muove facilmente con il bambino. Trattiene bene il calore senza far sudare il bambino, perch\u00e9 la lana traspira. Grazie a queste propriet\u00e0 uniche della lana, il bambino sar\u00e0 caldo e comodo. Grazie alle pratiche aperture per la cintura, questo coprigambe di lana si installa rapidamente nella carrozzina o nel passeggino. Per proteggere la testa del bambino dalle intemperie, \u00e8 possibile tirare il cordino del colletto. Questo coprigambe di Zaffiro pu\u00f2 essere utilizzato tutto l'anno, ma \u00e8 particolarmente utile in primavera, inverno e autunno.<\/p>\n<div class=\"woocommerce-product-details__short-description\">\n<p><strong>Marca: Zaffiro<\/strong><br \/>\n<strong>Produzione: Polonia<br \/>\nKeur: Oeko-Tex Standard<\/strong><\/p>\n<p><img loading=\"lazy\" decoding=\"async\" class=\"alignnone wp-image-28173 entered lazyloaded\" src=\"https:\/\/woolskins.eu\/wp-content\/uploads\/2024\/05\/csm_OEKO-TEX_Logo_2022_rgb_c1aaeb5ceb-300x300.jpg\" alt=\"\" width=\"89\" height=\"89\" data-lazy-src=\"https:\/\/woolskins.eu\/wp-content\/uploads\/2024\/05\/csm_OEKO-TEX_Logo_2022_rgb_c1aaeb5ceb-300x300.jpg\" data-ll-status=\"loaded\" srcset=\"https:\/\/woolskins.eu\/wp-content\/uploads\/2024\/05\/csm_OEKO-TEX_Logo_2022_rgb_c1aaeb5ceb-300x300.jpg 300w, https:\/\/woolskins.eu\/wp-content\/uploads\/2024\/05\/csm_OEKO-TEX_Logo_2022_rgb_c1aaeb5ceb-150x150.jpg 150w, https:\/\/woolskins.eu\/wp-content\/uploads\/2024\/05\/csm_OEKO-TEX_Logo_2022_rgb_c1aaeb5ceb-768x769.jpg 768w, https:\/\/woolskins.eu\/wp-content\/uploads\/2024\/05\/csm_OEKO-TEX_Logo_2022_rgb_c1aaeb5ceb-12x12.jpg 12w, https:\/\/woolskins.eu\/wp-content\/uploads\/2024\/05\/csm_OEKO-TEX_Logo_2022_rgb_c1aaeb5ceb-600x601.jpg 600w, https:\/\/woolskins.eu\/wp-content\/uploads\/2024\/05\/csm_OEKO-TEX_Logo_2022_rgb_c1aaeb5ceb-100x100.jpg 100w, https:\/\/woolskins.eu\/wp-content\/uploads\/2024\/05\/csm_OEKO-TEX_Logo_2022_rgb_c1aaeb5ceb-64x64.jpg 64w, https:\/\/woolskins.eu\/wp-content\/uploads\/2024\/05\/csm_OEKO-TEX_Logo_2022_rgb_c1aaeb5ceb.jpg 885w\" sizes=\"auto, (max-width: 89px) 100vw, 89px\" \/><\/p>\n<\/div>","protected":false},"featured_media":25997,"comment_status":"open","ping_status":"closed","template":"","meta":{"_acf_changed":false},"product_brand":[],"product_cat":[502,370,336],"product_tag":[],"class_list":{"0":"post-25991","1":"product","2":"type-product","3":"status-publish","4":"has-post-thumbnail","6":"product_cat-zaffiro","7":"product_cat-slaapzakken","8":"product_cat-voetenzakken","10":"first","11":"instock","12":"taxable","13":"shipping-taxable","14":"purchasable","15":"product-type-simple"},"acf":[],"_links":{"self":[{"href":"https:\/\/woolskins.eu\/it\/wp-json\/wp\/v2\/product\/25991","targetHints":{"allow":["GET"]}}],"collection":[{"href":"https:\/\/woolskins.eu\/it\/wp-json\/wp\/v2\/product"}],"about":[{"href":"https:\/\/woolskins.eu\/it\/wp-json\/wp\/v2\/types\/product"}],"replies":[{"embeddable":true,"href":"https:\/\/woolskins.eu\/it\/wp-json\/wp\/v2\/comments?post=25991"}],"wp:featuredmedia":[{"embeddable":true,"href":"https:\/\/woolskins.eu\/it\/wp-json\/wp\/v2\/media\/25997"}],"wp:attachment":[{"href":"https:\/\/woolskins.eu\/it\/wp-json\/wp\/v2\/media?parent=25991"}],"wp:term":[{"taxonomy":"product_brand","embeddable":true,"href":"https:\/\/woolskins.eu\/it\/wp-json\/wp\/v2\/product_brand?post=25991"},{"taxonomy":"product_cat","embeddable":true,"href":"https:\/\/woolskins.eu\/it\/wp-json\/wp\/v2\/product_cat?post=25991"},{"taxonomy":"product_tag","embeddable":true,"href":"https:\/\/woolskins.eu\/it\/wp-json\/wp\/v2\/product_tag?post=25991"}],"curies":[{"name":"wp","href":"https:\/\/api.w.org\/{rel}","templated":true}]}}