{"id":25379,"date":"2025-06-24T10:49:29","date_gmt":"2025-06-24T10:49:29","guid":{"rendered":"https:\/\/woolskins.eu\/?post_type=product&#038;p=25379"},"modified":"2026-02-17T22:15:47","modified_gmt":"2026-02-17T22:15:47","slug":"zaffiro-lana-footmuff-0-3-anni-igrow-grigio-chiaro","status":"publish","type":"product","link":"https:\/\/woolskins.eu\/it\/zaffiro-wollen-voetenzak-0-3-jaar-igrow-lichtgrijs\/","title":{"rendered":"Zaffiro | Parapiedi in lana 0-3 anni - iGrow | Infeltrito Grigio Chiaro"},"content":{"rendered":"<p data-start=\"159\" data-end=\"496\"><strong data-start=\"159\" data-end=\"217\">Caldo, lussuoso e naturalmente confortevole, tutto l'anno.<br \/>\n<\/strong><br data-start=\"217\" data-end=\"220\" \/>Andate in giro spensierati con il vostro bambino con questo bellissimo coprigambe di lana di\u00a0<strong data-start=\"293\" data-end=\"304\">Zaffiro<\/strong>, interamente realizzato in lana naturale di alta qualit\u00e0 e di prima scelta. Questo coprigambe offre non solo calore e comfort, ma anche un design accurato che cresce con il bambino fino a 3 anni.<\/p>\n<p data-start=\"498\" data-end=\"786\">Grazie all'intelligente prolunga, il coprigambe pu\u00f2 essere facilmente regolato in lunghezza. La parte inferiore pu\u00f2 essere aperta, creando spazio extra per le gambe in crescita con una semplice operazione. In questo modo, il coprigambe \u00e8 una scelta durevole e pratica per diverse stagioni.<\/p>\n<p data-start=\"788\" data-end=\"1048\">Il coprigambe \u00e8 dotato di aperture verticali per le cinture di sicurezza ed \u00e8 adatto a quasi tutti i sistemi: dalle cinture a 3 e 5 punti fino ai passeggini e alle carrozzine con cinghie annesse. In questo modo \u00e8 possibile agganciarlo in modo semplice e sicuro ovunque si vada.<\/p>\n<p data-start=\"1050\" data-end=\"1369\">Ci\u00f2 che rende questo coprigambe davvero speciale \u00e8 il doppio strato di morbido pile di lupo. Questa lana naturale offre un'eccellente regolazione della temperatura: meravigliosamente calda in inverno e sorprendentemente fresca in estate. La parte superiore del coprigambe \u00e8 completamente rimovibile, in modo da poterlo adattare alla temperatura in qualsiasi stagione.<\/p>\n<p data-start=\"1371\" data-end=\"1553\">Con il suo look senza tempo, i materiali di alta qualit\u00e0 e gli interni confortevoli, questo coprigambe Zaffiro \u00e8 un must di lusso per i genitori che vogliono solo il meglio per il loro bambino.<\/p>\n<p data-start=\"1555\" data-end=\"1583\"><strong data-start=\"1555\" data-end=\"1583\">Caratteristiche in sintesi:<\/strong><\/p>\n<ul data-start=\"1584\" data-end=\"1967\">\n<li data-start=\"1584\" data-end=\"1633\">\n<p data-start=\"1586\" data-end=\"1633\">100% zuiver scheerwolvezel, Felted.<\/p>\n<\/li>\n<li data-start=\"1584\" data-end=\"1633\">\n<p data-start=\"1586\" data-end=\"1633\">Heeft het Oeko-Tex Standard keurmerk.<\/p>\n<\/li>\n<li data-start=\"1584\" data-end=\"1633\">\n<p data-start=\"1586\" data-end=\"1633\">Adatto fino a circa 3 anni grazie al design estensibile<\/p>\n<\/li>\n<li data-start=\"1584\" data-end=\"1633\">\n<p data-start=\"1586\" data-end=\"1633\">Regolabile in lunghezza grazie alla sezione piedi rimovibile<\/p>\n<\/li>\n<li data-start=\"1584\" data-end=\"1633\">\n<p data-start=\"1586\" data-end=\"1633\">Due strati di lana per un maggiore calore e comfort<\/p>\n<\/li>\n<li data-start=\"1584\" data-end=\"1633\">\n<p data-start=\"1586\" data-end=\"1633\">Top completamente staccabile - ideale per tutte le stagioni<\/p>\n<\/li>\n<li data-start=\"1584\" data-end=\"1633\">\n<p data-start=\"1586\" data-end=\"1633\">Compatibile con le cinture a 3 e 5 punti e con i modelli con cinghie fisse.<\/p>\n<\/li>\n<li data-start=\"1584\" data-end=\"1633\">\n<p data-start=\"1586\" data-end=\"1633\">Design senza tempo, prodotto in modo sostenibile<\/p>\n<\/li>\n<\/ul>\n<p data-start=\"1969\" data-end=\"2053\">Regalate al vostro bambino il meglio della natura: caldo, sicuro e sempre comodo in viaggio.<\/p>\n<h3 data-start=\"324\" data-end=\"388\"><strong data-start=\"328\" data-end=\"388\">Coprigambe di lana premium in lana naturale di pecora 100%<\/strong><\/h3>\n<p data-start=\"390\" data-end=\"796\">Questo\u00a0<strong data-start=\"395\" data-end=\"438\">Coprigambe in lana per bambini e neonati<\/strong>\u00a0is gemaakt van\u00a0<strong data-start=\"459\" data-end=\"481\">premium scheerwol,<\/strong>\u00a0un materiale naturale noto per il suo eccezionale calore, morbidezza e traspirabilit\u00e0. Grazie a una speciale lavorazione, il tessuto presenta una struttura a pelo morbido su entrambi i lati, che offre un comfort extra e un isolamento ottimale. Ideale per l'uso sia in inverno che nelle fresche giornate estive.<\/p>\n<p data-start=\"798\" data-end=\"1067\">Il doppio strato\u00a0<strong data-start=\"814\" data-end=\"827\">vello di lupo<\/strong>\u00a0offre un'eccellente protezione contro il freddo e il vento. Allo stesso tempo, la naturale\u00a0<strong data-start=\"907\" data-end=\"926\">termoregolazione<\/strong>\u00a0di lana assicurano che il bambino non si surriscaldi nelle giornate pi\u00f9 calde. Questo\u00a0<strong data-start=\"1001\" data-end=\"1027\">coprigambe in lana per bambini<\/strong>\u00a0Per questo motivo, \u00e8 perfetto per tutte le stagioni.<\/p>\n<p data-start=\"1069\" data-end=\"1106\"><strong data-start=\"1069\" data-end=\"1106\">Vantaggi della lana di pecora di prima qualit\u00e0:<\/strong><\/p>\n<ul data-start=\"1107\" data-end=\"1464\">\n<li data-start=\"1107\" data-end=\"1184\">\n<p data-start=\"1109\" data-end=\"1184\"><strong data-start=\"1109\" data-end=\"1145\">Regolazione naturale della temperatura<\/strong>caldo in inverno, fresco in estate<\/p>\n<\/li>\n<li data-start=\"1185\" data-end=\"1257\">\n<p data-start=\"1187\" data-end=\"1257\"><strong data-start=\"1187\" data-end=\"1204\">Igroscopico<\/strong>assorbe efficacemente l'umidit\u00e0 e mantiene il bambino asciutto<\/p>\n<\/li>\n<li data-start=\"1258\" data-end=\"1333\">\n<p data-start=\"1260\" data-end=\"1333\"><strong data-start=\"1260\" data-end=\"1299\">Autopulizia e neutralizzazione degli odori<\/strong>: respinge lo sporco e gli odori sgradevoli<\/p>\n<\/li>\n<li data-start=\"1334\" data-end=\"1402\">\n<p data-start=\"1336\" data-end=\"1402\"><strong data-start=\"1336\" data-end=\"1369\">Antiallergico e antiacaro<\/strong>: sicuro per la pelle sensibile<\/p>\n<\/li>\n<li data-start=\"1403\" data-end=\"1464\">\n<p data-start=\"1405\" data-end=\"1464\"><strong data-start=\"1405\" data-end=\"1431\">Durevole e igienico<\/strong>Adatto all'uso quotidiano<\/p>\n<\/li>\n<\/ul>\n<p data-start=\"1466\" data-end=\"1687\">Questo lusso\u00a0<strong data-start=\"1476\" data-end=\"1504\">Coprigambe in lana di pecora<\/strong>\u00a0\u00e8 un must per i genitori che cercano una soluzione ecologica, comoda e funzionale per il viaggio. La scelta perfetta per la carrozzina, il passeggino o il seggiolino auto.<\/p>","protected":false},"excerpt":{"rendered":"<p data-start=\"133\" data-end=\"435\"><strong data-start=\"133\" data-end=\"211\">Accoccolatevi con il vostro bambino in questo caldo coprigambe di lana di Zaffiro.<br \/>\n<\/strong><br data-start=\"211\" data-end=\"214\" \/>Realizzato interamente in pile di lupo naturale e di prima qualit\u00e0, \u00e8 adatto all'uso fino a 3 anni grazie all'intelligente prolunga. La parte inferiore, infatti, pu\u00f2 essere aperta e consente di regolare la lunghezza del coprigambe. Grazie alle aperture longitudinali per le cinture di sicurezza, questo coprigambe \u00e8 adatto sia ai sistemi di cinture a 3 e 5 punti, sia ai modelli con cinghie agganciate. Il coprigambe in lana Zaffiro \u00e8 lussuoso, caldo e confortevole. Con due strati di pile di lupo, offre un calore extra in inverno, mentre la parte superiore pu\u00f2 essere completamente chiusa con una zip per l'uso nelle stagioni pi\u00f9 calde. Cos\u00ec potrete essere certi che il vostro bambino sia a suo agio tutto l'anno. Scoprite tutti i dettagli e le specifiche qui sotto.<\/p>\n<p><strong>Marca: Zaffiro<\/strong><br \/>\n<strong>Produzione: Polonia<br \/>\nKeur: Oeko-Tex Standard<\/strong><\/p>\n<p><img loading=\"lazy\" decoding=\"async\" class=\"alignnone wp-image-28173 entered lazyloaded\" src=\"https:\/\/woolskins.eu\/wp-content\/uploads\/2024\/05\/csm_OEKO-TEX_Logo_2022_rgb_c1aaeb5ceb-300x300.jpg\" alt=\"\" width=\"89\" height=\"89\" data-lazy-src=\"https:\/\/woolskins.eu\/wp-content\/uploads\/2024\/05\/csm_OEKO-TEX_Logo_2022_rgb_c1aaeb5ceb-300x300.jpg\" data-ll-status=\"loaded\" srcset=\"https:\/\/woolskins.eu\/wp-content\/uploads\/2024\/05\/csm_OEKO-TEX_Logo_2022_rgb_c1aaeb5ceb-300x300.jpg 300w, https:\/\/woolskins.eu\/wp-content\/uploads\/2024\/05\/csm_OEKO-TEX_Logo_2022_rgb_c1aaeb5ceb-150x150.jpg 150w, https:\/\/woolskins.eu\/wp-content\/uploads\/2024\/05\/csm_OEKO-TEX_Logo_2022_rgb_c1aaeb5ceb-768x769.jpg 768w, https:\/\/woolskins.eu\/wp-content\/uploads\/2024\/05\/csm_OEKO-TEX_Logo_2022_rgb_c1aaeb5ceb-12x12.jpg 12w, https:\/\/woolskins.eu\/wp-content\/uploads\/2024\/05\/csm_OEKO-TEX_Logo_2022_rgb_c1aaeb5ceb-600x601.jpg 600w, https:\/\/woolskins.eu\/wp-content\/uploads\/2024\/05\/csm_OEKO-TEX_Logo_2022_rgb_c1aaeb5ceb-100x100.jpg 100w, https:\/\/woolskins.eu\/wp-content\/uploads\/2024\/05\/csm_OEKO-TEX_Logo_2022_rgb_c1aaeb5ceb-64x64.jpg 64w, https:\/\/woolskins.eu\/wp-content\/uploads\/2024\/05\/csm_OEKO-TEX_Logo_2022_rgb_c1aaeb5ceb.jpg 885w\" sizes=\"auto, (max-width: 89px) 100vw, 89px\" \/><\/p>","protected":false},"featured_media":25391,"comment_status":"closed","ping_status":"closed","template":"","meta":{"_acf_changed":false},"product_brand":[],"product_cat":[352,499,336,502],"product_tag":[],"class_list":{"0":"post-25379","1":"product","2":"type-product","3":"status-publish","4":"has-post-thumbnail","6":"product_cat-merken","7":"product_cat-new-arrivals","8":"product_cat-voetenzakken","9":"product_cat-zaffiro","11":"first","12":"instock","13":"taxable","14":"shipping-taxable","15":"purchasable","16":"product-type-simple"},"acf":[],"_links":{"self":[{"href":"https:\/\/woolskins.eu\/it\/wp-json\/wp\/v2\/product\/25379","targetHints":{"allow":["GET"]}}],"collection":[{"href":"https:\/\/woolskins.eu\/it\/wp-json\/wp\/v2\/product"}],"about":[{"href":"https:\/\/woolskins.eu\/it\/wp-json\/wp\/v2\/types\/product"}],"replies":[{"embeddable":true,"href":"https:\/\/woolskins.eu\/it\/wp-json\/wp\/v2\/comments?post=25379"}],"wp:featuredmedia":[{"embeddable":true,"href":"https:\/\/woolskins.eu\/it\/wp-json\/wp\/v2\/media\/25391"}],"wp:attachment":[{"href":"https:\/\/woolskins.eu\/it\/wp-json\/wp\/v2\/media?parent=25379"}],"wp:term":[{"taxonomy":"product_brand","embeddable":true,"href":"https:\/\/woolskins.eu\/it\/wp-json\/wp\/v2\/product_brand?post=25379"},{"taxonomy":"product_cat","embeddable":true,"href":"https:\/\/woolskins.eu\/it\/wp-json\/wp\/v2\/product_cat?post=25379"},{"taxonomy":"product_tag","embeddable":true,"href":"https:\/\/woolskins.eu\/it\/wp-json\/wp\/v2\/product_tag?post=25379"}],"curies":[{"name":"wp","href":"https:\/\/api.w.org\/{rel}","templated":true}]}}