{"id":25313,"date":"2025-06-17T11:15:29","date_gmt":"2025-06-17T11:15:29","guid":{"rendered":"https:\/\/woolskins.eu\/?post_type=product&#038;p=25313"},"modified":"2026-03-03T14:09:49","modified_gmt":"2026-03-03T14:09:49","slug":"coperta-multiuso-in-lana-zaffiro-infeltrita-beige","status":"publish","type":"product","link":"https:\/\/woolskins.eu\/it\/zaffiro-wollen-multifunctionele-wikkeldeken-felted-beige\/","title":{"rendered":"Zaffiro | Coperta di lana multifunzionale | Nocciola infeltrita"},"content":{"rendered":"<p data-start=\"265\" data-end=\"343\"><strong>Coperta di lana per neonati - Naturalmente calda e sicura con Zaffiro<\/strong><\/p>\n<p data-start=\"345\" data-end=\"628\">La coperta in lana Zaffiro \u00e8 la scelta ideale per i genitori che cercano una coperta naturale e traspirante. Questa versatile coperta per neonati \u00e8 adatta per essere utilizzata nel seggiolino auto, nella carrozzina, nella cesta di Mos\u00e8 o semplicemente a casa. Realizzata in lana di pecora naturale 100%, questa coperta avvolgente offre un'eccellente regolazione della temperatura. Le fibre di lana agiscono come un termostato naturale: tengono il bambino al caldo quando fa freddo e garantiscono che non si surriscaldi. Cos\u00ec il bambino rimarr\u00e0 sempre asciutto, comodo e alla giusta temperatura, in qualsiasi stagione. La lana \u00e8 naturalmente ipoallergenica, antibatterica e autopulente. Ci\u00f2 significa che la coperta neutralizza gli odori, respinge lo sporco e rimane igienica, senza bisogno di lavaggi frequenti. Grazie alle ingegnose aperture per le cinture, la coperta \u00e8 adatta a tutti i tipi di cinture di sicurezza dei seggiolini auto e delle carrozzine: facile e sicura da usare.<\/p>\n<p>- 100% lana vergine di prima qualit\u00e0, infeltrita a doppio strato.<br \/>\n- Adatto per 0-12 mesi.<br \/>\n\u2013 Coulisse nel colletto per proteggere la testa del bambino.<br \/>\n- Comode aperture per le cinghie di sicurezza (a 3 e 5 punti).<br \/>\n- lunghezza 112<span style=\"color: #000000;\"> cm x larghezza 112 cm.<\/span><br \/>\n\u2013 lavabile a 30\u00b0C programma lavaggio lana.<\/p>\n<p data-start=\"218\" data-end=\"276\"><strong>Informazioni su Zaffiro - Artigianato e connessione dal 1989<\/strong><\/p>\n<p data-start=\"278\" data-end=\"558\">Zaffiro \u00e8 un'azienda polacca a conduzione familiare che dal 1989 si dedica alla produzione di prodotti per neonati e bambini di alta qualit\u00e0. Esportata in oltre 40 Paesi in tutto il mondo, Zaffiro \u00e8 nota per i suoi prodotti che mettono al centro dell'attivit\u00e0 il legame tra genitori e figli, il comfort e la sicurezza. Il marchio \u00e8 stato fondato sulla convinzione che i primi momenti con il bambino siano fondamentali per creare un legame. Ecco perch\u00e9 Zaffiro sviluppa prodotti che supportano i genitori in questo periodo speciale, dalle fasce ergonomiche alle coperte in lana naturale. Combiniamo tradizioni secolari, come quella di portare il bambino \u2018cuore a cuore\u2019, con le intuizioni della moderna ricerca psicologica. In questo modo creiamo soluzioni pratiche, amorevoli e sicure per un inizio di vita al caldo.<\/p>","protected":false},"excerpt":{"rendered":"<p data-start=\"250\" data-end=\"343\"><strong data-start=\"254\" data-end=\"343\">Fascia di lana per neonati - adatta per casa, Maxi-Cosi, seggiolino auto e carrozzina (0-12 mesi)<\/strong><\/p>\n<p data-start=\"345\" data-end=\"573\">Questa fascia multiuso in lana di alta qualit\u00e0 \u00e8 perfetta per avvolgere in modo sicuro e caldo il neonato o il bambino fino a 12 mesi, sia in giro con la Maxi-Cosi, la carrozzina, la navicella o semplicemente a casa. Realizzata in lana di pecora naturale infeltrita 100%, questa fascia \u00e8 nota per le sue propriet\u00e0 traspiranti, termoregolatrici e ipoallergeniche. La lana trattiene molto bene il calore senza surriscaldare il bambino, assorbe facilmente il sudore e lo rende estremamente confortevole. Grazie alle pratiche aperture per le cinture a 3 e 5 punti, il telo pu\u00f2 essere facilmente agganciato a quasi tutti i seggiolini auto e alle carrozzine. In questo modo si combinano comfort e sicurezza ovunque ci si trovi.<\/p>\n<p data-start=\"1058\" data-end=\"1268\">L'involucro di lana \u00e8 ideale per la primavera, l'autunno e l'inverno. Molto adatta anche come regalo di maternit\u00e0 o per i genitori che apprezzano i materiali naturali e il comfort per il loro bambino.<\/p>\n<div class=\"woocommerce-product-details__short-description\">\n<p><strong>Marca: Zaffiro<\/strong><br \/>\n<strong>Produzione: Polonia<br \/>\nKeur: Oeko-Tex Standard<\/strong><\/p>\n<p><img loading=\"lazy\" decoding=\"async\" class=\"alignnone wp-image-28173 entered lazyloaded\" src=\"https:\/\/woolskins.eu\/wp-content\/uploads\/2024\/05\/csm_OEKO-TEX_Logo_2022_rgb_c1aaeb5ceb-300x300.jpg\" alt=\"\" width=\"89\" height=\"89\" data-lazy-src=\"https:\/\/woolskins.eu\/wp-content\/uploads\/2024\/05\/csm_OEKO-TEX_Logo_2022_rgb_c1aaeb5ceb-300x300.jpg\" data-ll-status=\"loaded\" srcset=\"https:\/\/woolskins.eu\/wp-content\/uploads\/2024\/05\/csm_OEKO-TEX_Logo_2022_rgb_c1aaeb5ceb-300x300.jpg 300w, https:\/\/woolskins.eu\/wp-content\/uploads\/2024\/05\/csm_OEKO-TEX_Logo_2022_rgb_c1aaeb5ceb-150x150.jpg 150w, https:\/\/woolskins.eu\/wp-content\/uploads\/2024\/05\/csm_OEKO-TEX_Logo_2022_rgb_c1aaeb5ceb-768x769.jpg 768w, https:\/\/woolskins.eu\/wp-content\/uploads\/2024\/05\/csm_OEKO-TEX_Logo_2022_rgb_c1aaeb5ceb-12x12.jpg 12w, https:\/\/woolskins.eu\/wp-content\/uploads\/2024\/05\/csm_OEKO-TEX_Logo_2022_rgb_c1aaeb5ceb-600x601.jpg 600w, https:\/\/woolskins.eu\/wp-content\/uploads\/2024\/05\/csm_OEKO-TEX_Logo_2022_rgb_c1aaeb5ceb-100x100.jpg 100w, https:\/\/woolskins.eu\/wp-content\/uploads\/2024\/05\/csm_OEKO-TEX_Logo_2022_rgb_c1aaeb5ceb-64x64.jpg 64w, https:\/\/woolskins.eu\/wp-content\/uploads\/2024\/05\/csm_OEKO-TEX_Logo_2022_rgb_c1aaeb5ceb.jpg 885w\" sizes=\"auto, (max-width: 89px) 100vw, 89px\" \/><\/p>\n<\/div>","protected":false},"featured_media":25316,"comment_status":"open","ping_status":"closed","template":"","meta":{"_acf_changed":false},"product_brand":[],"product_cat":[502,499,370,336,321],"product_tag":[],"class_list":{"0":"post-25313","1":"product","2":"type-product","3":"status-publish","4":"has-post-thumbnail","6":"product_cat-zaffiro","7":"product_cat-new-arrivals","8":"product_cat-slaapzakken","9":"product_cat-voetenzakken","10":"product_cat-wikkeldekens","12":"first","13":"instock","14":"taxable","15":"shipping-taxable","16":"purchasable","17":"product-type-simple"},"acf":[],"_links":{"self":[{"href":"https:\/\/woolskins.eu\/it\/wp-json\/wp\/v2\/product\/25313","targetHints":{"allow":["GET"]}}],"collection":[{"href":"https:\/\/woolskins.eu\/it\/wp-json\/wp\/v2\/product"}],"about":[{"href":"https:\/\/woolskins.eu\/it\/wp-json\/wp\/v2\/types\/product"}],"replies":[{"embeddable":true,"href":"https:\/\/woolskins.eu\/it\/wp-json\/wp\/v2\/comments?post=25313"}],"wp:featuredmedia":[{"embeddable":true,"href":"https:\/\/woolskins.eu\/it\/wp-json\/wp\/v2\/media\/25316"}],"wp:attachment":[{"href":"https:\/\/woolskins.eu\/it\/wp-json\/wp\/v2\/media?parent=25313"}],"wp:term":[{"taxonomy":"product_brand","embeddable":true,"href":"https:\/\/woolskins.eu\/it\/wp-json\/wp\/v2\/product_brand?post=25313"},{"taxonomy":"product_cat","embeddable":true,"href":"https:\/\/woolskins.eu\/it\/wp-json\/wp\/v2\/product_cat?post=25313"},{"taxonomy":"product_tag","embeddable":true,"href":"https:\/\/woolskins.eu\/it\/wp-json\/wp\/v2\/product_tag?post=25313"}],"curies":[{"name":"wp","href":"https:\/\/api.w.org\/{rel}","templated":true}]}}