{"id":24648,"date":"2025-03-18T14:14:01","date_gmt":"2025-03-18T14:14:01","guid":{"rendered":"https:\/\/woolskins.eu\/?post_type=product&#038;p=24648"},"modified":"2026-05-14T01:02:27","modified_gmt":"2026-05-14T01:02:27","slug":"materasso-di-lana-per-tavola-dequilibrio","status":"publish","type":"product","link":"https:\/\/woolskins.eu\/it\/wollen-matras-voor-balance-board\/","title":{"rendered":"Materasso in lana per Balance Board + cuscino in omaggio | Antracite\/Nero"},"content":{"rendered":"<p>Trasformate la vostra Balance Board in un accogliente nido con il nostro morbido materasso di lana!<\/p>\n<p>Trasformate la Balance Board del vostro bambino in un comodo luogo di gioco e di riposo con il nostro materasso e cuscino in lana. Questo materassino, morbido e confortevole, \u00e8 il complemento perfetto per la Balance Board ed \u00e8 dotato di un'imbottitura soffice che fa s\u00ec che il bambino si diverta ancora di pi\u00f9 con questo giocattolo versatile.<\/p>\n<p>Dimensioni: 28 cm x 70 cm.<\/p>\n<p>Caratteristiche:<\/p>\n<p>* Extra comfort: il morbido materasso offre una superficie confortevole e assorbe istantaneamente il calore corporeo, ideale per sdraiarsi, sedersi o coccolarsi.<\/p>\n<p>* Sicuro e di sostegno: il materasso offre un supporto extra per la schiena e il collo del bambino, rendendolo sicuro e comodo da usare.<\/p>\n<p>* Vestibilit\u00e0 perfetta: progettato appositamente per adattarsi perfettamente alla Balance Board, con comodi elastici che mantengono il materasso saldamente sulla Balance Board.....<\/p>\n<p>* Materiali di alta qualit\u00e0: il top \u00e8 realizzato in lana morbida, traspirante e adatta ai bambini, sicura e salutare per la pelle sensibile.<\/p>\n<p>* Uso versatile: oltre a essere utilizzato sulla balance board, il materassino pu\u00f2 essere usato anche come tappeto da gioco.<\/p>\n<p>Vantaggi per il bambino:<\/p>\n<p>* Stimola i sensi e lo sviluppo motorio<\/p>\n<p>* Promuove l'equilibrio e la coordinazione<\/p>\n<p>* Fornisce un'area di gioco sicura e confortevole<\/p>\n<p>* Stimola l'immaginazione e la creativit\u00e0<\/p>\n<p>Ideale per:<\/p>\n<p>* Bambini e neonati che imparano a stare in equilibrio<\/p>\n<p>* Bambini che cercano un'area di gioco confortevole<\/p>\n<p>* Genitori che desiderano offrire ai propri figli un ambiente sicuro e stimolante.<\/p>\n<p>Completate la Balance Board con il nostro morbido materasso in lana e regalate al vostro bambino ore di divertimento e comfort!<\/p>","protected":false},"excerpt":{"rendered":"<p>Trasformate la vostra Balance Board in un accogliente luogo di riposo con il nostro morbido materasso di lana!<\/p>\n<p>Trasformate la Balance Board del vostro bambino in un comodo luogo di gioco e di riposo con il nostro materasso e cuscino in lana. Questo materassino, morbido e confortevole, \u00e8 il complemento perfetto per la Balance Board ed \u00e8 dotato di un'imbottitura soffice che fa s\u00ec che il bambino si diverta ancora di pi\u00f9 con questo giocattolo versatile.<\/p>\n<p>Completate la vostra Balance Board con il nostro morbido materasso in lana e regalate al vostro bambino ore di divertimento e comfort!<\/p>\n<p>Dimensioni: 28 cm x 70 cm (adatto ad esempio per un Wobbel Starter)<\/p>","protected":false},"featured_media":24654,"comment_status":"open","ping_status":"closed","template":"","meta":{"_acf_changed":false},"product_brand":[],"product_cat":[363],"product_tag":[],"class_list":{"0":"post-24648","1":"product","2":"type-product","3":"status-publish","4":"has-post-thumbnail","6":"product_cat-cadeaus-e25-e50","8":"first","9":"outofstock","10":"taxable","11":"shipping-taxable","12":"purchasable","13":"product-type-simple"},"acf":[],"_links":{"self":[{"href":"https:\/\/woolskins.eu\/it\/wp-json\/wp\/v2\/product\/24648","targetHints":{"allow":["GET"]}}],"collection":[{"href":"https:\/\/woolskins.eu\/it\/wp-json\/wp\/v2\/product"}],"about":[{"href":"https:\/\/woolskins.eu\/it\/wp-json\/wp\/v2\/types\/product"}],"replies":[{"embeddable":true,"href":"https:\/\/woolskins.eu\/it\/wp-json\/wp\/v2\/comments?post=24648"}],"wp:featuredmedia":[{"embeddable":true,"href":"https:\/\/woolskins.eu\/it\/wp-json\/wp\/v2\/media\/24654"}],"wp:attachment":[{"href":"https:\/\/woolskins.eu\/it\/wp-json\/wp\/v2\/media?parent=24648"}],"wp:term":[{"taxonomy":"product_brand","embeddable":true,"href":"https:\/\/woolskins.eu\/it\/wp-json\/wp\/v2\/product_brand?post=24648"},{"taxonomy":"product_cat","embeddable":true,"href":"https:\/\/woolskins.eu\/it\/wp-json\/wp\/v2\/product_cat?post=24648"},{"taxonomy":"product_tag","embeddable":true,"href":"https:\/\/woolskins.eu\/it\/wp-json\/wp\/v2\/product_tag?post=24648"}],"curies":[{"name":"wp","href":"https:\/\/api.w.org\/{rel}","templated":true}]}}