{"id":24566,"date":"2025-03-05T11:05:47","date_gmt":"2025-03-05T11:05:47","guid":{"rendered":"https:\/\/woolskins.eu\/?post_type=product&#038;p=24566"},"modified":"2026-04-15T11:27:04","modified_gmt":"2026-04-15T11:27:04","slug":"pantaloni-in-lana-baby-100-lana-merino-rosa-pallido","status":"publish","type":"product","link":"https:\/\/woolskins.eu\/it\/wollen-babybroekje-100-merinowol-vaalroze\/","title":{"rendered":"Pantalone in lana baby 100% Lana merino | rosa pallido"},"content":{"rendered":"<p data-start=\"261\" data-end=\"352\"><strong data-start=\"261\" data-end=\"352\">Morbidi, caldi e naturali: i pantaloni di lana per neonati che renderanno felici voi e il vostro bambino<\/strong><\/p>\n<p data-start=\"354\" data-end=\"626\">Immaginate il vostro bambino che si rotola, gattona o dorme in pace, meravigliosamente caldo e avvolto dalla lana pi\u00f9 morbida che possiate immaginare. Questo <em data-start=\"494\" data-end=\"515\">pantaloni di lana per bambini<\/em>, in lana merino italiana 100%, \u00e8 come una seconda pelle: morbida, traspirante e del tutto naturale.<\/p>\n<p data-start=\"628\" data-end=\"924\">Per questi pantaloncini \u00e8 stata utilizzata solo la migliore lana merino d'Europa, proveniente dall'Italia. La lana merino \u00e8 nota non solo per la sua morbidezza, ma anche per le sue propriet\u00e0 termoregolatrici: calda in inverno, fresca in estate. Cos\u00ec il bambino si sente sempre a suo agio, senza sudare o raffreddarsi.<\/p>\n<p data-start=\"926\" data-end=\"958\">Cosa rende questi pantaloncini speciali:<\/p>\n<ul data-start=\"959\" data-end=\"1402\">\n<li data-start=\"959\" data-end=\"1050\">\n<p data-start=\"961\" data-end=\"1050\"><strong data-start=\"961\" data-end=\"980\">Morbido ed elastico<\/strong> - nessun solletico, ma pura morbidezza per la pelle delicata del bambino<\/p>\n<\/li>\n<li data-start=\"1051\" data-end=\"1142\">\n<p data-start=\"1053\" data-end=\"1142\"><strong data-start=\"1053\" data-end=\"1089\">Traspirante e termoregolatore<\/strong> - il bambino rimane asciutto e al riparo, giorno e notte<\/p>\n<\/li>\n<li data-start=\"1143\" data-end=\"1223\">\n<p data-start=\"1145\" data-end=\"1223\"><strong data-start=\"1145\" data-end=\"1162\">Autopulente<\/strong> - Spesso \u00e8 sufficiente una rapida aerazione, ideale per le giornate pi\u00f9 impegnative.<\/p>\n<\/li>\n<li data-start=\"1224\" data-end=\"1312\">\n<p data-start=\"1226\" data-end=\"1312\"><strong data-start=\"1226\" data-end=\"1258\">Realizzato con amore in Europa<\/strong> - sostenibile, rispettoso degli animali e prodotto in modo equo<\/p>\n<\/li>\n<li data-start=\"1313\" data-end=\"1402\">\n<p data-start=\"1315\" data-end=\"1402\"><strong data-start=\"1315\" data-end=\"1341\">Estensibile e confortevole<\/strong> - in modo che il vostro piccolo possa muoversi, scoprire e crescere liberamente<\/p>\n<\/li>\n<\/ul>\n<p data-start=\"1404\" data-end=\"1573\">Che si tratti di un primo outfit per il neonato o di un pantalone familiare per chi sta gattonando, questi pantaloni in lana per neonati si adattano senza sforzo a ogni fase.<\/p>\n<p data-start=\"1575\" data-end=\"1885\"><strong data-start=\"1575\" data-end=\"1618\">Perch\u00e9 scegliere capi di abbigliamento per neonati in lana?<\/strong><br data-start=\"1618\" data-end=\"1621\" \/>La lana \u00e8 una meraviglia della natura. \u00c8 antibatterica, blocca i cattivi odori e non ha bisogno di essere lavata. E forse la cosa migliore \u00e8 che la lana respira. Ci\u00f2 significa che il vostro bambino avr\u00e0 sempre il giusto calore senza surriscaldarsi.<\/p>\n<p data-start=\"1887\" data-end=\"2016\">I pantaloni di lana per bambini non sono un lusso superfluo, ma una scelta consapevole per il comfort, la salute e la convenienza, per voi e per il vostro bambino.<\/p>\n<p data-start=\"2018\" data-end=\"2152\"><strong data-start=\"2018\" data-end=\"2045\">Un consiglio da altre mamme:<\/strong> Abbinate gli shorts a un pagliaccetto o a un cardigan di lana e scoprite voi stessi perch\u00e9 la lana \u00e8 cos\u00ec popolare.<\/p>","protected":false},"excerpt":{"rendered":"<p><strong data-start=\"165\" data-end=\"238\">Pantaloni da bambino in lana merino 100% - morbidi, traspiranti e naturali<\/strong><br data-start=\"238\" data-end=\"241\" \/>Questo fine <em data-start=\"251\" data-end=\"272\">pantaloni di lana per bambini<\/em> \u00e8 realizzato in morbidissima lana merino proveniente dall'Italia. La lana \u00e8 traspirante, termoregolatrice e perfetta per la pelle sensibile del bambino. Caldo in inverno, fresco in estate: ideale per ogni stagione. Grazie alla sua naturale elasticit\u00e0, i pantaloni si adattano bene senza stringere, permettendo al bambino di muoversi liberamente. Prodotto in Europa con amore e attenzione per le persone, gli animali e la natura. Disponibile in quattro colori, ecru, beige, grigio chiaro e rosa pallido nelle taglie 2-6 mesi. &amp; 6-12 mesi.<\/p>\n<p><strong>Marca: Woolskin<\/strong><br \/>\n<strong>Prodotto: Polonia<\/strong><\/p>","protected":false},"featured_media":24561,"comment_status":"open","ping_status":"closed","template":"","meta":{"_acf_changed":false},"product_brand":[],"product_cat":[360,364,200,499,322,344,194],"product_tag":[],"class_list":{"0":"post-24566","1":"product","2":"type-product","3":"status-publish","4":"has-post-thumbnail","6":"product_cat-cadeautips","7":"product_cat-cadeaus-vanaf-e50","8":"product_cat-wollen-babykleding","9":"product_cat-new-arrivals","10":"product_cat-broekjes","11":"product_cat-kleertjes","12":"product_cat-wollen-babyproducten","13":"pa_maat-2-6-maanden","14":"pa_maat-6-12-maanden","16":"first","17":"instock","18":"taxable","19":"shipping-taxable","20":"purchasable","21":"product-type-variable"},"acf":[],"_links":{"self":[{"href":"https:\/\/woolskins.eu\/it\/wp-json\/wp\/v2\/product\/24566","targetHints":{"allow":["GET"]}}],"collection":[{"href":"https:\/\/woolskins.eu\/it\/wp-json\/wp\/v2\/product"}],"about":[{"href":"https:\/\/woolskins.eu\/it\/wp-json\/wp\/v2\/types\/product"}],"replies":[{"embeddable":true,"href":"https:\/\/woolskins.eu\/it\/wp-json\/wp\/v2\/comments?post=24566"}],"wp:featuredmedia":[{"embeddable":true,"href":"https:\/\/woolskins.eu\/it\/wp-json\/wp\/v2\/media\/24561"}],"wp:attachment":[{"href":"https:\/\/woolskins.eu\/it\/wp-json\/wp\/v2\/media?parent=24566"}],"wp:term":[{"taxonomy":"product_brand","embeddable":true,"href":"https:\/\/woolskins.eu\/it\/wp-json\/wp\/v2\/product_brand?post=24566"},{"taxonomy":"product_cat","embeddable":true,"href":"https:\/\/woolskins.eu\/it\/wp-json\/wp\/v2\/product_cat?post=24566"},{"taxonomy":"product_tag","embeddable":true,"href":"https:\/\/woolskins.eu\/it\/wp-json\/wp\/v2\/product_tag?post=24566"}],"curies":[{"name":"wp","href":"https:\/\/api.w.org\/{rel}","templated":true}]}}