{"id":23459,"date":"2025-01-17T15:10:01","date_gmt":"2025-01-17T15:10:01","guid":{"rendered":"https:\/\/woolskins.eu\/?post_type=product&#038;p=23459"},"modified":"2026-04-16T09:16:06","modified_gmt":"2026-04-16T09:16:06","slug":"coperta-di-lana-per-bambini-100-lana-merino-beige","status":"publish","type":"product","link":"https:\/\/woolskins.eu\/it\/wollen-babydeken-100-merinowol-beige\/","title":{"rendered":"Gebreide Merinowollen Babydeken \u2013 100% merinowol | Hazelnoot"},"content":{"rendered":"<p data-start=\"233\" data-end=\"311\"><strong data-start=\"233\" data-end=\"311\">Accogliente, calda e pura natura: la coperta per culla in lana che far\u00e0 sognare il vostro bambino.<\/strong><\/p>\n<p data-start=\"313\" data-end=\"644\">Immaginate che il vostro piccolo sia morbido e al sicuro sotto una coperta che sembra un abbraccio affettuoso. Questo <em data-start=\"423\" data-end=\"441\">coperta per culla in lana<\/em> \u00e8 realizzata in morbida lana merino italiana 100%, appositamente selezionata per la sua massima morbidezza e traspirabilit\u00e0. \u00c8 la coperta ideale per i pi\u00f9 piccoli che meritano comfort e calore.<\/p>\n<p data-start=\"646\" data-end=\"903\">La lana Merino proveniente dall'Europa \u00e8 naturalmente termoregolatrice, quindi il vostro bambino non avr\u00e0 mai troppo caldo o troppo freddo. La coperta da culla in lana allontana l'umidit\u00e0 dalla pelle e traspira molto bene, per cui il bambino pu\u00f2 dormire serenamente senza sudare o avere i brividi.<\/p>\n<p data-start=\"905\" data-end=\"949\">Cosa rende questa coperta di lana per bambini cos\u00ec speciale:<\/p>\n<ul data-start=\"950\" data-end=\"1386\">\n<li data-start=\"950\" data-end=\"1034\">\n<p data-start=\"952\" data-end=\"1034\"><strong data-start=\"952\" data-end=\"985\">Morbidissimo e delicato sulla pelle<\/strong> - Adatto alle pelli pi\u00f9 sensibili dei bambini<\/p>\n<\/li>\n<li data-start=\"1035\" data-end=\"1117\">\n<p data-start=\"1037\" data-end=\"1117\"><strong data-start=\"1037\" data-end=\"1073\">Termoregolatore e traspirante<\/strong> - mantiene il bambino al caldo in ogni stagione<\/p>\n<\/li>\n<li data-start=\"1118\" data-end=\"1195\">\n<p data-start=\"1120\" data-end=\"1195\"><strong data-start=\"1120\" data-end=\"1151\">Autopulente e resistente agli odori<\/strong> - facile da curare e sempre fresco<\/p>\n<\/li>\n<li data-start=\"1196\" data-end=\"1293\">\n<p data-start=\"1198\" data-end=\"1293\"><strong data-start=\"1198\" data-end=\"1231\">Sostenibile e rispettoso dell'ambiente<\/strong> - prodotto equamente in Europa nel rispetto degli animali e della natura<\/p>\n<\/li>\n<li data-start=\"1294\" data-end=\"1386\">\n<p data-start=\"1296\" data-end=\"1386\"><strong data-start=\"1296\" data-end=\"1318\">Leggero ma caldo<\/strong> - perfetto per avvolgere il bambino o per metterlo sopra la culla<\/p>\n<\/li>\n<\/ul>\n<p data-start=\"1388\" data-end=\"1587\">Per una notte tranquilla, per un pisolino pomeridiano o per avvolgere delicatamente il bambino durante una passeggiata, questa coperta da culla in lana offre calore e comfort in modo naturale e morbido.<\/p>\n<p data-start=\"1589\" data-end=\"1915\"><strong data-start=\"1589\" data-end=\"1633\">Perch\u00e9 scegliere una coperta di lana per neonati?<\/strong><br data-start=\"1633\" data-end=\"1636\" \/>La lana \u00e8 una delle scelte pi\u00f9 intelligenti per quanto riguarda i tessuti per bambini. \u00c8 antibatterica, blocca i cattivi odori e richiede lavaggi molto meno frequenti rispetto alle coperte sintetiche. Grazie alla resilienza della lana merino, mantiene la sua forma e le sue propriet\u00e0 isolanti anche dopo un uso frequente.<\/p>\n<p data-start=\"1917\" data-end=\"2050\"><strong data-start=\"1917\" data-end=\"1925\">Mancia:<\/strong> Combinate questa coperta da culla in lana con un pantalone o un maglione di lana abbinato per ottenere un set naturale e morbido.<\/p>","protected":false},"excerpt":{"rendered":"<p><strong data-start=\"95\" data-end=\"170\">Coperta di lana per culla di 100% Lana merino italiana - morbida, calda e traspirante<\/strong><br data-start=\"170\" data-end=\"173\" \/>Questo accogliente\u00a0<em data-start=\"184\" data-end=\"202\">coperta per culla in lana<\/em>\u00a0\u00e8 realizzato in morbida lana merino proveniente dall'Italia. \u00c8 traspirante, termoregolatore e ideale per la pelle sensibile del bambino. Leggero, molto maneggevole e multiuso, \u00e8 perfetto per tenere il bambino al sicuro tutto l'anno, a casa o in viaggio. Resistente e prodotto con cura in Europa. Disponibile nel formato 75 x 100 cm<\/p>\n<p><strong>Marca: Woolskin<\/strong><br \/>\n<strong>Produzione: Polonia<\/strong><\/p>","protected":false},"featured_media":23729,"comment_status":"open","ping_status":"closed","template":"","meta":{"_acf_changed":false},"product_brand":[],"product_cat":[360,364,499,196,318,194],"product_tag":[],"class_list":{"0":"post-23459","1":"product","2":"type-product","3":"status-publish","4":"has-post-thumbnail","6":"product_cat-cadeautips","7":"product_cat-cadeaus-vanaf-e50","8":"product_cat-new-arrivals","9":"product_cat-slaapkleding-baby","10":"product_cat-wollen-wiegdeken-ledikantdeken","11":"product_cat-wollen-babyproducten","12":"pa_maat-2-6-maanden","13":"pa_maat-6-12-maanden","15":"first","16":"outofstock","17":"taxable","18":"shipping-taxable","19":"purchasable","20":"product-type-simple"},"acf":[],"_links":{"self":[{"href":"https:\/\/woolskins.eu\/it\/wp-json\/wp\/v2\/product\/23459","targetHints":{"allow":["GET"]}}],"collection":[{"href":"https:\/\/woolskins.eu\/it\/wp-json\/wp\/v2\/product"}],"about":[{"href":"https:\/\/woolskins.eu\/it\/wp-json\/wp\/v2\/types\/product"}],"replies":[{"embeddable":true,"href":"https:\/\/woolskins.eu\/it\/wp-json\/wp\/v2\/comments?post=23459"}],"wp:featuredmedia":[{"embeddable":true,"href":"https:\/\/woolskins.eu\/it\/wp-json\/wp\/v2\/media\/23729"}],"wp:attachment":[{"href":"https:\/\/woolskins.eu\/it\/wp-json\/wp\/v2\/media?parent=23459"}],"wp:term":[{"taxonomy":"product_brand","embeddable":true,"href":"https:\/\/woolskins.eu\/it\/wp-json\/wp\/v2\/product_brand?post=23459"},{"taxonomy":"product_cat","embeddable":true,"href":"https:\/\/woolskins.eu\/it\/wp-json\/wp\/v2\/product_cat?post=23459"},{"taxonomy":"product_tag","embeddable":true,"href":"https:\/\/woolskins.eu\/it\/wp-json\/wp\/v2\/product_tag?post=23459"}],"curies":[{"name":"wp","href":"https:\/\/api.w.org\/{rel}","templated":true}]}}