{"id":23107,"date":"2024-12-20T11:25:25","date_gmt":"2024-12-20T11:25:25","guid":{"rendered":"https:\/\/woolskins.eu\/?post_type=product&#038;p=23107"},"modified":"2025-12-04T14:54:10","modified_gmt":"2025-12-04T14:54:10","slug":"tuta-invernale-in-lana-per-neonato-in-noce-sbiancato","status":"publish","type":"product","link":"https:\/\/woolskins.eu\/it\/wollen-baby-winterpak-thumbled-walnoot\/","title":{"rendered":"Tuta invernale in lana per neonati | Teddy Nocciola"},"content":{"rendered":"<p>Questo prodotto ha il marchio di qualit\u00e0 Safe for Children e Woolmark. Questo abito invernale si indossa sopra gli indumenti, quindi tienilo in considerazione quando scegli la taglia corretta.<\/p>\n<p>- 100% in lana vergine elasticizzata, etichetta Woolmark.<br \/>\n\u2013 Guanti e piedini integrati nella manica e nella gamba.<br \/>\n\u2013 L&#039;apertura continua nel tubo.<br \/>\n\u2013 Guarda &#039;Taglie in centimetri&#039; per la misura corretta in cm.<\/p>\n<p>Le nostre tute invernali in Eco Lana sono molto adatte ai pi\u00f9 piccoli grazie alle propriet\u00e0 naturali delle fibre di lana. Questi respirano e hanno la propriet\u00e0 di agire come un termostato naturale che regola la temperatura corporea? Questo aiuta il tuo bambino a mantenere una temperatura stabile e lo mantiene asciutto e comodo.<\/p>\n<p data-start=\"63\" data-end=\"427\"><strong data-start=\"63\" data-end=\"83\">Istruzioni per il lavaggio<\/strong><\/p>\n<p data-start=\"63\" data-end=\"427\">Per mantenere questo tessuto di lana Teddy bello e morbido, si consiglia di lavarlo a mano a una temperatura massima di 30\u00b0C. Nel farlo, procedere con cautela e utilizzare un detergente delicato per lana. Evitare la candeggina, la stiratura, l'asciugatrice e la centrifuga. Lasciare asciugare il tessuto in piano per preservarne la forma. \u00c8 possibile anche il lavaggio a secco.<\/p>\n<p data-start=\"429\" data-end=\"552\">\u2728 <strong data-start=\"431\" data-end=\"439\">Mancia:<\/strong> La lana non ha bisogno di essere lavata spesso. Una rapida aerazione all'esterno \u00e8 spesso sufficiente per mantenere il tessuto fresco.<\/p>\n<p data-start=\"554\" data-end=\"817\">\ud83c\udf3f <strong data-start=\"557\" data-end=\"588\">Perch\u00e9 la lana \u00e8 speciale: <\/strong>La lana \u00e8 naturalmente autopulente e repellente allo sporco. Gli odori scompaiono semplicemente arieggiando il tessuto e lo sporco aderisce meno facilmente rispetto ad altri materiali. Cos\u00ec il vostro tessuto di lana rimane fresco pi\u00f9 a lungo, senza bisogno di molta manutenzione.<\/p>\n<h5 class=\"Text1893342656__root Text1893342656---typography-11-runningText Text1893342656---priority-7-primary s8gg2 _2UIKs InfoSectionTitle3095652555__root\" aria-hidden=\"false\" data-hook=\"info-section-title\">Dimensioni in centimetri<\/h5>\n<div class=\"rah-static rah-static--height-auto\" aria-hidden=\"false\">\n<div>\n<div class=\"_1yvxJ fggS- cell\">\n<div class=\"WncCi\" data-hook=\"info-section-description\">\n<p>Taglia: 0-6 mesi Lunghezza: 60 cm (dalla spalla al fondo) Larghezza: 30 cm (ascella).<br \/>\nTaglia: 6-18 mesi Lunghezza: 68 cm (dalla spalla al fondo) Larghezza: 33 cm (ascella).<\/p>\n<\/div>\n<\/div>\n<\/div>\n<\/div>","protected":false},"excerpt":{"rendered":"<p>Questa tuta invernale in lana elasticizzata \u00e8 molto comoda e calda. Realizzata in lana 100% per un bambino ancora pi\u00f9 felice. Assicura che il vostro bambino sia pronto per uscire. L'apertura \u00e8 abbastanza ampia da permettere al bambino di entrare e uscire facilmente. Grazie alle pratiche coperture su mani e piedi, il bambino non si raffredda. Questo costume \u00e8 adatto per la primavera, l'inverno e l'autunno. Grazie alle propriet\u00e0 assorbenti della lana, il bambino non suder\u00e0 facilmente. (Le immagini si riferiscono alla versione beige).<\/p>\n<p><strong>Marca: Woolskin<\/strong><br \/>\n<strong>Produzione: Polonia<\/strong><\/p>","protected":false},"featured_media":23111,"comment_status":"closed","ping_status":"closed","template":"","meta":{"_acf_changed":false},"product_brand":[],"product_cat":[200,196,344,463,319,194],"product_tag":[],"class_list":{"0":"post-23107","1":"product","2":"type-product","3":"status-publish","4":"has-post-thumbnail","6":"product_cat-wollen-babykleding","7":"product_cat-slaapkleding-baby","8":"product_cat-kleertjes","9":"product_cat-winterpak","10":"product_cat-pakjes-en-jasjes","11":"product_cat-wollen-babyproducten","12":"pa_maat-0-6-maanden","13":"pa_maat-6-18-maanden","15":"first","16":"instock","17":"taxable","18":"shipping-taxable","19":"purchasable","20":"product-type-variable"},"acf":[],"_links":{"self":[{"href":"https:\/\/woolskins.eu\/it\/wp-json\/wp\/v2\/product\/23107","targetHints":{"allow":["GET"]}}],"collection":[{"href":"https:\/\/woolskins.eu\/it\/wp-json\/wp\/v2\/product"}],"about":[{"href":"https:\/\/woolskins.eu\/it\/wp-json\/wp\/v2\/types\/product"}],"replies":[{"embeddable":true,"href":"https:\/\/woolskins.eu\/it\/wp-json\/wp\/v2\/comments?post=23107"}],"wp:featuredmedia":[{"embeddable":true,"href":"https:\/\/woolskins.eu\/it\/wp-json\/wp\/v2\/media\/23111"}],"wp:attachment":[{"href":"https:\/\/woolskins.eu\/it\/wp-json\/wp\/v2\/media?parent=23107"}],"wp:term":[{"taxonomy":"product_brand","embeddable":true,"href":"https:\/\/woolskins.eu\/it\/wp-json\/wp\/v2\/product_brand?post=23107"},{"taxonomy":"product_cat","embeddable":true,"href":"https:\/\/woolskins.eu\/it\/wp-json\/wp\/v2\/product_cat?post=23107"},{"taxonomy":"product_tag","embeddable":true,"href":"https:\/\/woolskins.eu\/it\/wp-json\/wp\/v2\/product_tag?post=23107"}],"curies":[{"name":"wp","href":"https:\/\/api.w.org\/{rel}","templated":true}]}}