{"id":22613,"date":"2024-11-22T13:13:00","date_gmt":"2024-11-22T13:13:00","guid":{"rendered":"https:\/\/woolskins.eu\/?post_type=product&#038;p=22613"},"modified":"2026-04-08T13:58:11","modified_gmt":"2026-04-08T13:58:11","slug":"coprigambe-in-lana-carrozzina-passeggino-infeltrito-grigio-chiaro-copia","status":"publish","type":"product","link":"https:\/\/woolskins.eu\/it\/wollen-voetenzak-kinderwagen-buggy-felted-lichtgrijs-kopie\/","title":{"rendered":"Wollen Voetenzak Bakigo &#8211; Slaapzak voor Buggy en Kinderwagen | Felted Lichtgrijs \/ Donkere stiksel"},"content":{"rendered":"<p>I nostri coprigambe Eco Wool per passeggino e Maxi-Cosi sono molto adatti ai pi\u00f9 piccoli grazie alle propriet\u00e0 naturali delle fibre di lana. Questi respirano e hanno la propriet\u00e0 di agire come un termostato naturale che regola la temperatura corporea? Questo aiuta il tuo bambino a mantenere una temperatura stabile e lo mantiene asciutto e comodo. Questo prodotto ha il marchio di qualit\u00e0 Safe for Children e Woolmark.<\/p>\n<p>\u2013 5 cm pi\u00f9 lungo, rendendolo utilizzabile pi\u00f9 a lungo.<br \/>\n\u2013 100% lana vergine, marchio di qualit\u00e0 Woolmark.<br \/>\n\u2013 Per la casa e in viaggio.<br \/>\n\u2013 Aperture per le cinture di sicurezza (5 punti).<br \/>\n- lunghezza 90 cm x larghezza 45 cm.<br \/>\n\u2013 lavabile a 30\u00b0C programma lavaggio lana.<\/p>\n<h5>Etichetta di pelli di lana<\/h5>\n<p>Dopo anni di collaborazione di successo con Alwero, possiamo annunciare con orgoglio che ora portiamo i nostri prodotti sotto la nostra etichetta Woolskins.<\/p>\n<p>In questo modo ottieni comunque la migliore qualit\u00e0, ma combinata con i prodotti e i design pi\u00f9 belli e unici.<\/p>\n<p>La qualit\u00e0 dei tessuti e dei colori rimane quella di sempre, ma ora c&#039;\u00e8 una scelta pi\u00f9 ampia che secondo Woolskins pu\u00f2 distinguersi.<\/p>\n<p>La nostra ampia collezione \u00e8 composta in modo tale da costituire una buona aggiunta a qualsiasi set per neonati, realizzata in lana europea 100% che respira ed \u00e8 adatta ad ogni stagione.<\/p>\n<p>Uniamo con entusiasmo le forze per creare un prodotto sostenibile, naturale e confortevole per il tuo bambino.<\/p>","protected":false},"excerpt":{"rendered":"<p>Accoccolatevi con il vostro bambino in questo caldo coprigambe di lana con cuciture scure di Woolskins per carrozzina e passeggino. Woolskins ha allungato questo coprigambe di 5 cm per poterlo usare pi\u00f9 a lungo e ha anche un'apertura pi\u00f9 grande per la tromba di sicurezza. \u00c8 perfetto per il passeggino e fa parte di ogni kit per bambini. La lana assume immediatamente la temperatura del bambino e la mantiene senza farlo sudare. Grazie alle buone qualit\u00e0 della lana, il vostro bambino sar\u00e0 caldo e comodo. Il copripiedi Woolskins Bakigo pu\u00f2 essere utilizzato tutto l'anno, ma \u00e8 preferibile utilizzarlo in primavera, inverno e autunno. Potete essere certi che il vostro bambino star\u00e0 bene e al caldo con il coprigambe Woolskins.<\/p>\n<p><strong>Marca: Woolskin<\/strong><br \/>\n<strong>Produzione: Polonia<\/strong><\/p>\n<p>&nbsp;<\/p>","protected":false},"featured_media":22614,"comment_status":"closed","ping_status":"closed","template":"","meta":{"_acf_changed":false},"product_brand":[],"product_cat":[361,360,364,196,336,194],"product_tag":[],"class_list":{"0":"post-22613","1":"product","2":"type-product","3":"status-publish","4":"has-post-thumbnail","6":"product_cat-babyshower","7":"product_cat-cadeautips","8":"product_cat-cadeaus-vanaf-e50","9":"product_cat-slaapkleding-baby","10":"product_cat-voetenzakken","11":"product_cat-wollen-babyproducten","13":"first","14":"instock","15":"taxable","16":"shipping-taxable","17":"purchasable","18":"product-type-simple"},"acf":[],"_links":{"self":[{"href":"https:\/\/woolskins.eu\/it\/wp-json\/wp\/v2\/product\/22613","targetHints":{"allow":["GET"]}}],"collection":[{"href":"https:\/\/woolskins.eu\/it\/wp-json\/wp\/v2\/product"}],"about":[{"href":"https:\/\/woolskins.eu\/it\/wp-json\/wp\/v2\/types\/product"}],"replies":[{"embeddable":true,"href":"https:\/\/woolskins.eu\/it\/wp-json\/wp\/v2\/comments?post=22613"}],"wp:featuredmedia":[{"embeddable":true,"href":"https:\/\/woolskins.eu\/it\/wp-json\/wp\/v2\/media\/22614"}],"wp:attachment":[{"href":"https:\/\/woolskins.eu\/it\/wp-json\/wp\/v2\/media?parent=22613"}],"wp:term":[{"taxonomy":"product_brand","embeddable":true,"href":"https:\/\/woolskins.eu\/it\/wp-json\/wp\/v2\/product_brand?post=22613"},{"taxonomy":"product_cat","embeddable":true,"href":"https:\/\/woolskins.eu\/it\/wp-json\/wp\/v2\/product_cat?post=22613"},{"taxonomy":"product_tag","embeddable":true,"href":"https:\/\/woolskins.eu\/it\/wp-json\/wp\/v2\/product_tag?post=22613"}],"curies":[{"name":"wp","href":"https:\/\/api.w.org\/{rel}","templated":true}]}}