{"id":22605,"date":"2024-11-22T12:24:52","date_gmt":"2024-11-22T12:24:52","guid":{"rendered":"https:\/\/woolskins.eu\/?post_type=product&#038;p=22605"},"modified":"2026-04-08T13:55:26","modified_gmt":"2026-04-08T13:55:26","slug":"sacco-a-pelo-in-lana-per-passeggino-e-carrozzina-beige-infeltrito-con-cuciture-scure","status":"publish","type":"product","link":"https:\/\/woolskins.eu\/it\/wollen-voetenzak-slaapzak-voor-buggy-en-kinderwagen-buggy-beige-felted-donkere-stiksel\/","title":{"rendered":"Wollen Voetenzak Bakigo &#8211; Slaapzak voor Buggy en Kinderwagen | Beige Felted \/ donkere stiksel"},"content":{"rendered":"<p data-start=\"152\" data-end=\"216\"><strong data-start=\"152\" data-end=\"214\">Delizioso copripiedi in lana per il vostro bambino - Woolskins Bakigo<\/strong><\/p>\n<p data-start=\"218\" data-end=\"609\">Uscite spensierate con il vostro piccolo nel caldo e morbido <strong data-start=\"276\" data-end=\"308\">Coprigambe in lana per neonati<\/strong> di Woolskins. Il coprigambe Bakigo \u00e8 stato progettato appositamente per la carrozzina o il passeggino e offre il massimo comfort in qualsiasi stagione. Woolskins ha reso il coprigambe pi\u00f9 lungo di 5 cm, in modo che il bambino possa utilizzarlo pi\u00f9 a lungo, e lo ha dotato di un'apertura extra large per la barra di sicurezza.<\/p>\n<p data-start=\"611\" data-end=\"959\">La nuova versione \u00e8 dotata di una parte superiore con cerniera, ideale per utilizzare solo la parte inferiore nelle giornate un po' pi\u00f9 calde. Grazie alle propriet\u00e0 naturali di <strong data-start=\"778\" data-end=\"785\">lana<\/strong> il coprigambe prende istantaneamente la temperatura del bambino e la mantiene, senza surriscaldarsi o sudare. In questo modo il bambino gode di un calore costante e di un comfort ottimale.<\/p>\n<p data-start=\"961\" data-end=\"1195\">Perfetto per <strong data-start=\"978\" data-end=\"1008\">tutte le stagioni <\/strong>dell'anno, ma pu\u00f2 essere utilizzato tutto l'anno grazie all'ingegnosa chiusura a zip. Un'aggiunta indispensabile a qualsiasi <strong data-start=\"1119\" data-end=\"1133\">corredino per beb\u00e8<\/strong> Per le mamme che vogliono solo il meglio per il loro piccolo.<\/p>\n<p data-start=\"1197\" data-end=\"1368\">Con il coprigambe Woolskins Bakigo, potete essere certi che il vostro bambino sar\u00e0 sempre al caldo e comodo: un investimento in calore, comfort e tranquillit\u00e0 durante gli spostamenti.<\/p>\n<p>\u2013 5 cm pi\u00f9 lungo, rendendolo utilizzabile pi\u00f9 a lungo.<br \/>\n\u2013 100% lana vergine, marchio di qualit\u00e0 Woolmark.<br \/>\n\u2013 Per la casa e in viaggio.<br \/>\n\u2013 Aperture per le cinture di sicurezza (5 punti).<br \/>\n- lunghezza 90 cm x larghezza 45 cm.<br \/>\n\u2013 lavabile a 30\u00b0C programma lavaggio lana.<\/p>\n<p data-start=\"162\" data-end=\"231\"><strong data-start=\"162\" data-end=\"229\">Etichetta Woolskins - prodotti in lana caldi, morbidi e resistenti per il vostro bambino<\/strong><\/p>\n<p data-start=\"233\" data-end=\"685\">Noi di Woolskins crediamo che il vostro piccolo meriti solo il meglio. Ecco perch\u00e9 produciamo capi di alta qualit\u00e0 <strong data-start=\"330\" data-end=\"358\">prodotti in lana per bambini<\/strong>, come i copripiedi, le pelli di pecora e gli indumenti di lana, realizzati interamente in lana europea 100%. I nostri prodotti sono morbidi, confortevoli e sicuri per la pelle sensibile del bambino. Grazie alle propriet\u00e0 naturali della <strong data-start=\"571\" data-end=\"578\">lana<\/strong> Mantengono le mani, i piedi e il corpo del bambino alla temperatura perfetta, senza surriscaldamento o sudorazione.<\/p>\n<p data-start=\"687\" data-end=\"1186\">La nostra collezione \u00e8 progettata con un occhio di riguardo per i dettagli e la qualit\u00e0. Ogni <strong data-start=\"753\" data-end=\"775\">prodotto per bambini in lana<\/strong> di Woolskins \u00e8 prodotto in modo sostenibile in Europa, con lana anallergica e traspirante che dura per anni. Se desiderate un morbido <strong data-start=\"906\" data-end=\"926\">borsa da piede in lana<\/strong>, Se siete alla ricerca di un'accogliente pelle di pecora o di un indumento confortevole, da Woolskins troverete tutto ci\u00f2 che vi serve per un inizio caldo, sicuro e comodo per il vostro bambino. Scoprite i nostri <strong data-start=\"1101\" data-end=\"1137\">prodotti di lana premium per bambini<\/strong> E scoprite perch\u00e9 i genitori scelgono Woolskins.<\/p>","protected":false},"excerpt":{"rendered":"<p data-start=\"193\" data-end=\"585\">Tenete il vostro bambino meravigliosamente al caldo durante ogni passeggiata grazie al morbido <strong data-start=\"259\" data-end=\"291\">Coprigambe in lana per neonati<\/strong> di Woolskins. Il coprigambe Bakigo \u00e8 extra lungo per poterlo utilizzare pi\u00f9 a lungo e ha un'ampia apertura per la maniglia di sicurezza, ideale per la carrozzina o il passeggino. La nuova chiusura a zip consente inoltre di mantenere il bambino comodo anche nelle giornate pi\u00f9 calde.<\/p>\n<p data-start=\"587\" data-end=\"965\">Grazie alle propriet\u00e0 naturali di <strong data-start=\"628\" data-end=\"635\">lana<\/strong> il coprigambe si adatta e mantiene la temperatura corporea del bambino senza farlo sudare. Perfetto per <strong data-start=\"769\" data-end=\"799\">primavera, autunno e inverno<\/strong>, e un'aggiunta indispensabile a qualsiasi <strong data-start=\"839\" data-end=\"853\">corredino per beb\u00e8<\/strong>. Con Woolskins Bakigo, potete essere certi che il vostro bambino sar\u00e0 sempre comodo e sicuro in ogni uscita.<\/p>\n<p><strong>Marca: Woolskin<\/strong><br \/>\n<strong>Produzione: Polonia<\/strong><\/p>\n<p>&nbsp;<\/p>","protected":false},"featured_media":22607,"comment_status":"closed","ping_status":"closed","template":"","meta":{"_acf_changed":false},"product_brand":[],"product_cat":[361,360,364,196,336,194],"product_tag":[],"class_list":{"0":"post-22605","1":"product","2":"type-product","3":"status-publish","4":"has-post-thumbnail","6":"product_cat-babyshower","7":"product_cat-cadeautips","8":"product_cat-cadeaus-vanaf-e50","9":"product_cat-slaapkleding-baby","10":"product_cat-voetenzakken","11":"product_cat-wollen-babyproducten","13":"first","14":"instock","15":"taxable","16":"shipping-taxable","17":"purchasable","18":"product-type-simple"},"acf":[],"_links":{"self":[{"href":"https:\/\/woolskins.eu\/it\/wp-json\/wp\/v2\/product\/22605","targetHints":{"allow":["GET"]}}],"collection":[{"href":"https:\/\/woolskins.eu\/it\/wp-json\/wp\/v2\/product"}],"about":[{"href":"https:\/\/woolskins.eu\/it\/wp-json\/wp\/v2\/types\/product"}],"replies":[{"embeddable":true,"href":"https:\/\/woolskins.eu\/it\/wp-json\/wp\/v2\/comments?post=22605"}],"wp:featuredmedia":[{"embeddable":true,"href":"https:\/\/woolskins.eu\/it\/wp-json\/wp\/v2\/media\/22607"}],"wp:attachment":[{"href":"https:\/\/woolskins.eu\/it\/wp-json\/wp\/v2\/media?parent=22605"}],"wp:term":[{"taxonomy":"product_brand","embeddable":true,"href":"https:\/\/woolskins.eu\/it\/wp-json\/wp\/v2\/product_brand?post=22605"},{"taxonomy":"product_cat","embeddable":true,"href":"https:\/\/woolskins.eu\/it\/wp-json\/wp\/v2\/product_cat?post=22605"},{"taxonomy":"product_tag","embeddable":true,"href":"https:\/\/woolskins.eu\/it\/wp-json\/wp\/v2\/product_tag?post=22605"}],"curies":[{"name":"wp","href":"https:\/\/api.w.org\/{rel}","templated":true}]}}