{"id":22267,"date":"2024-11-06T11:12:23","date_gmt":"2024-11-06T11:12:23","guid":{"rendered":"https:\/\/woolskins.eu\/?post_type=product&#038;p=22267"},"modified":"2026-03-29T18:44:02","modified_gmt":"2026-03-29T18:44:02","slug":"coperta-di-lana-coperta-neonato-beige","status":"publish","type":"product","link":"https:\/\/woolskins.eu\/it\/wollen-wiegdeken-babydeken-newborn-beige\/","title":{"rendered":"Coperta per culla in lana \/ Coperta per neonato Neonato | Beige"},"content":{"rendered":"<p>Il tuo bambino dormir\u00e0 meravigliosamente e sogner\u00e0 in questa comoda coperta di lana della nostra collezione &quot;Neonato&quot;. Questa coperta \u00e8 liscia e ariosa ed \u00e8 ideale per i climi pi\u00f9 caldi. Hanno un aspetto bello e lussuoso e sono estremamente confortevoli. L&#039;interno della coperta \u00e8 completamente in lana. Puoi portarlo facilmente con te in viaggio per mantenere il tuo bambino al caldo.<\/p>\n<p>\u2013 Disponibile esclusivamente su Woolskins<br \/>\n\u2013 Due lati, un lato (interno) completamente in lana.<br \/>\n\u2013 Woolblend 56% pura lana vergine non lavorata (marchio di qualit\u00e0 Woolmark) 44% fibra sintetica.<br \/>\n\u2013 Per la casa e in viaggio.<br \/>\n\u2013 Dimensioni: 65 x 90 cm e 90 x 130 cm<br \/>\n\u2013 Produzione europea.<br \/>\n\u2013 lavabile a 30\u00b0C programma lavaggio lana.<\/p>\n<p>Le nostre coperte Eco Woolblend sono molto adatte ai pi\u00f9 piccoli grazie alle propriet\u00e0 naturali delle fibre di lana. Questi respirano e hanno la propriet\u00e0 di agire come un termostato naturale che regola la temperatura corporea? Questo aiuta il tuo bambino a mantenere una temperatura stabile e lo mantiene asciutto e comodo.<\/p>\n<p>Questo prodotto ha il marchio di qualit\u00e0 Safe for Children e Woolmark.<\/p>\n<h5>Etichetta di pelli di lana<\/h5>\n<p>Dopo anni di collaborazione di successo con Alwero, possiamo annunciare con orgoglio che ora portiamo i nostri prodotti sotto la nostra etichetta Woolskins.<\/p>\n<p>In questo modo ottieni comunque la migliore qualit\u00e0, ma combinata con i prodotti e i design pi\u00f9 belli e unici.<\/p>\n<p>La qualit\u00e0 dei tessuti e dei colori rimane quella di sempre, ma ora c&#039;\u00e8 una scelta pi\u00f9 ampia che secondo Woolskins pu\u00f2 distinguersi.<\/p>\n<p>La nostra ampia collezione \u00e8 composta in modo tale da costituire una buona aggiunta a qualsiasi set per neonati, realizzata in lana europea 100% che respira ed \u00e8 adatta ad ogni stagione.<\/p>\n<p>Uniamo con entusiasmo le forze per creare un prodotto sostenibile, naturale e confortevole per il tuo bambino.<\/p>","protected":false},"excerpt":{"rendered":"<p>Il vostro bambino dormir\u00e0 meravigliosamente e sogner\u00e0 sotto questa comoda coperta da lettino in lana. La coperta per lettino in lana \u00e8 elastica e molto morbida ed \u00e8 rifinita con un bordino. Hanno un aspetto bello e lussuoso e appartengono a ogni set per bambini. Le coperte di lana respirano e misurano immediatamente la temperatura del tuo bambino. Hanno le dimensioni e il peso ideali per dormire o giocare. Usalo a casa o in viaggio per tenere il tuo bambino al caldo. La coperta \u00e8 adatta ad ogni stagione ed \u00e8 un regalo perfetto per un baby shower o una visita di maternit\u00e0.<\/p>\n<p><strong>Marca: Woolskin<\/strong><br \/>\n<strong>Produzione: Polonia<\/strong><\/p>","protected":false},"featured_media":22270,"comment_status":"open","ping_status":"closed","template":"","meta":{"_acf_changed":false},"product_brand":[],"product_cat":[360,363,196,318,194],"product_tag":[],"class_list":{"0":"post-22267","1":"product","2":"type-product","3":"status-publish","4":"has-post-thumbnail","6":"product_cat-cadeautips","7":"product_cat-cadeaus-e25-e50","8":"product_cat-slaapkleding-baby","9":"product_cat-wollen-wiegdeken-ledikantdeken","10":"product_cat-wollen-babyproducten","11":"pa_maat-65-x-90-cm","12":"pa_maat-90-x-130-cm","14":"first","15":"instock","16":"taxable","17":"shipping-taxable","18":"purchasable","19":"product-type-variable"},"acf":[],"_links":{"self":[{"href":"https:\/\/woolskins.eu\/it\/wp-json\/wp\/v2\/product\/22267","targetHints":{"allow":["GET"]}}],"collection":[{"href":"https:\/\/woolskins.eu\/it\/wp-json\/wp\/v2\/product"}],"about":[{"href":"https:\/\/woolskins.eu\/it\/wp-json\/wp\/v2\/types\/product"}],"replies":[{"embeddable":true,"href":"https:\/\/woolskins.eu\/it\/wp-json\/wp\/v2\/comments?post=22267"}],"wp:featuredmedia":[{"embeddable":true,"href":"https:\/\/woolskins.eu\/it\/wp-json\/wp\/v2\/media\/22270"}],"wp:attachment":[{"href":"https:\/\/woolskins.eu\/it\/wp-json\/wp\/v2\/media?parent=22267"}],"wp:term":[{"taxonomy":"product_brand","embeddable":true,"href":"https:\/\/woolskins.eu\/it\/wp-json\/wp\/v2\/product_brand?post=22267"},{"taxonomy":"product_cat","embeddable":true,"href":"https:\/\/woolskins.eu\/it\/wp-json\/wp\/v2\/product_cat?post=22267"},{"taxonomy":"product_tag","embeddable":true,"href":"https:\/\/woolskins.eu\/it\/wp-json\/wp\/v2\/product_tag?post=22267"}],"curies":[{"name":"wp","href":"https:\/\/api.w.org\/{rel}","templated":true}]}}