{"id":22072,"date":"2024-10-22T14:50:02","date_gmt":"2024-10-22T14:50:02","guid":{"rendered":"https:\/\/woolskins.eu\/?post_type=product&#038;p=22072"},"modified":"2026-02-06T09:34:55","modified_gmt":"2026-02-06T09:34:55","slug":"tappeto-per-box-in-pelle-di-pecora-comfort-copy","status":"publish","type":"product","link":"https:\/\/woolskins.eu\/it\/schapenvacht-boxkleed-speelkleed-comfort-kopie\/","title":{"rendered":"Copriletto\/tappeto in pelle di pecora - Comfort \u00d8 100 cm"},"content":{"rendered":"<p>Il tappeto rotondo Woolskins Eco Baby-Care per box ha una pelliccia pi\u00f9 corta che lo rende a prova di bambino. Sono adatti fin dalla nascita e, poich\u00e9 la loro lavorazione tiene conto dell'ambiente, proteggono sia i piccoli che il pianeta. A casa o fuori, si crea un ambiente confortevole in cui il bambino si sente felice e rilassato. Sapevate che la pelle di pecora \u00e8 anche salutare per il vostro bambino?<\/p>\n<p>- \u00d8 100 cm.<br \/>\n\u2013 Abbronzatura medicinale.<br \/>\n\u2013 Mantello morbido e compatto.<br \/>\n- Facile da mantenere.<\/p>\n<p>Ordina una spazzola per la manutenzione per mantenere il tuo mantello bello a lungo e\/o personalizza il tuo mantello con i dettagli di nascita del tuo\/del bambino. Un regalo bellissimo e unico, disponibile esclusivamente su Woolskins. Confezione standard &quot;pronta per il regalo&quot; con una nota personale.<\/p>\n<p><strong>Propriet\u00e0 Pelle di pecora confortevole<\/strong><\/p>\n<p>Questa pelle di pecora Baby-Care proviene da pecore inglesi. \u00c8 un pelo molto morbido e meravigliosamente compatto. Questo cappotto Comfort \u00e8 &quot;la&quot; pelle di pecora che conosciamo dal passato, l&#039;abbiamo tosata solo per un breve periodo. Molto sicuro. Come tutti gli altri nostri cappotti, le fibre di lana respirano. Questo aiuta il tuo bambino a mantenere una temperatura stabile e lo mantiene asciutto e comodo. Fresco d&#039;estate e caldo d&#039;inverno.<\/p>\n<p><strong>Ecologico<\/strong><\/p>\n<p>Tutti i prodotti utilizzati nella concia e nella rifinizione sono conformi alle essenziali direttive comunitarie relative alla salvaguardia e alla tutela dell&#039;ambiente.<\/p>\n<p>I nostri velli sono conciati in conformit\u00e0 con le normative REACH, adottate per migliorare la protezione della salute umana e dell&#039;ambiente contro i rischi che le sostanze chimiche possono comportare, aumentando al contempo la competitivit\u00e0 dell&#039;industria chimica dell&#039;UE. Nella produzione non vengono utilizzati coloranti AZO.<\/p>\n<p>PRODOTTI ECO \u2013 le pelli sono pelli ecologiche, la loro lavorazione e trattamento sono sicuri per adulti e bambini. Le pelli sono biodegradabili, organiche.<\/p>\n<p>Woolskins non vende velli di pecora a cui \u00e8 stato applicato il Mulesing! Il Mulesing non viene utilizzato nelle pecore europee perch\u00e9 il parassita che induce gli allevatori a utilizzare il Mulesing non \u00e8 presente in Europa.<\/p>\n<p><strong>Dormienti di pancia\u2026 prendete nota!<\/strong><\/p>\n<p>I bambini che dormono a pancia in gi\u00f9 per i primi 12 mesi non dovrebbero dormire su nulla di morbido per motivi di sicurezza, poich\u00e9 ci\u00f2 pu\u00f2 essere pericoloso. Consigliamo quindi di utilizzare saggiamente il cappotto Woolskins! Prestate sempre attenzione quando il vostro bambino \u00e8 sdraiato o dorme a pancia in gi\u00f9 e assicuratevi che sia sempre sorvegliato.<\/p>","protected":false},"excerpt":{"rendered":"<p>Su questo comodo e morbido tappeto rotondo in pelle di pecora il bambino pu\u00f2 giocare e riposare. Grazie ai suoi \u2018superpoteri\u2019 naturali, \u00e8 caldo in inverno e fresco in estate. Questo perch\u00e9 assume istantaneamente la temperatura corporea. Sono adatti fin dalla nascita e, poich\u00e9 la loro lavorazione tiene conto dell'ambiente, proteggono sia i pi\u00f9 piccoli che il pianeta. A casa o fuori, si crea un ambiente confortevole in cui il bambino si sente felice e rilassato. Sapevate che la pelle di pecora \u00e8 anche salutare per il vostro bambino?<\/p>\n<p><strong>Marca: Woolskin<\/strong><br \/>\n<strong>Produzione: Polonia<\/strong><\/p>","protected":false},"featured_media":22078,"comment_status":"closed","ping_status":"closed","template":"","meta":{"_acf_changed":false},"product_brand":[],"product_cat":[216,527,354],"product_tag":[],"class_list":{"0":"post-22072","1":"product","2":"type-product","3":"status-publish","4":"has-post-thumbnail","6":"product_cat-schapenvacht-voor-baby","7":"product_cat-wollen-schapenvacht-boxkleed-speelkleed","8":"product_cat-woolskins","10":"first","11":"instock","12":"taxable","13":"shipping-taxable","14":"purchasable","15":"product-type-variable","16":"has-default-attributes"},"acf":[],"_links":{"self":[{"href":"https:\/\/woolskins.eu\/it\/wp-json\/wp\/v2\/product\/22072","targetHints":{"allow":["GET"]}}],"collection":[{"href":"https:\/\/woolskins.eu\/it\/wp-json\/wp\/v2\/product"}],"about":[{"href":"https:\/\/woolskins.eu\/it\/wp-json\/wp\/v2\/types\/product"}],"replies":[{"embeddable":true,"href":"https:\/\/woolskins.eu\/it\/wp-json\/wp\/v2\/comments?post=22072"}],"wp:featuredmedia":[{"embeddable":true,"href":"https:\/\/woolskins.eu\/it\/wp-json\/wp\/v2\/media\/22078"}],"wp:attachment":[{"href":"https:\/\/woolskins.eu\/it\/wp-json\/wp\/v2\/media?parent=22072"}],"wp:term":[{"taxonomy":"product_brand","embeddable":true,"href":"https:\/\/woolskins.eu\/it\/wp-json\/wp\/v2\/product_brand?post=22072"},{"taxonomy":"product_cat","embeddable":true,"href":"https:\/\/woolskins.eu\/it\/wp-json\/wp\/v2\/product_cat?post=22072"},{"taxonomy":"product_tag","embeddable":true,"href":"https:\/\/woolskins.eu\/it\/wp-json\/wp\/v2\/product_tag?post=22072"}],"curies":[{"name":"wp","href":"https:\/\/api.w.org\/{rel}","templated":true}]}}