{"id":22020,"date":"2024-10-22T09:06:39","date_gmt":"2024-10-22T09:06:39","guid":{"rendered":"https:\/\/woolskins.eu\/?post_type=product&#038;p=22020"},"modified":"2026-03-29T18:44:02","modified_gmt":"2026-03-29T18:44:02","slug":"coperta-di-lana-per-culla-coperta-per-neonato-beige-sbrindellato","status":"publish","type":"product","link":"https:\/\/woolskins.eu\/it\/wollen-wiegdeken-babydeken-thumbled-beige\/","title":{"rendered":"Coperta per culla \/ coperta per neonato in lana \u2013 Thumbed | Beige"},"content":{"rendered":"<p>Le nostre coperte per culla in Eco Lana sono molto adatte ai pi\u00f9 piccoli grazie alle propriet\u00e0 naturali delle fibre di lana. Questi respirano e hanno la propriet\u00e0 di agire come un termostato naturale che regola la temperatura corporea? Questo aiuta il tuo bambino a mantenere una temperatura stabile e lo mantiene asciutto e comodo. Lo fa \u201cdinamicamente\u201d, nel senso che avviene quando \u00e8 necessario e non quando non \u00e8 necessario.<\/p>\n<p>\u2013 100% lana vergine (Tumbled) con marchio di qualit\u00e0 Woolmark.<br \/>\n\u2013 Per la casa e in viaggio.<br \/>\n- Presenta un pratico astuccio a forma di luna.<br \/>\n\u2013 Dimensioni: 75 x 100 cm e 90 x 130 cm.<br \/>\n\u2013 Produzione europea.<br \/>\n\u2013 lavabile a 30\u00b0C programma lavaggio lana.<\/p>\n<p>I prodotti in lana bottalata sono caratterizzati dalle fibre di lana sciolte. Per evitare il pi\u00f9 possibile la formazione di pelucchi, \u00e8 meglio picchiettare il prodotto all&#039;esterno prima di utilizzarlo.<\/p>\n<p>Questo prodotto ha il marchio di qualit\u00e0 Safe for Children e Woolmark.<\/p>\n<h5>Etichetta di pelli di lana<\/h5>\n<p>Dopo anni di collaborazione di successo con Alwero, possiamo annunciare con orgoglio che ora portiamo i nostri prodotti sotto la nostra etichetta Woolskins.<\/p>\n<p>In questo modo ottieni comunque la migliore qualit\u00e0, ma combinata con i prodotti e i design pi\u00f9 belli e unici.<\/p>\n<p>La qualit\u00e0 dei tessuti e dei colori rimane quella di sempre, ma ora c&#039;\u00e8 una scelta pi\u00f9 ampia che secondo Woolskins pu\u00f2 distinguersi.<\/p>\n<p>La nostra ampia collezione \u00e8 composta in modo tale da costituire una buona aggiunta a qualsiasi set per neonati, realizzata in lana europea 100% che respira ed \u00e8 adatta ad ogni stagione.<\/p>\n<p>Uniamo con entusiasmo le forze per creare un prodotto sostenibile, naturale e confortevole per il tuo bambino<\/p>","protected":false},"excerpt":{"rendered":"<p>Il vostro bambino dormir\u00e0 e sogner\u00e0 sotto questa comoda coperta da culla in lana 100%. La coperta da culla in lana \u00e8 morbida, molto soffice e rifinita con una luna che funge anche da pratica tasca. Potete usarla, ad esempio, per il panno del vostro bambino, in modo da averlo sempre a portata di mano. Hanno un aspetto bello e lussuoso e fanno parte di ogni corredo del bambino. Le coperte di lana respirano e assumono immediatamente la temperatura del bambino. Sono di dimensioni e peso ideali per dormire o giocare. Utilizzatela a casa o in viaggio per tenere il bambino al caldo. La coperta \u00e8 adatta a qualsiasi stagione ed \u00e8 un regalo perfetto per un baby shower o una visita di maternit\u00e0.<\/p>\n<p><strong>Marca: Woolskin<\/strong><br \/>\n<strong>Produzione: Polonia<\/strong><\/p>","protected":false},"featured_media":17368,"comment_status":"closed","ping_status":"closed","template":"","meta":{"_acf_changed":false},"product_brand":[],"product_cat":[361,360,363,364,200,196,318,194],"product_tag":[],"class_list":{"0":"post-22020","1":"product","2":"type-product","3":"status-publish","4":"has-post-thumbnail","6":"product_cat-babyshower","7":"product_cat-cadeautips","8":"product_cat-cadeaus-e25-e50","9":"product_cat-cadeaus-vanaf-e50","10":"product_cat-wollen-babykleding","11":"product_cat-slaapkleding-baby","12":"product_cat-wollen-wiegdeken-ledikantdeken","13":"product_cat-wollen-babyproducten","14":"pa_maat-100-x-150-cm","15":"pa_maat-75-x-100-cm","17":"first","18":"instock","19":"taxable","20":"shipping-taxable","21":"purchasable","22":"product-type-variable"},"acf":[],"_links":{"self":[{"href":"https:\/\/woolskins.eu\/it\/wp-json\/wp\/v2\/product\/22020","targetHints":{"allow":["GET"]}}],"collection":[{"href":"https:\/\/woolskins.eu\/it\/wp-json\/wp\/v2\/product"}],"about":[{"href":"https:\/\/woolskins.eu\/it\/wp-json\/wp\/v2\/types\/product"}],"replies":[{"embeddable":true,"href":"https:\/\/woolskins.eu\/it\/wp-json\/wp\/v2\/comments?post=22020"}],"wp:featuredmedia":[{"embeddable":true,"href":"https:\/\/woolskins.eu\/it\/wp-json\/wp\/v2\/media\/17368"}],"wp:attachment":[{"href":"https:\/\/woolskins.eu\/it\/wp-json\/wp\/v2\/media?parent=22020"}],"wp:term":[{"taxonomy":"product_brand","embeddable":true,"href":"https:\/\/woolskins.eu\/it\/wp-json\/wp\/v2\/product_brand?post=22020"},{"taxonomy":"product_cat","embeddable":true,"href":"https:\/\/woolskins.eu\/it\/wp-json\/wp\/v2\/product_cat?post=22020"},{"taxonomy":"product_tag","embeddable":true,"href":"https:\/\/woolskins.eu\/it\/wp-json\/wp\/v2\/product_tag?post=22020"}],"curies":[{"name":"wp","href":"https:\/\/api.w.org\/{rel}","templated":true}]}}