{"id":21955,"date":"2024-10-18T09:57:29","date_gmt":"2024-10-18T09:57:29","guid":{"rendered":"https:\/\/woolskins.eu\/?post_type=product&#038;p=21955"},"modified":"2025-10-14T18:39:50","modified_gmt":"2025-10-14T18:39:50","slug":"scaldacorpo-da-bambino-in-lana-del-marchio-basic-nero","status":"publish","type":"product","link":"https:\/\/woolskins.eu\/it\/a-basic-brand-wollen-kinder-bodywarmer-zwart\/","title":{"rendered":"A Basic Brand - Scaldacorpo in lana per bambini - nero"},"content":{"rendered":"<h6><strong>Un marchio per bambini<\/strong><\/h6>\n<p>Gilet in lana 100%. Meravigliosamente caldo e confortevole, completamente naturale, traspirante e super alla moda. Il cardigan ha piccole tasche e si chiude con una cerniera. Indossalo sopra una felpa in una giornata ventosa o sotto una giacca quando fa molto freddo. Questo cardigan \u00e8 disponibile anche per le mamme.<\/p>\n<p>Composto<br \/>\n100% lana.<\/p>\n<p>Taglie:<\/p>\n<p>6m \u2013 70cm<br \/>\n1 anno \u2013 86 cm<br \/>\n2 anni \u2013 92 cm<br \/>\n4 anni \u2013 104 cm<br \/>\n6 anni \u2013 116 cm<\/p>\n<p>Istruzioni di lavaggio:<\/p>\n<p>Consigliamo di lavare a mano i nostri prodotti in acqua tiepida e di utilizzare un detersivo alla lanolina.<\/p>","protected":false},"excerpt":{"rendered":"<h6><strong>Un marchio per bambini<\/strong><\/h6>\n<p>Scaldacorpo in lana meravigliosamente caldo e confortevole. Questo cardigan \u00e8 dotato di cerniera e tasche e pu\u00f2 essere facilmente abbinato a tutti gli altri nostri prodotti. Disponibile anche nelle taglie pi\u00f9 grandi per le mamme in lana 100%.<\/p>","protected":false},"featured_media":21969,"comment_status":"open","ping_status":"closed","template":"","meta":{"_acf_changed":false},"product_brand":[],"product_cat":[335,360,363,200,337,413,344],"product_tag":[423,424,420,421,422,425],"class_list":{"0":"post-21955","1":"product","2":"type-product","3":"status-publish","4":"has-post-thumbnail","6":"product_cat-a_baby_brand","7":"product_cat-cadeautips","8":"product_cat-cadeaus-e25-e50","9":"product_cat-wollen-babykleding","10":"product_cat-vestjes","11":"product_cat-alwero-bodywarmer","12":"product_cat-kleertjes","13":"product_tag-a-baby-brand","14":"product_tag-alwero-bodywarmer","15":"product_tag-bodywarmer-wol","16":"product_tag-wollen-bodywarmer","17":"product_tag-wool-vest","18":"product_tag-woolskins","19":"pa_maat-1-jaar","20":"pa_maat-2-jaar","21":"pa_maat-4-jaar","22":"pa_maat-6-jaar","23":"pa_maat-6-maanden","24":"pa_maat-8-jaar","26":"first","27":"instock","28":"taxable","29":"shipping-taxable","30":"purchasable","31":"product-type-variable"},"acf":[],"_links":{"self":[{"href":"https:\/\/woolskins.eu\/it\/wp-json\/wp\/v2\/product\/21955","targetHints":{"allow":["GET"]}}],"collection":[{"href":"https:\/\/woolskins.eu\/it\/wp-json\/wp\/v2\/product"}],"about":[{"href":"https:\/\/woolskins.eu\/it\/wp-json\/wp\/v2\/types\/product"}],"replies":[{"embeddable":true,"href":"https:\/\/woolskins.eu\/it\/wp-json\/wp\/v2\/comments?post=21955"}],"wp:featuredmedia":[{"embeddable":true,"href":"https:\/\/woolskins.eu\/it\/wp-json\/wp\/v2\/media\/21969"}],"wp:attachment":[{"href":"https:\/\/woolskins.eu\/it\/wp-json\/wp\/v2\/media?parent=21955"}],"wp:term":[{"taxonomy":"product_brand","embeddable":true,"href":"https:\/\/woolskins.eu\/it\/wp-json\/wp\/v2\/product_brand?post=21955"},{"taxonomy":"product_cat","embeddable":true,"href":"https:\/\/woolskins.eu\/it\/wp-json\/wp\/v2\/product_cat?post=21955"},{"taxonomy":"product_tag","embeddable":true,"href":"https:\/\/woolskins.eu\/it\/wp-json\/wp\/v2\/product_tag?post=21955"}],"curies":[{"name":"wp","href":"https:\/\/api.w.org\/{rel}","templated":true}]}}