{"id":21511,"date":"2024-09-25T09:43:25","date_gmt":"2024-09-25T09:43:25","guid":{"rendered":"https:\/\/woolskins.eu\/?post_type=product&#038;p=21511"},"modified":"2025-12-17T11:59:07","modified_gmt":"2025-12-17T11:59:07","slug":"guanti-di-lana-unisex-zaffiro-infeltrito-beige","status":"publish","type":"product","link":"https:\/\/woolskins.eu\/it\/wollen-wanten-unisex-zaffiro-felted-beige\/","title":{"rendered":"Guanti unisex in lana - Zaffiro | Feltro Beige"},"content":{"rendered":"<h5>Guanti di lana - Zaffiro<\/h5>\n<p>Tenete le vostre mani meravigliosamente calde e confortevoli con le muffole in lana Zaffiro. Queste calde muffole di lana sono il modo perfetto per tenere le mani al caldo nelle giornate fredde. Realizzate in morbida lana naturale infeltrita di prima qualit\u00e0, sono delicate sulla pelle sensibile. Le muffole in lana offrono un eccellente isolamento quando si \u00e8 in movimento con il proprio bambino.<\/p>\n<p>Alcune caratteristiche:<\/p>\n<ul>\n<li>Calore: la lana isola naturalmente e mantiene le mani del tuo bambino belle e calde anche nelle giornate pi\u00f9 fredde.<\/li>\n<li>Morbidezza: i guanti sono realizzati in lana lussuosamente morbida che non irrita la pelle del tuo bambino.<\/li>\n<li>Traspirabilit\u00e0: la lana \u00e8 naturalmente traspirante, mantenendo le mani del tuo bambino comode e prive di sudore.<\/li>\n<li>I guanti possono essere facilmente combinati con tutti gli altri prodotti della nostra collezione Felted.<\/li>\n<\/ul>\n<p data-sourcepos=\"5:1-5:57\">Dimensioni: taglia unica S\/M (lunghezza 27 cm x 10,5 cm)<\/p>\n<h5>Zaffiro<\/h5>\n<p>L&#039;azienda Zaffiro \u00e8 un&#039;azienda familiare polacca. Fin dai nostri inizi nel 1989, ci siamo specializzati nella produzione di prodotti per neonati e bambini e la maggior parte di ci\u00f2 che produciamo viene esportato in pi\u00f9 di 40 paesi. Abbiamo creato il marchio Zaffiro per promuovere prodotti che supportino i genitori consapevoli dell&#039;importanza dell&#039;intimit\u00e0 e del legame con il proprio bambino fin dalle prime ore dopo la nascita. Promuoviamo il concetto di trasportare i bambini &#039;cuore per cuore&#039; in marsupi e marsupi, reintroducendo, riscoprendo e sviluppando la sapiente tradizione delle generazioni precedenti tenendo conto della ricerca psicologica contemporanea.<\/p>","protected":false},"excerpt":{"rendered":"<p>Tenete le vostre mani meravigliosamente calde e confortevoli con le muffole in lana Zaffiro. Queste calde muffole di lana sono il modo perfetto per tenere le mani al caldo nelle giornate fredde. Realizzate in morbida lana naturale infeltrita di prima qualit\u00e0, sono delicate sulla pelle sensibile. Le muffole in lana offrono un eccellente isolamento quando si \u00e8 in movimento durante le giornate un po' pi\u00f9 fredde.<\/p>\n<p>Dimensioni: taglia unica S\/M (lunghezza 27 cm x 10,5 cm)<\/p>\n<div class=\"woocommerce-product-details__short-description\">\n<p><strong>Marca: Zaffiro<\/strong><br \/>\n<strong>Produzione: Polonia<br \/>\nKeur: Oeko-Tex Standard<\/strong><\/p>\n<p><img loading=\"lazy\" decoding=\"async\" class=\"alignnone wp-image-28173 entered lazyloaded\" src=\"https:\/\/woolskins.eu\/wp-content\/uploads\/2024\/05\/csm_OEKO-TEX_Logo_2022_rgb_c1aaeb5ceb-300x300.jpg\" alt=\"\" width=\"89\" height=\"89\" data-lazy-src=\"https:\/\/woolskins.eu\/wp-content\/uploads\/2024\/05\/csm_OEKO-TEX_Logo_2022_rgb_c1aaeb5ceb-300x300.jpg\" data-ll-status=\"loaded\" srcset=\"https:\/\/woolskins.eu\/wp-content\/uploads\/2024\/05\/csm_OEKO-TEX_Logo_2022_rgb_c1aaeb5ceb-300x300.jpg 300w, https:\/\/woolskins.eu\/wp-content\/uploads\/2024\/05\/csm_OEKO-TEX_Logo_2022_rgb_c1aaeb5ceb-150x150.jpg 150w, https:\/\/woolskins.eu\/wp-content\/uploads\/2024\/05\/csm_OEKO-TEX_Logo_2022_rgb_c1aaeb5ceb-768x769.jpg 768w, https:\/\/woolskins.eu\/wp-content\/uploads\/2024\/05\/csm_OEKO-TEX_Logo_2022_rgb_c1aaeb5ceb-12x12.jpg 12w, https:\/\/woolskins.eu\/wp-content\/uploads\/2024\/05\/csm_OEKO-TEX_Logo_2022_rgb_c1aaeb5ceb-600x601.jpg 600w, https:\/\/woolskins.eu\/wp-content\/uploads\/2024\/05\/csm_OEKO-TEX_Logo_2022_rgb_c1aaeb5ceb-100x100.jpg 100w, https:\/\/woolskins.eu\/wp-content\/uploads\/2024\/05\/csm_OEKO-TEX_Logo_2022_rgb_c1aaeb5ceb-64x64.jpg 64w, https:\/\/woolskins.eu\/wp-content\/uploads\/2024\/05\/csm_OEKO-TEX_Logo_2022_rgb_c1aaeb5ceb.jpg 885w\" sizes=\"auto, (max-width: 89px) 100vw, 89px\" \/><\/p>\n<\/div>","protected":false},"featured_media":21521,"comment_status":"open","ping_status":"closed","template":"","meta":{"_acf_changed":false},"product_brand":[],"product_cat":[502,351,363,350,31],"product_tag":[],"class_list":{"0":"post-21511","1":"product","2":"type-product","3":"status-publish","4":"has-post-thumbnail","6":"product_cat-zaffiro","7":"product_cat-accessoiresvoormama","8":"product_cat-cadeaus-e25-e50","9":"product_cat-fashion","10":"product_cat-yogamat-wol","12":"first","13":"outofstock","14":"taxable","15":"shipping-taxable","16":"purchasable","17":"product-type-simple"},"acf":[],"_links":{"self":[{"href":"https:\/\/woolskins.eu\/it\/wp-json\/wp\/v2\/product\/21511","targetHints":{"allow":["GET"]}}],"collection":[{"href":"https:\/\/woolskins.eu\/it\/wp-json\/wp\/v2\/product"}],"about":[{"href":"https:\/\/woolskins.eu\/it\/wp-json\/wp\/v2\/types\/product"}],"replies":[{"embeddable":true,"href":"https:\/\/woolskins.eu\/it\/wp-json\/wp\/v2\/comments?post=21511"}],"wp:featuredmedia":[{"embeddable":true,"href":"https:\/\/woolskins.eu\/it\/wp-json\/wp\/v2\/media\/21521"}],"wp:attachment":[{"href":"https:\/\/woolskins.eu\/it\/wp-json\/wp\/v2\/media?parent=21511"}],"wp:term":[{"taxonomy":"product_brand","embeddable":true,"href":"https:\/\/woolskins.eu\/it\/wp-json\/wp\/v2\/product_brand?post=21511"},{"taxonomy":"product_cat","embeddable":true,"href":"https:\/\/woolskins.eu\/it\/wp-json\/wp\/v2\/product_cat?post=21511"},{"taxonomy":"product_tag","embeddable":true,"href":"https:\/\/woolskins.eu\/it\/wp-json\/wp\/v2\/product_tag?post=21511"}],"curies":[{"name":"wp","href":"https:\/\/api.w.org\/{rel}","templated":true}]}}