{"id":21443,"date":"2024-09-20T11:40:48","date_gmt":"2024-09-20T11:40:48","guid":{"rendered":"https:\/\/woolskins.eu\/?post_type=product&#038;p=21443"},"modified":"2025-12-17T12:12:33","modified_gmt":"2025-12-17T12:12:33","slug":"scaldacorpo-in-lana-unisex-adulto-zaffiro-beige-infeltrito","status":"publish","type":"product","link":"https:\/\/woolskins.eu\/it\/wollen-bodywarmer-unisex-adult-zaffiro-beige-felted\/","title":{"rendered":"Scaldacorpo in lana Unisex Adulto - Zaffiro | Beige Felted"},"content":{"rendered":"<p>Rimanete al caldo con stile grazie a questo elegante scaldacorpo Zaffiro realizzato in lana pregiata 100%. La lana pregiata, morbida e confortevole, manterr\u00e0 il vostro corpo meravigliosamente caldo e comodo quando la pioggia diventa leggermente fredda. Perfetto da indossare a strati, ideale per le giornate fredde e le avventure all'aperto. Il gilet ha una chiusura a zip alta e ampie tasche che tengono le mani al caldo.<\/p>\n<p>Caratteristiche principali:<\/p>\n<ul>\n<li>Lana di alta qualit\u00e0: offre calore e comfort superiori.<\/li>\n<li>Design elegante: completa qualsiasi abbigliamento con il suo taglio classico.<\/li>\n<li>Pratiche tasche: Per tenere le mani al caldo e gli oggetti essenziali a portata di mano.<\/li>\n<li>Durevole: Realizzato per durare anni.<\/li>\n<\/ul>\n<p>Provate il comfort e l'eleganza di Zaffiro.<\/p>\n<h5>Lana di prima qualit\u00e0<\/h5>\n<p>La lana di pecora PREMIUM naturale e morbida utilizzata per produrre il sacco a pelo \u00e8 perfetta per gli inverni freddi e le giornate pi\u00f9 calde. Garantisce una termoregolazione naturale ancora migliore, in modo da proteggere efficacemente il bambino anche in caso di forte gelo e garantire che il bambino non si surriscaldi nelle giornate calde. La lana di pecora ha anche propriet\u00e0 antiallergiche ed \u00e8 resistente allo sviluppo degli acari. Ha propriet\u00e0 igieniche e autopulenti. Neutralizza gli odori sgradevoli e lo sporco.<\/p>\n<h5>Zaffiro<\/h5>\n<p>L'azienda Zaffiro \u00e8 un'impresa polacca a conduzione familiare. Sin dagli inizi, nel 1989, ci siamo specializzati nella produzione di prodotti per neonati e bambini e la maggior parte della nostra produzione viene esportata in oltre 40 Paesi. Abbiamo creato il marchio Zaffiro per promuovere prodotti che sostengono i genitori consapevoli dell'importanza dell'intimit\u00e0 e del legame con il proprio bambino fin dalle prime ore dopo la nascita. Promuoviamo il concetto di portare i bambini \u2018cuore a cuore\u2019 in fasce e marsupi, reintroducendo la saggia tradizione delle generazioni precedenti, riscoperta e sviluppata tenendo conto della ricerca psicologica contemporanea.<\/p>","protected":false},"excerpt":{"rendered":"<p>Rimanete al caldo con stile grazie a questo elegante scaldacorpo Zaffiro realizzato in lana pregiata 100%. La lana pregiata, morbida e confortevole, manterr\u00e0 il vostro corpo meravigliosamente caldo e comodo quando la pioggia diventa leggermente fredda. Perfetto da indossare a strati, ideale per le giornate fredde e le avventure all'aperto. Il gilet ha una chiusura a zip alta e ampie tasche che tengono le mani al caldo.<\/p>\n<p><strong>Marca: Zaffiro<\/strong><br \/>\n<strong>Produzione: Polonia<br \/>\nKeur: Oeko-Tex Standard<\/strong><\/p>\n<p><img loading=\"lazy\" decoding=\"async\" class=\"alignnone wp-image-28173 entered lazyloaded\" src=\"https:\/\/woolskins.eu\/wp-content\/uploads\/2024\/05\/csm_OEKO-TEX_Logo_2022_rgb_c1aaeb5ceb-300x300.jpg\" alt=\"\" width=\"89\" height=\"89\" data-lazy-src=\"https:\/\/woolskins.eu\/wp-content\/uploads\/2024\/05\/csm_OEKO-TEX_Logo_2022_rgb_c1aaeb5ceb-300x300.jpg\" data-ll-status=\"loaded\" srcset=\"https:\/\/woolskins.eu\/wp-content\/uploads\/2024\/05\/csm_OEKO-TEX_Logo_2022_rgb_c1aaeb5ceb-300x300.jpg 300w, https:\/\/woolskins.eu\/wp-content\/uploads\/2024\/05\/csm_OEKO-TEX_Logo_2022_rgb_c1aaeb5ceb-150x150.jpg 150w, https:\/\/woolskins.eu\/wp-content\/uploads\/2024\/05\/csm_OEKO-TEX_Logo_2022_rgb_c1aaeb5ceb-768x769.jpg 768w, https:\/\/woolskins.eu\/wp-content\/uploads\/2024\/05\/csm_OEKO-TEX_Logo_2022_rgb_c1aaeb5ceb-12x12.jpg 12w, https:\/\/woolskins.eu\/wp-content\/uploads\/2024\/05\/csm_OEKO-TEX_Logo_2022_rgb_c1aaeb5ceb-600x601.jpg 600w, https:\/\/woolskins.eu\/wp-content\/uploads\/2024\/05\/csm_OEKO-TEX_Logo_2022_rgb_c1aaeb5ceb-100x100.jpg 100w, https:\/\/woolskins.eu\/wp-content\/uploads\/2024\/05\/csm_OEKO-TEX_Logo_2022_rgb_c1aaeb5ceb-64x64.jpg 64w, https:\/\/woolskins.eu\/wp-content\/uploads\/2024\/05\/csm_OEKO-TEX_Logo_2022_rgb_c1aaeb5ceb.jpg 885w\" sizes=\"auto, (max-width: 89px) 100vw, 89px\" \/><\/p>","protected":false},"featured_media":21447,"comment_status":"open","ping_status":"closed","template":"","meta":{"_acf_changed":false},"product_brand":[],"product_cat":[360,364,350,31,502],"product_tag":[424,420,421,422,425,507],"class_list":{"0":"post-21443","1":"product","2":"type-product","3":"status-publish","4":"has-post-thumbnail","6":"product_cat-cadeautips","7":"product_cat-cadeaus-vanaf-e50","8":"product_cat-fashion","9":"product_cat-yogamat-wol","10":"product_cat-zaffiro","11":"product_tag-alwero-bodywarmer","12":"product_tag-bodywarmer-wol","13":"product_tag-wollen-bodywarmer","14":"product_tag-wool-vest","15":"product_tag-woolskins","16":"product_tag-zaffiro","17":"pa_maat-adult-size-l","18":"pa_maat-adult-size-m","19":"pa_maat-adult-size-s","20":"pa_maat-adult-size-xl","22":"first","23":"outofstock","24":"taxable","25":"shipping-taxable","26":"purchasable","27":"product-type-variable"},"acf":[],"_links":{"self":[{"href":"https:\/\/woolskins.eu\/it\/wp-json\/wp\/v2\/product\/21443","targetHints":{"allow":["GET"]}}],"collection":[{"href":"https:\/\/woolskins.eu\/it\/wp-json\/wp\/v2\/product"}],"about":[{"href":"https:\/\/woolskins.eu\/it\/wp-json\/wp\/v2\/types\/product"}],"replies":[{"embeddable":true,"href":"https:\/\/woolskins.eu\/it\/wp-json\/wp\/v2\/comments?post=21443"}],"wp:featuredmedia":[{"embeddable":true,"href":"https:\/\/woolskins.eu\/it\/wp-json\/wp\/v2\/media\/21447"}],"wp:attachment":[{"href":"https:\/\/woolskins.eu\/it\/wp-json\/wp\/v2\/media?parent=21443"}],"wp:term":[{"taxonomy":"product_brand","embeddable":true,"href":"https:\/\/woolskins.eu\/it\/wp-json\/wp\/v2\/product_brand?post=21443"},{"taxonomy":"product_cat","embeddable":true,"href":"https:\/\/woolskins.eu\/it\/wp-json\/wp\/v2\/product_cat?post=21443"},{"taxonomy":"product_tag","embeddable":true,"href":"https:\/\/woolskins.eu\/it\/wp-json\/wp\/v2\/product_tag?post=21443"}],"curies":[{"name":"wp","href":"https:\/\/api.w.org\/{rel}","templated":true}]}}