{"id":21411,"date":"2024-09-20T08:15:44","date_gmt":"2024-09-20T08:15:44","guid":{"rendered":"https:\/\/woolskins.eu\/?post_type=product&#038;p=21411"},"modified":"2026-01-11T08:49:38","modified_gmt":"2026-01-11T08:49:38","slug":"scaldamani-per-passeggino-zaffiro-igrow-4-0-blu-beige","status":"publish","type":"product","link":"https:\/\/woolskins.eu\/it\/handwarmers-voor-kinderwagen-zaffiro-igrow-4-0-blauw-beige\/","title":{"rendered":"Scaldamani per carrozzina - Zaffiro iGrow 4.0 | Blu denim\/beige"},"content":{"rendered":"<p>Scaldamani per carrozzina 2in1 Lana premium. Questi scaldamani sono perfetti per chi ama fare lunghe passeggiate con i bambini all'aperto. Gli scaldamani sono imbottiti di lana di pecora naturale di prima qualit\u00e0, molto confortevole e calda al tatto. Grazie all'esterno impermeabile e antivento, le mani non si raffreddano facilmente. Gli scaldamani sono facili da montare insieme o separatamente sulla carrozzina. Sono molto efficienti da usare, in quanto \u00e8 sufficiente infilare le mani e toglierle di nuovo quando si ha ancora qualcosa.<\/p>\n<p>Caratteristiche:<\/p>\n<p>- dimensioni: 38x26cm<br \/>\n- dimensione universale<br \/>\n- pu\u00f2 essere utilizzato come un unico manicotto o come due guanti separati<br \/>\n- si adatta a qualsiasi modello di passeggino<br \/>\n- tessuto antimacchia per evitare lo sporco<br \/>\n- antivento e impermeabile (protegge da pioggia e neve)<\/p>\n<p>Lana di prima qualit\u00e0<br \/>\nGli scaldamani Zaffiro per carrozzina e passeggino sono realizzati con fibre di altissima qualit\u00e0 arricchite da un'ulteriore lavorazione specializzata, che crea una copertura di pelo su entrambi i lati del tessuto. Grazie a queste propriet\u00e0, la lana dei nostri sacchi a pelo \u00e8 igroscopica, assorbe perfettamente l'umidit\u00e0 e protegge dalla perdita di calore. La lana utilizzata nello scaldamani per carrozzina trattiene il calore meglio della lana normale, grazie a due strati di vello di lupo.<\/p>\n<p>La lana di pecora PREMIUM naturale e morbida utilizzata per produrre il sacco a pelo \u00e8 perfetta per gli inverni freddi e le giornate pi\u00f9 calde. Garantisce una termoregolazione naturale ancora migliore, in modo da proteggere efficacemente il bambino anche in caso di forte gelo e garantire che il bambino non si surriscaldi nelle giornate calde. La lana di pecora ha anche propriet\u00e0 antiallergiche ed \u00e8 resistente allo sviluppo degli acari. Ha propriet\u00e0 igieniche e autopulenti. Neutralizza gli odori sgradevoli e lo sporco.<\/p>\n<p>Composto:<br \/>\nTessuto di copertura: poliestere 100%; tessuto interno: pile di lana 100%; imbottitura: poliestere 100%.<\/p>","protected":false},"excerpt":{"rendered":"<p>Questi scaldamani\/maniche sono perfetti per chi ama fare lunghe passeggiate all'aperto con i bambini. Gli scaldamani sono imbottiti di lana di pecora naturale di prima qualit\u00e0, molto confortevole e calda al tatto. Grazie all'esterno impermeabile e antivento, le mani non si raffreddano facilmente. Gli scaldamani sono facili da montare insieme o separatamente sulla carrozzina. Sono molto efficienti da usare, in quanto \u00e8 sufficiente infilare le mani e toglierle di nuovo quando si ha ancora qualcosa.<\/p>\n<p><strong>Marca: Zaffiro<\/strong><br \/>\n<strong>Produzione: Polonia<br \/>\nKeur: Oeko-Tex Standard<\/strong><\/p>\n<p><img loading=\"lazy\" decoding=\"async\" class=\"alignnone wp-image-28173 entered lazyloaded\" src=\"https:\/\/woolskins.eu\/wp-content\/uploads\/2024\/05\/csm_OEKO-TEX_Logo_2022_rgb_c1aaeb5ceb-300x300.jpg\" alt=\"\" width=\"89\" height=\"89\" data-lazy-src=\"https:\/\/woolskins.eu\/wp-content\/uploads\/2024\/05\/csm_OEKO-TEX_Logo_2022_rgb_c1aaeb5ceb-300x300.jpg\" data-ll-status=\"loaded\" srcset=\"https:\/\/woolskins.eu\/wp-content\/uploads\/2024\/05\/csm_OEKO-TEX_Logo_2022_rgb_c1aaeb5ceb-300x300.jpg 300w, https:\/\/woolskins.eu\/wp-content\/uploads\/2024\/05\/csm_OEKO-TEX_Logo_2022_rgb_c1aaeb5ceb-150x150.jpg 150w, https:\/\/woolskins.eu\/wp-content\/uploads\/2024\/05\/csm_OEKO-TEX_Logo_2022_rgb_c1aaeb5ceb-768x769.jpg 768w, https:\/\/woolskins.eu\/wp-content\/uploads\/2024\/05\/csm_OEKO-TEX_Logo_2022_rgb_c1aaeb5ceb-12x12.jpg 12w, https:\/\/woolskins.eu\/wp-content\/uploads\/2024\/05\/csm_OEKO-TEX_Logo_2022_rgb_c1aaeb5ceb-600x601.jpg 600w, https:\/\/woolskins.eu\/wp-content\/uploads\/2024\/05\/csm_OEKO-TEX_Logo_2022_rgb_c1aaeb5ceb-100x100.jpg 100w, https:\/\/woolskins.eu\/wp-content\/uploads\/2024\/05\/csm_OEKO-TEX_Logo_2022_rgb_c1aaeb5ceb-64x64.jpg 64w, https:\/\/woolskins.eu\/wp-content\/uploads\/2024\/05\/csm_OEKO-TEX_Logo_2022_rgb_c1aaeb5ceb.jpg 885w\" sizes=\"auto, (max-width: 89px) 100vw, 89px\" \/><\/p>","protected":false},"featured_media":21396,"comment_status":"closed","ping_status":"closed","template":"","meta":{"_acf_changed":false},"product_brand":[],"product_cat":[352,363,336,502],"product_tag":[],"class_list":{"0":"post-21411","1":"product","2":"type-product","3":"status-publish","4":"has-post-thumbnail","6":"product_cat-merken","7":"product_cat-cadeaus-e25-e50","8":"product_cat-voetenzakken","9":"product_cat-zaffiro","11":"first","12":"instock","13":"taxable","14":"shipping-taxable","15":"purchasable","16":"product-type-simple"},"acf":[],"_links":{"self":[{"href":"https:\/\/woolskins.eu\/it\/wp-json\/wp\/v2\/product\/21411","targetHints":{"allow":["GET"]}}],"collection":[{"href":"https:\/\/woolskins.eu\/it\/wp-json\/wp\/v2\/product"}],"about":[{"href":"https:\/\/woolskins.eu\/it\/wp-json\/wp\/v2\/types\/product"}],"replies":[{"embeddable":true,"href":"https:\/\/woolskins.eu\/it\/wp-json\/wp\/v2\/comments?post=21411"}],"wp:featuredmedia":[{"embeddable":true,"href":"https:\/\/woolskins.eu\/it\/wp-json\/wp\/v2\/media\/21396"}],"wp:attachment":[{"href":"https:\/\/woolskins.eu\/it\/wp-json\/wp\/v2\/media?parent=21411"}],"wp:term":[{"taxonomy":"product_brand","embeddable":true,"href":"https:\/\/woolskins.eu\/it\/wp-json\/wp\/v2\/product_brand?post=21411"},{"taxonomy":"product_cat","embeddable":true,"href":"https:\/\/woolskins.eu\/it\/wp-json\/wp\/v2\/product_cat?post=21411"},{"taxonomy":"product_tag","embeddable":true,"href":"https:\/\/woolskins.eu\/it\/wp-json\/wp\/v2\/product_tag?post=21411"}],"curies":[{"name":"wp","href":"https:\/\/api.w.org\/{rel}","templated":true}]}}