{"id":20275,"date":"2024-06-04T13:52:13","date_gmt":"2024-06-04T13:52:13","guid":{"rendered":"https:\/\/woolskins.eu\/?post_type=product&#038;p=20275"},"modified":"2026-02-12T09:57:26","modified_gmt":"2026-02-12T09:57:26","slug":"manicotto-di-lana-0-3-anni-zaffiro-igrow-4-0-zwar-beige","status":"publish","type":"product","link":"https:\/\/woolskins.eu\/it\/wollen-voetenzak-0-3-jaar-zaffiro-igrow-4-0-zwar-beige\/","title":{"rendered":"Coprigambe in lana 0-3 anni - Zaffiro iGrow 4.0 | Nero melange\/beige"},"content":{"rendered":"<p>iGrow 4.0 \u00e8 una versione migliorata del nostro bestseller ed \u00e8 disponibile presso Woolskins in 4 colori. Questo sacco nanna \u00e8 realizzato in lana naturale premium di alta qualit\u00e0 che cresce con il tuo bambino fino a 3 anni grazie a due opzioni di regolazione della lunghezza. Grazie all&#039;utilizzo di fori longitudinali per le cinture di sicurezza, si adatta ai modelli con sistema di installazione della cintura a 5 e 3 punti, nonch\u00e9 ai modelli con imbracatura fissata che trattiene il bambino. La parte inferiore estesa del modello iGrow 4.0 ha uno speciale rivestimento protettivo W\/R, cos\u00ec i bambini pi\u00f9 grandi possono guidare con le scarpe.<\/p>\n<p>Questo sacco nanna Zaffiro \u00e8 lussuoso, caldo e confortevole! Lo speciale strato esterno \u00e8 impermeabile e antivento, cos\u00ec il tuo bambino \u00e8 sempre protetto dal freddo. All&#039;interno sono stati utilizzati due strati di pile di lana per maggiore calore e comfort.<\/p>\n<p>Il coprigambe pu\u00f2 essere regolato in lunghezza, ci\u00f2 \u00e8 possibile aprendo la cerniera della parte inferiore. Dipende dall&#039;et\u00e0 e dalle esigenze del tuo piccolo. Il sacco nanna \u00e8 dotato di coulisse sul colletto per adattarlo facilmente alla forma della testa del tuo piccolo.<\/p>\n<p>Quando la parte inferiore \u00e8 aperta, \u00e8 adatta per un lettino da viaggio e un seggiolino per auto. Una volta fissata la parte inferiore al coprigambe, questo \u00e8 adatto ai passeggini.<\/p>\n<p>Caratteristiche:<\/p>\n<p>\u2013 Dimensioni: 84\/106 x 45 cm.<br \/>\n\u2013 Destinato ai bambini dalla nascita ad almeno 3 anni.<br \/>\n\u2013 Adatto a tutti i modelli di passeggino.<br \/>\n\u2013 Materiale antimacchia per respingere lo sporco.<br \/>\n\u2013 Antivento e impermeabile (protegge da pioggia e neve).<br \/>\n\u2013 Buon isolamento grazie alla calda lana di pecora premium.<br \/>\n\u2013 Soffice tessuto non tessuto anallergico 300 g\/m2 nella parte posteriore del sacco a pelo e nella parte anteriore della trapunta 450 g\/m2.<br \/>\n\u2013 La parte superiore del sacco a pelo pu\u00f2 essere stretta con un cordoncino per formare un caldo cappuccio.<br \/>\n\u2013 La copertura pu\u00f2 essere sollevata per proteggere ancora meglio la testa e il collo del bambino dal vento e dal gelo.<br \/>\n\u2013 La parte superiore pu\u00f2 essere completamente aperta con la cerniera.<br \/>\n\u2013 Non scivola facilmente nel passeggino o nella slitta.<\/p>\n<p>Lana di prima qualit\u00e0<br \/>\nIl sacco a pelo iGrow 4.0 \u00e8 realizzato con fibre di altissima qualit\u00e0 arricchite con ulteriori processi specializzati, creando una copertura in pelo su entrambi i lati del tessuto. Grazie a queste propriet\u00e0, la lana dei nostri sacchi a pelo \u00e8 igroscopica, assorbe perfettamente l&#039;umidit\u00e0 e protegge dalla perdita di calore. La lana utilizzata nel sacco a pelo iGrow 4.0 trattiene il calore meglio della lana normale, grazie a due strati di pile di lana.<\/p>\n<p>La lana di pecora PREMIUM naturale e morbida utilizzata per produrre il sacco a pelo \u00e8 perfetta per gli inverni freddi e le giornate pi\u00f9 calde. Garantisce una termoregolazione naturale ancora migliore, in modo da proteggere efficacemente il bambino anche in caso di forte gelo e garantire che il bambino non si surriscaldi nelle giornate calde. La lana di pecora ha anche propriet\u00e0 antiallergiche ed \u00e8 resistente allo sviluppo degli acari. Ha propriet\u00e0 igieniche e autopulenti. Neutralizza gli odori sgradevoli e lo sporco.<\/p>\n<p>Composto:<br \/>\nTessuto di copertura: poliestere 100%; tessuto interno: pile di lana 100%; imbottitura: poliestere 100%.<\/p>","protected":false},"excerpt":{"rendered":"<p>Divertiti ad uscire con il tuo bambino con questo caldo coprigambe in lana di Zaffiro. L&#039;interno del sacco nanna \u00e8 realizzato in lana naturale premium di alta qualit\u00e0 e grazie all&#039;attacco extra cresce con il tuo bambino fino a 3 anni. Il coprigambe pu\u00f2 essere regolato in lunghezza, ci\u00f2 \u00e8 possibile aprendo la cerniera della parte inferiore. Grazie alle aperture longitudinali per le cinture di sicurezza, si adatta sia ai sistemi di installazione delle cinture a 5 e 3 punti, sia ai modelli con cinture integrate. La parte inferiore estesa ha uno speciale rivestimento protettivo resistente all&#039;acqua, in modo che i bambini pi\u00f9 grandi possano entrarci con le scarpe. Questo coprigambe in lana Zaffiro \u00e8 lussuoso, caldo e confortevole! Lo speciale strato esterno \u00e8 impermeabile e antivento, cos\u00ec il tuo bambino \u00e8 sempre protetto dal freddo. All&#039;interno sono stati utilizzati due strati di pile di lana per maggiore calore e comfort. Il coprigambe in lana Zaffiro pu\u00f2 essere utilizzato tutto l&#039;anno, ma \u00e8 particolarmente utile in inverno e in autunno. Puoi contare sul fatto che il tuo bambino sar\u00e0 bello, caldo ed estremamente comodo con questo sacco nanna di Zaffiro. Di seguito troverai maggiori informazioni.<\/p>\n<p><strong>Marca: Zaffiro<\/strong><br \/>\n<strong>Produzione: Polonia<br \/>\nKeur: Oeko-Tex Standard<\/strong><\/p>\n<p><img loading=\"lazy\" decoding=\"async\" class=\"alignnone wp-image-28173 entered lazyloaded\" src=\"https:\/\/woolskins.eu\/wp-content\/uploads\/2024\/05\/csm_OEKO-TEX_Logo_2022_rgb_c1aaeb5ceb-300x300.jpg\" alt=\"\" width=\"89\" height=\"89\" data-lazy-src=\"https:\/\/woolskins.eu\/wp-content\/uploads\/2024\/05\/csm_OEKO-TEX_Logo_2022_rgb_c1aaeb5ceb-300x300.jpg\" data-ll-status=\"loaded\" srcset=\"https:\/\/woolskins.eu\/wp-content\/uploads\/2024\/05\/csm_OEKO-TEX_Logo_2022_rgb_c1aaeb5ceb-300x300.jpg 300w, https:\/\/woolskins.eu\/wp-content\/uploads\/2024\/05\/csm_OEKO-TEX_Logo_2022_rgb_c1aaeb5ceb-150x150.jpg 150w, https:\/\/woolskins.eu\/wp-content\/uploads\/2024\/05\/csm_OEKO-TEX_Logo_2022_rgb_c1aaeb5ceb-768x769.jpg 768w, https:\/\/woolskins.eu\/wp-content\/uploads\/2024\/05\/csm_OEKO-TEX_Logo_2022_rgb_c1aaeb5ceb-12x12.jpg 12w, https:\/\/woolskins.eu\/wp-content\/uploads\/2024\/05\/csm_OEKO-TEX_Logo_2022_rgb_c1aaeb5ceb-600x601.jpg 600w, https:\/\/woolskins.eu\/wp-content\/uploads\/2024\/05\/csm_OEKO-TEX_Logo_2022_rgb_c1aaeb5ceb-100x100.jpg 100w, https:\/\/woolskins.eu\/wp-content\/uploads\/2024\/05\/csm_OEKO-TEX_Logo_2022_rgb_c1aaeb5ceb-64x64.jpg 64w, https:\/\/woolskins.eu\/wp-content\/uploads\/2024\/05\/csm_OEKO-TEX_Logo_2022_rgb_c1aaeb5ceb.jpg 885w\" sizes=\"auto, (max-width: 89px) 100vw, 89px\" \/><\/p>","protected":false},"featured_media":26004,"comment_status":"closed","ping_status":"closed","template":"","meta":{"_acf_changed":false},"product_brand":[],"product_cat":[352,336,502],"product_tag":[],"class_list":{"0":"post-20275","1":"product","2":"type-product","3":"status-publish","4":"has-post-thumbnail","6":"product_cat-merken","7":"product_cat-voetenzakken","8":"product_cat-zaffiro","10":"first","11":"outofstock","12":"sale","13":"taxable","14":"shipping-taxable","15":"purchasable","16":"product-type-simple"},"acf":[],"_links":{"self":[{"href":"https:\/\/woolskins.eu\/it\/wp-json\/wp\/v2\/product\/20275","targetHints":{"allow":["GET"]}}],"collection":[{"href":"https:\/\/woolskins.eu\/it\/wp-json\/wp\/v2\/product"}],"about":[{"href":"https:\/\/woolskins.eu\/it\/wp-json\/wp\/v2\/types\/product"}],"replies":[{"embeddable":true,"href":"https:\/\/woolskins.eu\/it\/wp-json\/wp\/v2\/comments?post=20275"}],"wp:featuredmedia":[{"embeddable":true,"href":"https:\/\/woolskins.eu\/it\/wp-json\/wp\/v2\/media\/26004"}],"wp:attachment":[{"href":"https:\/\/woolskins.eu\/it\/wp-json\/wp\/v2\/media?parent=20275"}],"wp:term":[{"taxonomy":"product_brand","embeddable":true,"href":"https:\/\/woolskins.eu\/it\/wp-json\/wp\/v2\/product_brand?post=20275"},{"taxonomy":"product_cat","embeddable":true,"href":"https:\/\/woolskins.eu\/it\/wp-json\/wp\/v2\/product_cat?post=20275"},{"taxonomy":"product_tag","embeddable":true,"href":"https:\/\/woolskins.eu\/it\/wp-json\/wp\/v2\/product_tag?post=20275"}],"curies":[{"name":"wp","href":"https:\/\/api.w.org\/{rel}","templated":true}]}}