{"id":20224,"date":"2024-06-03T12:21:25","date_gmt":"2024-06-03T12:21:25","guid":{"rendered":"https:\/\/woolskins.eu\/?post_type=product&#038;p=20224"},"modified":"2026-03-31T12:38:04","modified_gmt":"2026-03-31T12:38:04","slug":"un-abito-da-neonato-di-marca-basic-nudo","status":"publish","type":"product","link":"https:\/\/woolskins.eu\/it\/a-basic-brand-babypakje-nude\/","title":{"rendered":"A Basic Brand - Costume da neonato senza piedi | Nude"},"content":{"rendered":"<h6>Un marchio per bambini<\/h6>\n<p>Pagliaccetto realizzato in cotone biologico super leggero. La qualit\u00e0 pi\u00f9 sottile e morbida che puoi immaginare. La tuta si adatta bene alle cosce grazie alle morbide aperture elastiche.<\/p>\n<p>100% Cotone biologico certificato GOTS.<\/p>\n<p>Taglie:<\/p>\n<p>lunghezza cm \/ lunghezza manica cm \/ larghezza cm<\/p>\n<p>0m \u2013 32\/9\/21<br \/>\n3m \u2013 35 \/ 9 \/ 22<br \/>\n6m \u2013 38 \/ 10 \/ 25<br \/>\n1 anno \u2013 42 \/ 10 \/ 27<\/p>\n<h5>Un marchio per bambini<\/h5>\n<p>Scopri un guardaroba davvero minimalista, pieno di pratici elementi essenziali. Mescola e abbina i nostri modelli e colori unisex. Nessun logo, nessuna stampa, nessuna confusione.<\/p>\n<p>La nostra missione \u00e8 semplificarti la vita, quindi una delle idee principali alla base della nostra filosofia \u00e8 la PRATICA. Abbiamo anche a cuore il nostro pianeta e desideriamo che tutti vivano una vita pi\u00f9 minimalista e quindi usino meno vestiti (#CONSUMEWISELY).<\/p>\n<p>Ecco perch\u00e9 la qualit\u00e0 dei nostri prodotti \u00e8 la pi\u00f9 alta possibile. Puoi usarli per anni e trasmetterli quando hai finito. Utilizziamo tessuti di prima qualit\u00e0 con certificato di cotone organico GOTS e STANDARD 100 di OEKO-TEX\u00ae. Tutti i nostri prodotti possono essere lavati in lavatrice e asciugati in asciugatrice tutte le volte che vuoi. Scoprirai che la nostra felpa di cotone non ha nemmeno bisogno di essere stirata per avere un bell&#039;aspetto.<\/p>","protected":false},"excerpt":{"rendered":"<h6>Un marchio per bambini<\/h6>\n<p>Pagliaccetto realizzato in cotone biologico super leggero. La qualit\u00e0 pi\u00f9 sottile e morbida che puoi immaginare. La tuta si adatta bene alle cosce grazie alle morbide aperture elastiche.<\/p>","protected":false},"featured_media":20229,"comment_status":"closed","ping_status":"closed","template":"","meta":{"_acf_changed":false},"product_brand":[],"product_cat":[335,361,360,363,529,534],"product_tag":[],"class_list":{"0":"post-20224","1":"product","2":"type-product","3":"status-publish","4":"has-post-thumbnail","6":"product_cat-a_baby_brand","7":"product_cat-babyshower","8":"product_cat-cadeautips","9":"product_cat-cadeaus-e25-e50","10":"product_cat-katoenen-babykleertjes","11":"product_cat-katoenen-babypak","12":"pa_maat-0-maanden","13":"pa_maat-1-jaar","14":"pa_maat-3-maanden","15":"pa_maat-6-maanden","17":"first","18":"instock","19":"sale","20":"taxable","21":"shipping-taxable","22":"purchasable","23":"product-type-variable"},"acf":[],"_links":{"self":[{"href":"https:\/\/woolskins.eu\/it\/wp-json\/wp\/v2\/product\/20224","targetHints":{"allow":["GET"]}}],"collection":[{"href":"https:\/\/woolskins.eu\/it\/wp-json\/wp\/v2\/product"}],"about":[{"href":"https:\/\/woolskins.eu\/it\/wp-json\/wp\/v2\/types\/product"}],"replies":[{"embeddable":true,"href":"https:\/\/woolskins.eu\/it\/wp-json\/wp\/v2\/comments?post=20224"}],"wp:featuredmedia":[{"embeddable":true,"href":"https:\/\/woolskins.eu\/it\/wp-json\/wp\/v2\/media\/20229"}],"wp:attachment":[{"href":"https:\/\/woolskins.eu\/it\/wp-json\/wp\/v2\/media?parent=20224"}],"wp:term":[{"taxonomy":"product_brand","embeddable":true,"href":"https:\/\/woolskins.eu\/it\/wp-json\/wp\/v2\/product_brand?post=20224"},{"taxonomy":"product_cat","embeddable":true,"href":"https:\/\/woolskins.eu\/it\/wp-json\/wp\/v2\/product_cat?post=20224"},{"taxonomy":"product_tag","embeddable":true,"href":"https:\/\/woolskins.eu\/it\/wp-json\/wp\/v2\/product_tag?post=20224"}],"curies":[{"name":"wp","href":"https:\/\/api.w.org\/{rel}","templated":true}]}}