{"id":20157,"date":"2024-05-30T09:57:45","date_gmt":"2024-05-30T09:57:45","guid":{"rendered":"https:\/\/woolskins.eu\/?post_type=product&#038;p=20157"},"modified":"2026-02-10T14:02:30","modified_gmt":"2026-02-10T14:02:30","slug":"inserto-in-lana-per-carrozzina-zaffiro-infeltrito-beige","status":"publish","type":"product","link":"https:\/\/woolskins.eu\/it\/wollen-inleg-kinderwagen-zaffiro-felted-beige\/","title":{"rendered":"Carrozzina con intarsi in lana - Zaffiro | Infeltrito beige"},"content":{"rendered":"<h5>Passeggino Intarsio Lana \u2013 Zaffiro<\/h5>\n<p data-sourcepos=\"5:1-5:57\">Questo inserto in lana per passeggino \u00e8 realizzato in lana premium 100% e offre al tuo bambino il massimo comfort tutto l&#039;anno. La morbida lana infeltrita \u00e8 traspirante e regola l&#039;umidit\u00e0, cos\u00ec il tuo bambino rimane sempre comodamente asciutto. La parte posteriore dell&#039;inserto \u00e8 dotata di AIR-Mash in modo che l&#039;aria possa continuare a circolare liberamente. La parte inferiore del rivestimento \u00e8 realizzata in tessuto impermeabile e resistente allo sporco, che ne facilita la pulizia. L&#039;inserto \u00e8 spesso e morbido e fornisce un supporto extra per la schiena e il collo del tuo bambino.<\/p>\n<p data-sourcepos=\"5:1-5:57\">\u2013 Dimensioni: 85 x 35,5\/40,5 cm.<br \/>\n\u2013 Lana premium morbida e piacevole al tatto.<br \/>\n\u2013 La parte inferiore \u00e8 provvista di tessuto impermeabile e antisporco.<br \/>\n\u2013 Protegge dalla sudorazione, dagli \u201csfregamenti\u201d e dagli effetti negativi della plastica del passeggino sulla pelle del bambino.<br \/>\n\u2013 Migliora il comfort di viaggio durante la guida del passeggino su superfici irregolari.<br \/>\n\u2013 Protegge il rivestimento del sedile dallo sporco.<br \/>\n\u2013 Installazione semplice e veloce dell&#039;inserto.<\/p>\n<h5>Zaffiro<\/h5>\n<p>L&#039;azienda Zaffiro \u00e8 un&#039;azienda familiare polacca. Fin dai nostri inizi nel 1989, ci siamo specializzati nella produzione di prodotti per neonati e bambini e la maggior parte di ci\u00f2 che produciamo viene esportato in pi\u00f9 di 40 paesi. Abbiamo creato il marchio Zaffiro per promuovere prodotti che supportino i genitori consapevoli dell&#039;importanza dell&#039;intimit\u00e0 e del legame con il proprio bambino fin dalle prime ore dopo la nascita. Promuoviamo il concetto di trasportare i bambini &#039;cuore per cuore&#039; in marsupi e marsupi, reintroducendo, riscoprendo e sviluppando la sapiente tradizione delle generazioni precedenti tenendo conto della ricerca psicologica contemporanea.<\/p>","protected":false},"excerpt":{"rendered":"<p class=\"product_title entry-title\">Divertiti ad uscire con il tuo bambino in questo caldo inserto per passeggino di Zaffiro per carrozzina o passeggino. Questo sacco nanna \u00e8 realizzato in lana premium 100% (feltrata) e misura immediatamente la temperatura del tuo bambino. Mantiene bene il calore senza far sudare il bambino perch\u00e9 la lana respira. Grazie a queste propriet\u00e0 uniche della lana, il tuo bambino sar\u00e0 meravigliosamente caldo e confortevole. Grazie alle pratiche aperture per le cinghie, puoi installare rapidamente questo sacco nanna in lana nella tua carrozzina o passeggino. Puoi stringere la coulisse nel colletto per proteggere la testa dalle intemperie. Questo coprigambe Zaffiro pu\u00f2 essere utilizzato tutto l&#039;anno, ma \u00e8 particolarmente utile in primavera, inverno e autunno.<\/p>\n<div class=\"woocommerce-product-details__short-description\">\n<p><strong>Marca: Zaffiro<\/strong><br \/>\n<strong>Produzione: Polonia<br \/>\nKeur: Oeko-Tex Standard<\/strong><\/p>\n<p><img loading=\"lazy\" decoding=\"async\" class=\"alignnone wp-image-28173 entered lazyloaded\" src=\"https:\/\/woolskins.eu\/wp-content\/uploads\/2024\/05\/csm_OEKO-TEX_Logo_2022_rgb_c1aaeb5ceb-300x300.jpg\" alt=\"\" width=\"89\" height=\"89\" data-lazy-src=\"https:\/\/woolskins.eu\/wp-content\/uploads\/2024\/05\/csm_OEKO-TEX_Logo_2022_rgb_c1aaeb5ceb-300x300.jpg\" data-ll-status=\"loaded\" srcset=\"https:\/\/woolskins.eu\/wp-content\/uploads\/2024\/05\/csm_OEKO-TEX_Logo_2022_rgb_c1aaeb5ceb-300x300.jpg 300w, https:\/\/woolskins.eu\/wp-content\/uploads\/2024\/05\/csm_OEKO-TEX_Logo_2022_rgb_c1aaeb5ceb-150x150.jpg 150w, https:\/\/woolskins.eu\/wp-content\/uploads\/2024\/05\/csm_OEKO-TEX_Logo_2022_rgb_c1aaeb5ceb-768x769.jpg 768w, https:\/\/woolskins.eu\/wp-content\/uploads\/2024\/05\/csm_OEKO-TEX_Logo_2022_rgb_c1aaeb5ceb-12x12.jpg 12w, https:\/\/woolskins.eu\/wp-content\/uploads\/2024\/05\/csm_OEKO-TEX_Logo_2022_rgb_c1aaeb5ceb-600x601.jpg 600w, https:\/\/woolskins.eu\/wp-content\/uploads\/2024\/05\/csm_OEKO-TEX_Logo_2022_rgb_c1aaeb5ceb-100x100.jpg 100w, https:\/\/woolskins.eu\/wp-content\/uploads\/2024\/05\/csm_OEKO-TEX_Logo_2022_rgb_c1aaeb5ceb-64x64.jpg 64w, https:\/\/woolskins.eu\/wp-content\/uploads\/2024\/05\/csm_OEKO-TEX_Logo_2022_rgb_c1aaeb5ceb.jpg 885w\" sizes=\"auto, (max-width: 89px) 100vw, 89px\" \/><\/p>\n<p>&nbsp;<\/p>\n<\/div>","protected":false},"featured_media":20161,"comment_status":"open","ping_status":"closed","template":"","meta":{"_acf_changed":false},"product_brand":[],"product_cat":[502,336],"product_tag":[],"class_list":{"0":"post-20157","1":"product","2":"type-product","3":"status-publish","4":"has-post-thumbnail","6":"product_cat-zaffiro","7":"product_cat-voetenzakken","9":"first","10":"outofstock","11":"sale","12":"taxable","13":"shipping-taxable","14":"purchasable","15":"product-type-simple"},"acf":[],"_links":{"self":[{"href":"https:\/\/woolskins.eu\/it\/wp-json\/wp\/v2\/product\/20157","targetHints":{"allow":["GET"]}}],"collection":[{"href":"https:\/\/woolskins.eu\/it\/wp-json\/wp\/v2\/product"}],"about":[{"href":"https:\/\/woolskins.eu\/it\/wp-json\/wp\/v2\/types\/product"}],"replies":[{"embeddable":true,"href":"https:\/\/woolskins.eu\/it\/wp-json\/wp\/v2\/comments?post=20157"}],"wp:featuredmedia":[{"embeddable":true,"href":"https:\/\/woolskins.eu\/it\/wp-json\/wp\/v2\/media\/20161"}],"wp:attachment":[{"href":"https:\/\/woolskins.eu\/it\/wp-json\/wp\/v2\/media?parent=20157"}],"wp:term":[{"taxonomy":"product_brand","embeddable":true,"href":"https:\/\/woolskins.eu\/it\/wp-json\/wp\/v2\/product_brand?post=20157"},{"taxonomy":"product_cat","embeddable":true,"href":"https:\/\/woolskins.eu\/it\/wp-json\/wp\/v2\/product_cat?post=20157"},{"taxonomy":"product_tag","embeddable":true,"href":"https:\/\/woolskins.eu\/it\/wp-json\/wp\/v2\/product_tag?post=20157"}],"curies":[{"name":"wp","href":"https:\/\/api.w.org\/{rel}","templated":true}]}}