{"id":19410,"date":"2024-02-29T13:30:42","date_gmt":"2024-02-29T13:30:42","guid":{"rendered":"https:\/\/woolskins.eu\/?post_type=product&#038;p=19410"},"modified":"2026-05-12T11:28:12","modified_gmt":"2026-05-12T11:28:12","slug":"materasso-in-pelle-di-pecora-per-culla-e-traversina","status":"publish","type":"product","link":"https:\/\/woolskins.eu\/it\/schapenvacht-matrasje-voor-reiswieg-en-co-sleeper\/","title":{"rendered":"Materasso in pelle di pecora per navicella e Co Sleeper"},"content":{"rendered":"<p>I materassi in pelle di pecora Woolskins Baby-Care hanno un pelo pi\u00f9 corto, che li rende a prova di bambino. Sono adatti fin dalla nascita e poich\u00e9 la loro lavorazione tiene conto dell&#039;ambiente, proteggono sia i pi\u00f9 piccoli che il pianeta. A casa o in viaggio, crei un ambiente confortevole in cui tuo figlio si sente felice e rilassato. Sapevi che la pelle di pecora fa bene anche al tuo bambino?<\/p>\n<p>\u2013 Lunghezza 40-90 cm o 50\u00d790 cm \/ cappotto 3 cm.<br \/>\n\u2013 Abbronzatura medicinale.<br \/>\n\u2013 Comodi elastici che possono avvolgere il materasso.<br \/>\n\u2013 Mantello morbido e compatto.<br \/>\n\u2013 Lavabile in lavatrice e asciugabile in asciugatrice.<br \/>\n- Facile da mantenere.<\/p>\n<p>Ordina una spazzola per la manutenzione per mantenere il tuo mantello bello a lungo e\/o personalizza il tuo mantello con i dettagli di nascita del tuo\/del bambino. Un regalo bellissimo e unico, disponibile esclusivamente su Woolskins.<\/p>\n<h5 class=\"_2tV5m fggS- cell\">Propriet\u00e0 Cappotto essenziale<\/h5>\n<div class=\"rah-static rah-static--height-auto\" aria-hidden=\"false\">\n<div>\n<div class=\"_1yvxJ fggS- cell\">\n<div class=\"WncCi NTPd3\" data-hook=\"info-section-description\">\n<p>Questa pelle di pecora Baby-Care proviene da pecore inglesi. \u00c8 un pelo molto morbido e compatto ed \u00e8 il nostro TIP! Come tutti gli altri nostri cappotti, le fibre di lana respirano. Questo aiuta il tuo bambino a mantenere una temperatura stabile e lo mantiene asciutto e comodo. Fresco d&#039;estate e caldo d&#039;inverno.<\/p>\n<\/div>\n<\/div>\n<\/div>\n<\/div>\n<h5 class=\"Text4179662635__root Text4179662635---typography-11-runningText Text4179662635---priority-7-primary s8gg2 _2UIKs InfoSectionTitle3095652555__root\" aria-hidden=\"false\" data-hook=\"info-section-title\">Ecologico<\/h5>\n<div class=\"rah-static rah-static--height-auto\" aria-hidden=\"false\">\n<div class=\"_1yvxJ fggS- cell\">\n<div class=\"WncCi NTPd3\" data-hook=\"info-section-description\">\n<p>Tutti i prodotti utilizzati nella concia e nella rifinizione sono conformi alle essenziali direttive comunitarie relative alla salvaguardia e alla tutela dell&#039;ambiente.<\/p>\n<p>I nostri velli sono conciati in conformit\u00e0 con le normative REACH, adottate per migliorare la protezione della salute umana e dell&#039;ambiente contro i rischi che le sostanze chimiche possono comportare, aumentando al contempo la competitivit\u00e0 dell&#039;industria chimica dell&#039;UE. Nella produzione non vengono utilizzati coloranti AZO.<\/p>\n<p>PRODOTTI ECO \u2013 le pelli sono pelli ecologiche, la loro lavorazione e trattamento sono sicuri per adulti e bambini. Le pelli sono biodegradabili, organiche.<\/p>\n<p>Woolskins non vende velli di pecora a cui \u00e8 stato applicato il Mulesing! Il Mulesing non viene utilizzato nelle pecore europee perch\u00e9 il parassita che induce gli allevatori a utilizzare il Mulesing non \u00e8 presente in Europa.<\/p>\n<h5 class=\"Text4179662635__root Text4179662635---typography-11-runningText Text4179662635---priority-7-primary s8gg2 _2UIKs InfoSectionTitle3095652555__root\" aria-hidden=\"false\" data-hook=\"info-section-title\">Dormienti di pancia\u2026 prendete nota!<\/h5>\n<div class=\"rah-static rah-static--height-auto\" aria-hidden=\"false\">\n<div class=\"_1yvxJ fggS- cell\">\n<div class=\"WncCi NTPd3\" data-hook=\"info-section-description\">\n<p>I bambini che dormono a pancia in gi\u00f9 per i primi 12 mesi non dovrebbero dormire su nulla di morbido per motivi di sicurezza, poich\u00e9 ci\u00f2 pu\u00f2 essere pericoloso. Consigliamo quindi di utilizzare saggiamente il cappotto Woolskins! Prestate sempre attenzione quando il vostro bambino \u00e8 sdraiato o dorme a pancia in gi\u00f9 e assicuratevi che sia sempre sorvegliato.<\/p>\n<\/div>\n<\/div>\n<\/div>\n<\/div>\n<\/div>\n<\/div>","protected":false},"excerpt":{"rendered":"<p>Questa pelle di pecora Woolskins pu\u00f2 essere utilizzata in qualsiasi stagione dell&#039;anno. Il cappotto \u00e8 realizzato in morbida lana d&#039;agnello conciata con medicinali con un&#039;altezza della lana di 3 cm. Dormire su una pelle di pecora \u00e8 molto rilassante e grazie alla fibra cava della lana, il tuo bambino non suder\u00e0 facilmente e si sentir\u00e0 quindi estremamente a suo agio. Questo materasso pu\u00f2 essere utilizzato tutto l&#039;anno e aiuta il tuo bambino a mantenere una temperatura stabile. Lo fa \u201cdinamicamente\u201d, nel senso che avviene quando \u00e8 necessario e non quando non \u00e8 necessario. Caldo d&#039;inverno e fresco d&#039;estate. Grazie alle due fasce elastiche il materasso rimane in posizione.<\/p>","protected":false},"featured_media":19417,"comment_status":"open","ping_status":"closed","template":"","meta":{"_acf_changed":false},"product_brand":[],"product_cat":[354,216,222],"product_tag":[],"class_list":{"0":"post-19410","1":"product","2":"type-product","3":"status-publish","4":"has-post-thumbnail","6":"product_cat-woolskins","7":"product_cat-schapenvacht-voor-baby","8":"product_cat-buggy-schapenvachtjes","10":"first","11":"instock","12":"taxable","13":"shipping-taxable","14":"purchasable","15":"product-type-variable"},"acf":[],"_links":{"self":[{"href":"https:\/\/woolskins.eu\/it\/wp-json\/wp\/v2\/product\/19410","targetHints":{"allow":["GET"]}}],"collection":[{"href":"https:\/\/woolskins.eu\/it\/wp-json\/wp\/v2\/product"}],"about":[{"href":"https:\/\/woolskins.eu\/it\/wp-json\/wp\/v2\/types\/product"}],"replies":[{"embeddable":true,"href":"https:\/\/woolskins.eu\/it\/wp-json\/wp\/v2\/comments?post=19410"}],"wp:featuredmedia":[{"embeddable":true,"href":"https:\/\/woolskins.eu\/it\/wp-json\/wp\/v2\/media\/19417"}],"wp:attachment":[{"href":"https:\/\/woolskins.eu\/it\/wp-json\/wp\/v2\/media?parent=19410"}],"wp:term":[{"taxonomy":"product_brand","embeddable":true,"href":"https:\/\/woolskins.eu\/it\/wp-json\/wp\/v2\/product_brand?post=19410"},{"taxonomy":"product_cat","embeddable":true,"href":"https:\/\/woolskins.eu\/it\/wp-json\/wp\/v2\/product_cat?post=19410"},{"taxonomy":"product_tag","embeddable":true,"href":"https:\/\/woolskins.eu\/it\/wp-json\/wp\/v2\/product_tag?post=19410"}],"curies":[{"name":"wp","href":"https:\/\/api.w.org\/{rel}","templated":true}]}}