{"id":19112,"date":"2024-01-26T12:13:52","date_gmt":"2024-01-26T12:13:52","guid":{"rendered":"https:\/\/woolskins.eu\/?post_type=product&#038;p=19112"},"modified":"2025-11-12T11:15:18","modified_gmt":"2025-11-12T11:15:18","slug":"pantaloncini-corti-per-neonati-di-marca-basic-bianco-naturale","status":"publish","type":"product","link":"https:\/\/woolskins.eu\/it\/a-basic-brand-babybroekje-kort-natural-white\/","title":{"rendered":"Un marchio basic \u2013 Pantaloni corti per beb\u00e8 | Bianco naturale"},"content":{"rendered":"<h6>Un marchio per bambini<\/h6>\n<p>Pantaloncini super morbidi e sottili realizzati in cotone biologico. Vestibilit\u00e0 ampia, finiture grezze. Abbinalo ad una t-shirt grezza o ad una canotta grezza per un completo estivo perfetto.<\/p>\n<p>100% Cotone biologico certificato GOTS.<\/p>\n<p>Taglie:<\/p>\n<p>6m \u2013 68cm<br \/>\n1 anno \u2013 80 cm<\/p>\n<h5>Un marchio per bambini<\/h5>\n<p>Scopri un guardaroba davvero minimalista, pieno di pratici elementi essenziali. Mescola e abbina i nostri modelli e colori unisex. Nessun logo, nessuna stampa, nessuna confusione.<\/p>\n<p>La nostra missione \u00e8 semplificarti la vita, quindi una delle idee principali alla base della nostra filosofia \u00e8 la PRATICA. Abbiamo anche a cuore il nostro pianeta e desideriamo che tutti vivano una vita pi\u00f9 minimalista e quindi usino meno vestiti (#CONSUMEWISELY).<\/p>\n<p>Ecco perch\u00e9 la qualit\u00e0 dei nostri prodotti \u00e8 la pi\u00f9 alta possibile. Puoi usarli per anni e trasmetterli quando hai finito. Utilizziamo tessuti di prima qualit\u00e0 con certificato di cotone organico GOTS e STANDARD 100 di OEKO-TEX\u00ae. Tutti i nostri prodotti possono essere lavati in lavatrice e asciugati in asciugatrice tutte le volte che vuoi. Scoprirai che la nostra felpa di cotone non ha nemmeno bisogno di essere stirata per avere un bell&#039;aspetto.<\/p>","protected":false},"excerpt":{"rendered":"<h6>Un marchio per bambini<\/h6>\n<p>Pantaloncini super morbidi e sottili realizzati in cotone biologico. Vestibilit\u00e0 ampia, finiture grezze. Abbinalo ad una t-shirt grezza o ad una canotta grezza per un completo estivo perfetto.<\/p>","protected":false},"featured_media":19119,"comment_status":"closed","ping_status":"closed","template":"","meta":{"_acf_changed":false},"product_brand":[],"product_cat":[335,361,360,363,529,532],"product_tag":[],"class_list":{"0":"post-19112","1":"product","2":"type-product","3":"status-publish","4":"has-post-thumbnail","6":"product_cat-a_baby_brand","7":"product_cat-babyshower","8":"product_cat-cadeautips","9":"product_cat-cadeaus-e25-e50","10":"product_cat-katoenen-babykleertjes","11":"product_cat-katoenen-babybroekjes","12":"pa_maat-1-jaar","13":"pa_maat-6-maanden","15":"first","16":"instock","17":"taxable","18":"shipping-taxable","19":"purchasable","20":"product-type-variable"},"acf":[],"_links":{"self":[{"href":"https:\/\/woolskins.eu\/it\/wp-json\/wp\/v2\/product\/19112","targetHints":{"allow":["GET"]}}],"collection":[{"href":"https:\/\/woolskins.eu\/it\/wp-json\/wp\/v2\/product"}],"about":[{"href":"https:\/\/woolskins.eu\/it\/wp-json\/wp\/v2\/types\/product"}],"replies":[{"embeddable":true,"href":"https:\/\/woolskins.eu\/it\/wp-json\/wp\/v2\/comments?post=19112"}],"wp:featuredmedia":[{"embeddable":true,"href":"https:\/\/woolskins.eu\/it\/wp-json\/wp\/v2\/media\/19119"}],"wp:attachment":[{"href":"https:\/\/woolskins.eu\/it\/wp-json\/wp\/v2\/media?parent=19112"}],"wp:term":[{"taxonomy":"product_brand","embeddable":true,"href":"https:\/\/woolskins.eu\/it\/wp-json\/wp\/v2\/product_brand?post=19112"},{"taxonomy":"product_cat","embeddable":true,"href":"https:\/\/woolskins.eu\/it\/wp-json\/wp\/v2\/product_cat?post=19112"},{"taxonomy":"product_tag","embeddable":true,"href":"https:\/\/woolskins.eu\/it\/wp-json\/wp\/v2\/product_tag?post=19112"}],"curies":[{"name":"wp","href":"https:\/\/api.w.org\/{rel}","templated":true}]}}