{"id":18127,"date":"2023-11-30T14:50:08","date_gmt":"2023-11-30T14:50:08","guid":{"rendered":"https:\/\/woolskins.eu\/?post_type=product&#038;p=18127"},"modified":"2026-03-10T10:57:42","modified_gmt":"2026-03-10T10:57:42","slug":"inserto-in-pelle-di-pecora-per-seggiolino-auto-maxi-cosi-icelandic","status":"publish","type":"product","link":"https:\/\/woolskins.eu\/it\/schapenvacht-inlegkussen-voor-maxi-cosi-autostoel-icelandic\/","title":{"rendered":"Cuscino con inserto in pelle di pecora per Maxi Cosi e seggiolino auto \u2013 Islandese"},"content":{"rendered":"<p>Molto comodo sia in viaggio che a casa. Ideale per lunghi viaggi di vacanza verso paesi freddi e caldi. \u00c8 estremamente confortevole perch\u00e9 respira e assorbe immediatamente il sudore senza dare la sensazione di bagnato\/umido al tuo bambino.<\/p>\n<p>\u2013 Dimensioni 70 x 33-22-29 cm (lunghezza x sopra-medio-sotto), mantello 3 cm.<br \/>\n\u2013 Tacche per cinghie di sicurezza 3 e 5 punti.<br \/>\n\u2013 Abbronzatura medicinale.<br \/>\n\u2013 Mantello morbido e compatto.<br \/>\n\u2013 Lavabile in lavatrice e asciugabile in asciugatrice.<br \/>\n- Facile da mantenere.<\/p>\n<h5 class=\"Text1234883549__root Text1234883549---typography-11-runningText Text1234883549---priority-7-primary s8gg2 _2UIKs InfoSectionTitle3095652555__root\" aria-hidden=\"false\" data-hook=\"info-section-title\">Viaggia comodamente<\/h5>\n<div class=\"rah-static rah-static--height-auto\" aria-hidden=\"false\">\n<div>\n<div class=\"_1yvxJ fggS- cell\">\n<div class=\"WncCi NTPd3\" data-hook=\"info-section-description\">\n<p>Le fibre di lana respirano e hanno la propriet\u00e0 di agire come un termostato naturale che regola la temperatura corporea? Questo aiuta il tuo bambino a mantenere una temperatura stabile e lo mantiene asciutto e comodo. Lo fa \u201cdinamicamente\u201d, nel senso che avviene quando \u00e8 necessario e non quando non \u00e8 necessario. Caldo d&#039;inverno e fresco d&#039;estate.<\/p>\n<\/div>\n<\/div>\n<\/div>\n<\/div>\n<p>I cappotti Woolskins Baby-Care hanno un pelo pi\u00f9 corto, che li rende a prova di bambino. Sono adatti fin dalla nascita e poich\u00e9 la loro lavorazione tiene conto dell&#039;ambiente, proteggono sia i pi\u00f9 piccoli che il pianeta. A casa o in viaggio, crei un ambiente confortevole in cui tuo figlio si sente felice e rilassato. Confezione standard &quot;pronta per il regalo&quot; con una nota personale.<\/p>\n<h5><strong>Propriet\u00e0 Pelle di pecora islandese<\/strong><\/h5>\n<p>Le pecore islandesi sono famose soprattutto per il loro pelo lungo. L&#039;abbiamo fatto tagliare a una lunghezza ridotta soprattutto per i bambini, in modo che lo strato isolante di lana &quot;sotto&quot; venga in primo piano. Questo cappotto \u00e8 caratterizzato in particolare dalla morbidezza del lato in pelle e cade come una coperta. Come tutti gli altri nostri cappotti, le fibre di lana respirano. Questo aiuta il tuo bambino a mantenere una temperatura stabile e lo mantiene asciutto e comodo. Fresco d&#039;estate e caldo d&#039;inverno.<\/p>\n<h5><b>Ecologico<\/b><\/h5>\n<p><span style=\"font-weight: 400;\">Tutti i prodotti utilizzati nella concia e nella rifinizione sono conformi alle essenziali direttive comunitarie relative alla salvaguardia e alla tutela dell&#039;ambiente.<\/span><\/p>\n<p><span style=\"font-weight: 400;\">I nostri velli sono conciati in conformit\u00e0 con le normative REACH, adottate per migliorare la protezione della salute umana e dell&#039;ambiente contro i rischi che le sostanze chimiche possono comportare, aumentando al contempo la competitivit\u00e0 dell&#039;industria chimica dell&#039;UE. Nella produzione non vengono utilizzati coloranti AZO.<\/span><\/p>\n<p><span style=\"font-weight: 400;\">PRODOTTI ECO \u2013 le pelli sono pelli ecologiche, la loro lavorazione e trattamento sono sicuri per adulti e bambini. Le pelli sono biodegradabili, organiche.<\/span><\/p>\n<p><span style=\"font-weight: 400;\">Woolskins non vende velli di pecora a cui \u00e8 stato applicato il Mulesing! Il Mulesing non viene utilizzato nelle pecore europee perch\u00e9 il parassita che induce gli allevatori a utilizzare il Mulesing non \u00e8 presente in Europa.<\/span><\/p>\n<h5><b>Dormienti di pancia\u2026 prendete nota!<\/b><\/h5>\n<p><span style=\"font-weight: 400;\">I bambini che dormono a pancia in gi\u00f9 per i primi 12 mesi non dovrebbero dormire su nulla di morbido per motivi di sicurezza, poich\u00e9 ci\u00f2 pu\u00f2 essere pericoloso. Consigliamo quindi di utilizzare saggiamente il cappotto Woolskins! Prestate sempre attenzione quando il vostro bambino \u00e8 sdraiato o dorme a pancia in gi\u00f9 e assicuratevi che sia sempre sorvegliato.<\/span><\/p>\n<p>&nbsp;<\/p>","protected":false},"excerpt":{"rendered":"<p>Questo meraviglioso inserto in montone per Maxi Cosi \u00e8 un prodotto comodo e naturale che mantiene il tuo bambino caldo e accogliente in viaggio e durante i lunghi viaggi. Un cuscino con intarsio in pelle di pecora presenta numerosi vantaggi, tra cui:<\/p>\n<ul>\n<li>\u00c8 realizzato in vera pelle di pecora 100%, morbida, traspirante e traspirante. La pelle di pecora \u00e8 anche ipoallergenica e antibatterica, il che la rende adatta a bambini con pelle sensibile o allergie.<\/li>\n<li>Si adatta alla maggior parte dei modelli Maxi Cosi, grazie alla sua forma rotonda e agli passanti per la cintura. Puoi attaccare e rimuovere facilmente il cuscino, questo inserto non \u00e8 lavabile come il nostro inserto medicinale.<\/li>\n<li>Garantisce una temperatura ottimale per il tuo bambino, sia in estate che in inverno. In estate il cuscino \u00e8 fresco e assorbe il sudore, mentre in inverno \u00e8 caldo e accogliente. Il cuscino aiuta anche a migliorare la circolazione sanguigna e il tono muscolare del tuo bambino.<\/li>\n<\/ul>\n<p>Un cuscino con intarsio in montone per Maxi Cosi \u00e8 quindi un prodotto ideale per i genitori che vogliono dare il meglio al proprio bambino. \u00c8 un prodotto sostenibile ed ecologico, realizzato con materiali naturali e privo di sostanze nocive. Con un cuscino con inserto in pelle di pecora per Maxi Cosi potrai rendere ogni viaggio con il tuo bambino comodo e accogliente.<\/p>","protected":false},"featured_media":18130,"comment_status":"closed","ping_status":"closed","template":"","meta":{"_acf_changed":false},"product_brand":[],"product_cat":[364,498,216,354],"product_tag":[],"class_list":{"0":"post-18127","1":"product","2":"type-product","3":"status-publish","4":"has-post-thumbnail","6":"product_cat-cadeaus-vanaf-e50","7":"product_cat-inlegkussenmaxicosi","8":"product_cat-schapenvacht-voor-baby","9":"product_cat-woolskins","11":"first","12":"instock","13":"taxable","14":"shipping-taxable","15":"purchasable","16":"product-type-variable","17":"has-default-attributes"},"acf":[],"_links":{"self":[{"href":"https:\/\/woolskins.eu\/it\/wp-json\/wp\/v2\/product\/18127","targetHints":{"allow":["GET"]}}],"collection":[{"href":"https:\/\/woolskins.eu\/it\/wp-json\/wp\/v2\/product"}],"about":[{"href":"https:\/\/woolskins.eu\/it\/wp-json\/wp\/v2\/types\/product"}],"replies":[{"embeddable":true,"href":"https:\/\/woolskins.eu\/it\/wp-json\/wp\/v2\/comments?post=18127"}],"wp:featuredmedia":[{"embeddable":true,"href":"https:\/\/woolskins.eu\/it\/wp-json\/wp\/v2\/media\/18130"}],"wp:attachment":[{"href":"https:\/\/woolskins.eu\/it\/wp-json\/wp\/v2\/media?parent=18127"}],"wp:term":[{"taxonomy":"product_brand","embeddable":true,"href":"https:\/\/woolskins.eu\/it\/wp-json\/wp\/v2\/product_brand?post=18127"},{"taxonomy":"product_cat","embeddable":true,"href":"https:\/\/woolskins.eu\/it\/wp-json\/wp\/v2\/product_cat?post=18127"},{"taxonomy":"product_tag","embeddable":true,"href":"https:\/\/woolskins.eu\/it\/wp-json\/wp\/v2\/product_tag?post=18127"}],"curies":[{"name":"wp","href":"https:\/\/api.w.org\/{rel}","templated":true}]}}