{"id":18084,"date":"2023-11-29T10:35:42","date_gmt":"2023-11-29T10:35:42","guid":{"rendered":"https:\/\/woolskins.eu\/?post_type=product&#038;p=18084"},"modified":"2026-02-21T14:22:13","modified_gmt":"2026-02-21T14:22:13","slug":"coperta-di-lana-per-culla-coperta-per-bambini-beige-infeltrita-cuciture-scure","status":"publish","type":"product","link":"https:\/\/woolskins.eu\/it\/wollen-wiegdeken-babydeken-beige-felted-donkere-stiksel\/","title":{"rendered":"Coperta per culla \/ coperta per bambino in lana | Beige Feltro\/cuciture scure"},"content":{"rendered":"<p>Il tuo bambino dormir\u00e0 meravigliosamente e sogner\u00e0 in questa comoda coperta di lana realizzata in lana infeltrita 100%. La coperta cade dolcemente ed \u00e8 molto morbida. Hanno un aspetto bello e lussuoso e sono estremamente confortevoli. Le coperte di lana respirano e misurano immediatamente la temperatura del tuo bambino. Hanno le dimensioni e il peso ideali per dormire o giocare. Usalo a casa o in viaggio per tenere il tuo bambino al caldo.<\/p>\n<p>\u2013 100% lana vergine infeltrita con marchio di qualit\u00e0 Woolmark.<br \/>\n\u2013 Struttura liscia, morbida e compatta<br \/>\n\u2013 Buone propriet\u00e0 termiche<br \/>\n\u2013 Per la casa e in viaggio.<br \/>\n\u2013 Dimensioni: 65 x 90 cm, 90 x 130 cm e 150 x 200 cm.<br \/>\n\u2013 Produzione europea.<br \/>\n\u2013 lavabile a 30\u00b0C programma lavaggio lana.<\/p>\n<p>Le nostre coperte per culla in Eco Lana sono molto adatte ai pi\u00f9 piccoli grazie alle propriet\u00e0 naturali delle fibre di lana. Questi respirano e hanno la propriet\u00e0 di agire come un termostato naturale che regola la temperatura corporea? Questo aiuta il tuo bambino a mantenere una temperatura stabile e lo mantiene asciutto e comodo. Lo fa \u201cdinamicamente\u201d, nel senso che avviene quando \u00e8 necessario e non quando non \u00e8 necessario.<\/p>\n<p>Questo prodotto ha il marchio di qualit\u00e0 Safe for Children e Woolmark.<\/p>\n<h5>Etichetta di pelli di lana<\/h5>\n<p>Dopo anni di collaborazione di successo con Alwero, possiamo annunciare con orgoglio che ora portiamo i nostri prodotti sotto la nostra etichetta Woolskins.<\/p>\n<p>In questo modo ottieni comunque la migliore qualit\u00e0, ma combinata con i prodotti e i design pi\u00f9 belli e unici.<\/p>\n<p>La qualit\u00e0 dei tessuti e dei colori rimane quella di sempre, ma ora c&#039;\u00e8 una scelta pi\u00f9 ampia che secondo Woolskins pu\u00f2 distinguersi.<\/p>\n<p>La nostra ampia collezione \u00e8 composta in modo tale da costituire una buona aggiunta a qualsiasi set per neonati, realizzata in lana europea 100% che respira ed \u00e8 adatta ad ogni stagione.<\/p>\n<p>Uniamo con entusiasmo le forze per creare un prodotto sostenibile, naturale e confortevole per il tuo bambino<\/p>","protected":false},"excerpt":{"rendered":"<p>Il vostro bambino dormir\u00e0 meravigliosamente e sogner\u00e0 sotto questa comoda coperta da lettino in lana 100%. La coperta da lettino in lana \u00e8 elastica e molto morbida ed \u00e8 rifinita con un punto festone. Hanno un aspetto bello e lussuoso e appartengono a ogni set per bambini. Le coperte di lana respirano e misurano immediatamente la temperatura del tuo bambino. Hanno le dimensioni e il peso ideali per dormire o giocare. Usalo a casa o in viaggio per tenere il tuo bambino al caldo. La coperta \u00e8 adatta ad ogni stagione ed \u00e8 un regalo perfetto per un baby shower o una visita di maternit\u00e0. ! Le foto d&#039;atmosfera sono prive di cuciture scure!<\/p>\n<p><strong>Marca: Woolskin<\/strong><br \/>\n<strong>Produzione: Polonia<\/strong><\/p>","protected":false},"featured_media":18102,"comment_status":"closed","ping_status":"closed","template":"","meta":{"_acf_changed":false},"product_brand":[],"product_cat":[361,360,363,196,318,194],"product_tag":[],"class_list":{"0":"post-18084","1":"product","2":"type-product","3":"status-publish","4":"has-post-thumbnail","6":"product_cat-babyshower","7":"product_cat-cadeautips","8":"product_cat-cadeaus-e25-e50","9":"product_cat-slaapkleding-baby","10":"product_cat-wollen-wiegdeken-ledikantdeken","11":"product_cat-wollen-babyproducten","12":"pa_maat-100-x-150-cm","13":"pa_maat-150-x-200-cm","14":"pa_maat-65-x-90-cm","15":"pa_maat-75-x-100-cm","16":"pa_maat-90-x-130-cm","18":"first","19":"instock","20":"taxable","21":"shipping-taxable","22":"purchasable","23":"product-type-variable"},"acf":[],"_links":{"self":[{"href":"https:\/\/woolskins.eu\/it\/wp-json\/wp\/v2\/product\/18084","targetHints":{"allow":["GET"]}}],"collection":[{"href":"https:\/\/woolskins.eu\/it\/wp-json\/wp\/v2\/product"}],"about":[{"href":"https:\/\/woolskins.eu\/it\/wp-json\/wp\/v2\/types\/product"}],"replies":[{"embeddable":true,"href":"https:\/\/woolskins.eu\/it\/wp-json\/wp\/v2\/comments?post=18084"}],"wp:featuredmedia":[{"embeddable":true,"href":"https:\/\/woolskins.eu\/it\/wp-json\/wp\/v2\/media\/18102"}],"wp:attachment":[{"href":"https:\/\/woolskins.eu\/it\/wp-json\/wp\/v2\/media?parent=18084"}],"wp:term":[{"taxonomy":"product_brand","embeddable":true,"href":"https:\/\/woolskins.eu\/it\/wp-json\/wp\/v2\/product_brand?post=18084"},{"taxonomy":"product_cat","embeddable":true,"href":"https:\/\/woolskins.eu\/it\/wp-json\/wp\/v2\/product_cat?post=18084"},{"taxonomy":"product_tag","embeddable":true,"href":"https:\/\/woolskins.eu\/it\/wp-json\/wp\/v2\/product_tag?post=18084"}],"curies":[{"name":"wp","href":"https:\/\/api.w.org\/{rel}","templated":true}]}}