{"id":17835,"date":"2023-11-17T12:18:52","date_gmt":"2023-11-17T12:18:52","guid":{"rendered":"https:\/\/woolskins.eu\/?post_type=product&#038;p=17835"},"modified":"2025-11-03T14:12:14","modified_gmt":"2025-11-03T14:12:14","slug":"tappeto-per-cameretta-cameretta-2","status":"publish","type":"product","link":"https:\/\/woolskins.eu\/it\/vloerkleed-voor-babykamer-kinderkamer-2\/","title":{"rendered":"Tappeto per cameretta e cameretta dei bambini"},"content":{"rendered":"","protected":false},"excerpt":{"rendered":"<p>I nostri tappeti in lana annodati a mano sono un complemento perfetto per la cameretta dei bambini. \u00c8 caldo, resistente e di facile manutenzione. Questo tappeto in lana \u00e8 realizzato in lana naturale, ipoallergenica, resistente allo sporco e ignifuga. Inoltre, un tappeto annodato a mano dona un tocco unico e personale alla stanza, perch\u00e9 ogni tappeto \u00e8 diverso.<\/p>\n<p>\u00c8 un ottimo modo per rendere la stanza del bambino pi\u00f9 accogliente, confortevole e divertente. \u00c8 un investimento che durer\u00e0 per anni e far\u00e0 divertire molto i bambini, in parte grazie al giocoso rilievo della lana con motivi divertenti sul tappeto. Godetevi i vantaggi di un prodotto artigianale naturale, bello e di alta qualit\u00e0.<\/p>\n<ul>\n<li>Dimensioni 150\u00d780 cm.<\/li>\n<li>100% lana.<\/li>\n<\/ul>\n<p><strong>Marca: Woolskin<br \/>\nProduzione: Europa<\/strong><\/p>","protected":false},"featured_media":17833,"comment_status":"open","ping_status":"closed","template":"","meta":{"_acf_changed":false},"product_brand":[],"product_cat":[348,528],"product_tag":[],"class_list":{"0":"post-17835","1":"product","2":"type-product","3":"status-publish","4":"has-post-thumbnail","6":"product_cat-kussens","7":"product_cat-schapenvachten-voor-thuis","9":"first","10":"instock","11":"taxable","12":"shipping-taxable","13":"purchasable","14":"product-type-simple"},"acf":[],"_links":{"self":[{"href":"https:\/\/woolskins.eu\/it\/wp-json\/wp\/v2\/product\/17835","targetHints":{"allow":["GET"]}}],"collection":[{"href":"https:\/\/woolskins.eu\/it\/wp-json\/wp\/v2\/product"}],"about":[{"href":"https:\/\/woolskins.eu\/it\/wp-json\/wp\/v2\/types\/product"}],"replies":[{"embeddable":true,"href":"https:\/\/woolskins.eu\/it\/wp-json\/wp\/v2\/comments?post=17835"}],"wp:featuredmedia":[{"embeddable":true,"href":"https:\/\/woolskins.eu\/it\/wp-json\/wp\/v2\/media\/17833"}],"wp:attachment":[{"href":"https:\/\/woolskins.eu\/it\/wp-json\/wp\/v2\/media?parent=17835"}],"wp:term":[{"taxonomy":"product_brand","embeddable":true,"href":"https:\/\/woolskins.eu\/it\/wp-json\/wp\/v2\/product_brand?post=17835"},{"taxonomy":"product_cat","embeddable":true,"href":"https:\/\/woolskins.eu\/it\/wp-json\/wp\/v2\/product_cat?post=17835"},{"taxonomy":"product_tag","embeddable":true,"href":"https:\/\/woolskins.eu\/it\/wp-json\/wp\/v2\/product_tag?post=17835"}],"curies":[{"name":"wp","href":"https:\/\/api.w.org\/{rel}","templated":true}]}}