{"id":17301,"date":"2023-10-29T14:57:25","date_gmt":"2023-10-29T14:57:25","guid":{"rendered":"https:\/\/woolskins.eu\/?post_type=product&#038;p=17301"},"modified":"2025-12-11T12:44:29","modified_gmt":"2025-12-11T12:44:29","slug":"cappotto-in-lana-per-neonati-di-marca-basic-grigio-chiaro","status":"publish","type":"product","link":"https:\/\/woolskins.eu\/it\/wollen-babyjas-a-basic-brand-lichtgrijs\/","title":{"rendered":"Un marchio basic \u2013 Cappotto in lana per bambini | grigio chiaro"},"content":{"rendered":"<p>La giacca di lana di\u00a0<strong>Un marchio fondamentale<\/strong> \u00e8 disponibile presso Woolskins in diversi colori e pu\u00f2 essere perfettamente combinato con tutti gli altri prodotti in lana della nostra collezione<\/p>\n<p>Composto:<br \/>\n100% lana.<\/p>\n<p>Tabella di formato:<\/p>\n<p>Lunghezza totale cm \/ larghezza totale cm \/ lunghezza manica cm<br \/>\n6 mesi \u2013 30 cm \/ 30 cm \/ 25 cm<br \/>\n1 anno \u2013 34 cm \/ 32 cm \/<\/p>\n<h5 class=\"seo_titel_cat\">Un marchio per bambini<\/h5>\n<p>Scopri un guardaroba davvero minimalista di A Basic Brand, pieno di pratici elementi essenziali. Mescola e abbina i nostri modelli e colori unisex. Nessun logo, nessuna stampa, nessuna confusione.<\/p>\n<p>La loro missione \u00e8 semplificarti la vita, quindi una delle idee principali alla base della nostra filosofia \u00e8 la PRATICA. Abbiamo anche a cuore il nostro pianeta e desideriamo che tutti vivano una vita pi\u00f9 minimalista e quindi usino meno vestiti (#CONSUMEWISELY).<\/p>\n<p>Pertanto, la qualit\u00e0 di questi prodotti \u00e8 la pi\u00f9 alta possibile. Puoi usarli per anni e trasmetterli quando hai finito. Utilizziamo tessuti di prima qualit\u00e0 con certificato di cotone organico GOTS e STANDARD 100 di OEKO-TEX\u00ae. Tutti i prodotti possono essere lavati in lavatrice e asciugati in asciugatrice tutte le volte che vuoi. Scoprirai che la nostra felpa di cotone non ha nemmeno bisogno di essere stirata per avere un bell&#039;aspetto.<\/p>\n<h5>Istruzioni di lavaggio:<\/h5>\n<p>Consigliamo di lavare a mano i nostri prodotti in acqua tiepida e di utilizzare un detersivo alla lanolina.<\/p>","protected":false},"excerpt":{"rendered":"<p>I materiali naturali e morbidi sono essenziali per la pelle sensibile di neonati e bambini. Questa giacca in lana per bambini di <strong>Un marchio fondamentale<\/strong> \u00e8 la scelta perfetta per i genitori che cercano un cappotto caldo e confortevole per il loro bambino. Questa giacca \u00e8 realizzata in lana naturale 100%, nota per le sue propriet\u00e0 isolanti e la capacit\u00e0 di regolare l&#039;umidit\u00e0. La giacca \u00e8 ideale per la primavera e l&#039;autunno o come caldo cardigan in inverno.<\/p>\n<p>La giacca ha un design senza tempo ed \u00e8 disponibile in diversi colori. Il risvolto delle maniche veste bene la giacca e garantisce che possa essere indossata a lungo. La giacca \u00e8 adatta sia per ragazzi che per ragazze.<\/p>\n<p>La lana \u00e8 ipoallergenica e priva di sostanze nocive, il che la rende molto adatta ai bambini con allergie o pelle sensibile. Inoltre, la lana \u00e8 resistente e resiste ai colpi, facendo durare a lungo la giacca.<\/p>\n<p><strong>Marchio: un marchio di base<\/strong><br \/>\n<strong>Produzione: Polonia<\/strong><\/p>","protected":false},"featured_media":17283,"comment_status":"open","ping_status":"closed","template":"","meta":{"_acf_changed":false},"product_brand":[],"product_cat":[360,335,364,200,337,413],"product_tag":[],"class_list":{"0":"post-17301","1":"product","2":"type-product","3":"status-publish","4":"has-post-thumbnail","6":"product_cat-cadeautips","7":"product_cat-a_baby_brand","8":"product_cat-cadeaus-vanaf-e50","9":"product_cat-wollen-babykleding","10":"product_cat-vestjes","11":"product_cat-alwero-bodywarmer","13":"first","14":"instock","15":"taxable","16":"shipping-taxable","17":"purchasable","18":"product-type-variable"},"acf":[],"_links":{"self":[{"href":"https:\/\/woolskins.eu\/it\/wp-json\/wp\/v2\/product\/17301","targetHints":{"allow":["GET"]}}],"collection":[{"href":"https:\/\/woolskins.eu\/it\/wp-json\/wp\/v2\/product"}],"about":[{"href":"https:\/\/woolskins.eu\/it\/wp-json\/wp\/v2\/types\/product"}],"replies":[{"embeddable":true,"href":"https:\/\/woolskins.eu\/it\/wp-json\/wp\/v2\/comments?post=17301"}],"wp:featuredmedia":[{"embeddable":true,"href":"https:\/\/woolskins.eu\/it\/wp-json\/wp\/v2\/media\/17283"}],"wp:attachment":[{"href":"https:\/\/woolskins.eu\/it\/wp-json\/wp\/v2\/media?parent=17301"}],"wp:term":[{"taxonomy":"product_brand","embeddable":true,"href":"https:\/\/woolskins.eu\/it\/wp-json\/wp\/v2\/product_brand?post=17301"},{"taxonomy":"product_cat","embeddable":true,"href":"https:\/\/woolskins.eu\/it\/wp-json\/wp\/v2\/product_cat?post=17301"},{"taxonomy":"product_tag","embeddable":true,"href":"https:\/\/woolskins.eu\/it\/wp-json\/wp\/v2\/product_tag?post=17301"}],"curies":[{"name":"wp","href":"https:\/\/api.w.org\/{rel}","templated":true}]}}