{"id":16803,"date":"2023-10-09T11:59:51","date_gmt":"2023-10-09T11:59:51","guid":{"rendered":"https:\/\/woolskins.eu\/?post_type=product&#038;p=16803"},"modified":"2026-02-24T13:34:16","modified_gmt":"2026-02-24T13:34:16","slug":"calzini-di-marca-per-bambini","status":"publish","type":"product","link":"https:\/\/woolskins.eu\/it\/a-basic-brand-sokken-voor-baby\/","title":{"rendered":"Un marchio fondamentale: calzini per neonati"},"content":{"rendered":"<p>Questi classici calzini alla caviglia realizzati in cotone biologico sono sicuri per la pelle sensibile del tuo bambino. La calza ha un polsino morbido e confortevole senza pressione. Pu\u00f2 essere utilizzato tutto l&#039;anno.<\/p>\n<p>\u2013 3 Pezzi (bianco\/grigio chiaro\/nero)<br \/>\n\u2013 80% cotone 18% poliammide 2% elastan<\/p>\n<div class=\"item-bottom__link dif_color\">Guida alle taglie:<\/div>\n<div class=\"item-bottom__text _active\">\n<p>Misura della scarpa \u2013 lunghezza del piede<\/p>\n<p>14\/16 \u2013 7\/9 centimetri<br \/>\n17\/19 \u2013 10\/12cm<\/p>\n<h5>Un marchio per bambini<\/h5>\n<p>Scopri un guardaroba davvero minimalista, pieno di pratici elementi essenziali. Mescola e abbina i nostri modelli e colori unisex. Nessun logo, nessuna stampa, nessuna confusione.<\/p>\n<p>La nostra missione \u00e8 semplificarti la vita, quindi una delle idee principali alla base della nostra filosofia \u00e8 la PRATICA. Abbiamo anche a cuore il nostro pianeta e desideriamo che tutti vivano una vita pi\u00f9 minimalista e quindi usino meno vestiti (#CONSUMEWISELY).<\/p>\n<p>Ecco perch\u00e9 la qualit\u00e0 dei nostri prodotti \u00e8 la pi\u00f9 alta possibile. Puoi usarli per anni e trasmetterli quando hai finito. Utilizziamo tessuti di prima qualit\u00e0 con certificato di cotone organico GOTS e STANDARD 100 di OEKO-TEX\u00ae. Tutti i nostri prodotti possono essere lavati in lavatrice e asciugati in asciugatrice tutte le volte che vuoi. Scoprirai che la nostra felpa di cotone non ha nemmeno bisogno di essere stirata per avere un bell&#039;aspetto.<\/p>\n<\/div>","protected":false},"excerpt":{"rendered":"<h6><strong>Un marchio per bambini<\/strong><\/h6>\n<p>Questi classici calzini alla caviglia realizzati in cotone biologico. La calza ha un polsino morbido e confortevole senza pressione e pu\u00f2 essere utilizzata tutto l&#039;anno.<\/p>\n<p>3 pezzi (bianco\/grigio chiaro\/nero)<\/p>","protected":false},"featured_media":16804,"comment_status":"open","ping_status":"closed","template":"","meta":{"_acf_changed":false},"product_brand":[],"product_cat":[360,335,362,529,536],"product_tag":[],"class_list":{"0":"post-16803","1":"product","2":"type-product","3":"status-publish","4":"has-post-thumbnail","6":"product_cat-cadeautips","7":"product_cat-a_baby_brand","8":"product_cat-cadeaus-tot-e-25","9":"product_cat-katoenen-babykleertjes","10":"product_cat-katoenen-babyslofjes","12":"first","13":"instock","14":"taxable","15":"shipping-taxable","16":"purchasable","17":"product-type-variable"},"acf":[],"_links":{"self":[{"href":"https:\/\/woolskins.eu\/it\/wp-json\/wp\/v2\/product\/16803","targetHints":{"allow":["GET"]}}],"collection":[{"href":"https:\/\/woolskins.eu\/it\/wp-json\/wp\/v2\/product"}],"about":[{"href":"https:\/\/woolskins.eu\/it\/wp-json\/wp\/v2\/types\/product"}],"replies":[{"embeddable":true,"href":"https:\/\/woolskins.eu\/it\/wp-json\/wp\/v2\/comments?post=16803"}],"wp:featuredmedia":[{"embeddable":true,"href":"https:\/\/woolskins.eu\/it\/wp-json\/wp\/v2\/media\/16804"}],"wp:attachment":[{"href":"https:\/\/woolskins.eu\/it\/wp-json\/wp\/v2\/media?parent=16803"}],"wp:term":[{"taxonomy":"product_brand","embeddable":true,"href":"https:\/\/woolskins.eu\/it\/wp-json\/wp\/v2\/product_brand?post=16803"},{"taxonomy":"product_cat","embeddable":true,"href":"https:\/\/woolskins.eu\/it\/wp-json\/wp\/v2\/product_cat?post=16803"},{"taxonomy":"product_tag","embeddable":true,"href":"https:\/\/woolskins.eu\/it\/wp-json\/wp\/v2\/product_tag?post=16803"}],"curies":[{"name":"wp","href":"https:\/\/api.w.org\/{rel}","templated":true}]}}