{"id":14398,"date":"2023-02-22T09:24:44","date_gmt":"2023-02-22T09:24:44","guid":{"rendered":"https:\/\/woolskins.eu\/?post_type=product&#038;p=14398"},"modified":"2025-07-15T07:35:51","modified_gmt":"2025-07-15T07:35:51","slug":"vestaglia-premaman-neonato-naturale","status":"publish","type":"product","link":"https:\/\/woolskins.eu\/it\/zwangerschapsjas-ochtendjas-newborn-natural\/","title":{"rendered":"Cappotto premaman \u2013 Vestaglia neonato in misto lana | Naturale"},"content":{"rendered":"<p>Questo delizioso cappotto premaman in lana \u00e8 l&#039;ideale per quando sei incinta o stai per partorire. Che tu partorisca a casa o in ospedale, con questo comodo cappotto premaman sarai al meglio quando arriveranno visite. L&#039;ampio profilo conferisce all&#039;insieme un aspetto lussuoso. Questa vestaglia premaman \u00e8 bella da indossare dopo la doccia o quando vuoi trascorrere una giornata sul divano. La lana respira ed \u00e8 estremamente morbida e confortevole.<\/p>\n<p>\u2013 Disponibile esclusivamente presso Woolskins, prodotto da Alwero<br \/>\n\u2013 Woolblend 56% pura lana vergine non lavorata (marchio di qualit\u00e0 Woolmark) 44% fibra sintetica.<br \/>\n\u2013 Per la casa e in viaggio.<br \/>\n\u2013 Produzione europea.<br \/>\n\u2013 lavabile a 30\u00b0C programma lavaggio lana.<\/p>\n<h5>Etichetta privata di lana prodotta da Alwero<\/h5>\n<p>Dopo anni di collaborazione di successo con Alwero, possiamo annunciare con orgoglio che possiamo portare Alwero sotto la nostra etichetta Woolskins.<\/p>\n<p>In questo modo ottieni comunque la migliore qualit\u00e0 di Alwero combinata con i prodotti\/design pi\u00f9 belli e unici di Woolskins.<\/p>\n<p>Cosa cambia allora? Non cos\u00ec tanto! La qualit\u00e0, i tessuti e i colori rimangono gli stessi, ma c&#039;\u00e8 una scelta pi\u00f9 ampia di prodotti unici che secondo Woolskins possono distinguersi e che rappresentano una buona aggiunta al set per bambini.<\/p>\n<p>Puoi riconoscere i nostri prodotti dall&#039;etichetta Woolskins e l&#039;etichetta di lavaggio mostra che sono stati prodotti da Alwero.<\/p>\n<p>Uniamo con entusiasmo le forze per creare un prodotto sostenibile, naturale e confortevole per il tuo bambino.<\/p>\n<h5>Alwero<\/h5>\n<p>L&#039;azienda della famiglia Alwero nasce alla fine degli anni &#039;90 dall&#039;esigenza di creare qualcosa. In mezzo alla natura dove le pecore pascolano in montagna, Alwerode trova la materia prima unica di cui parla: la lana grezza.<\/p>\n<p>Unendo antiche tradizioni e innovazione tecnica, Alwero crea un mondo di comfort. Conoscenza, artigianalit\u00e0 e amore per la lana hanno fatto s\u00ec che i prodotti Alwero siano apprezzati in tutto il mondo.<\/p>","protected":false},"excerpt":{"rendered":"<p>Questo delizioso cappotto premaman in lana \u00e8 l&#039;ideale per quando sei incinta o stai per partorire. Che tu partorisca a casa o in ospedale, con questo comodo cappotto premaman sarai al meglio quando arriveranno visite. L&#039;ampio profilo conferisce all&#039;insieme un aspetto lussuoso. Questa vestaglia premaman \u00e8 bella da indossare dopo la doccia o quando vuoi trascorrere una giornata sul divano. La lana respira ed \u00e8 estremamente morbida e confortevole.<\/p>\n<p><strong>Marca: Woolskin<\/strong><br \/>\n<strong>Produttore: Woolskins Private Lable \u00e8 prodotto da Alwero<\/strong><\/p>","protected":false},"featured_media":14400,"comment_status":"open","ping_status":"closed","template":"","meta":{"_acf_changed":false},"product_brand":[],"product_cat":[360,349,364,350,31,194],"product_tag":[],"class_list":{"0":"post-14398","1":"product","2":"type-product","3":"status-publish","4":"has-post-thumbnail","6":"product_cat-cadeautips","7":"product_cat-borstvoedingenvoedingskussens","8":"product_cat-cadeaus-vanaf-e50","9":"product_cat-fashion","10":"product_cat-yogamat-wol","11":"product_cat-wollen-babyproducten","12":"pa_maat-s-m","13":"pa_maat-xxs-xs","15":"first","16":"instock","17":"taxable","18":"shipping-taxable","19":"purchasable","20":"product-type-variable"},"acf":[],"_links":{"self":[{"href":"https:\/\/woolskins.eu\/it\/wp-json\/wp\/v2\/product\/14398","targetHints":{"allow":["GET"]}}],"collection":[{"href":"https:\/\/woolskins.eu\/it\/wp-json\/wp\/v2\/product"}],"about":[{"href":"https:\/\/woolskins.eu\/it\/wp-json\/wp\/v2\/types\/product"}],"replies":[{"embeddable":true,"href":"https:\/\/woolskins.eu\/it\/wp-json\/wp\/v2\/comments?post=14398"}],"wp:featuredmedia":[{"embeddable":true,"href":"https:\/\/woolskins.eu\/it\/wp-json\/wp\/v2\/media\/14400"}],"wp:attachment":[{"href":"https:\/\/woolskins.eu\/it\/wp-json\/wp\/v2\/media?parent=14398"}],"wp:term":[{"taxonomy":"product_brand","embeddable":true,"href":"https:\/\/woolskins.eu\/it\/wp-json\/wp\/v2\/product_brand?post=14398"},{"taxonomy":"product_cat","embeddable":true,"href":"https:\/\/woolskins.eu\/it\/wp-json\/wp\/v2\/product_cat?post=14398"},{"taxonomy":"product_tag","embeddable":true,"href":"https:\/\/woolskins.eu\/it\/wp-json\/wp\/v2\/product_tag?post=14398"}],"curies":[{"name":"wp","href":"https:\/\/api.w.org\/{rel}","templated":true}]}}