{"id":14062,"date":"2023-01-18T09:31:25","date_gmt":"2023-01-18T09:31:25","guid":{"rendered":"https:\/\/woolskins.eu\/?post_type=product&#038;p=14062"},"modified":"2026-04-08T13:07:01","modified_gmt":"2026-04-08T13:07:01","slug":"cuscino-di-alimentazione-alwero-lammy-s-beige","status":"publish","type":"product","link":"https:\/\/woolskins.eu\/it\/alwero-voedingskussen-lammy-s-beige\/","title":{"rendered":"Cuscino da allattamento in lana Thumbled-S | Beige"},"content":{"rendered":"<p>Poich\u00e9 il cuscino e l&#039;imbottitura sono in lana, il cuscino \u00e8 traspirante, non fa rumore, \u00e8 leggero e assume immediatamente la temperatura corporea.<\/p>\n<p>\u2013 La copertina \u00e8 in lana vergine 100% &#039;Thumbled&#039; e riporta il marchio di qualit\u00e0 Woolmark.<br \/>\n\u2013 Riempimento di gomitoli di lana (lana ecologica 100%).<br \/>\n\u2013 Cuscino interno (eco cotone) con cerniera.<br \/>\n\u2013 Riempimento naturale silenzioso!<br \/>\n\u2013 Peso leggero (900 grammi).<br \/>\n\u2013 Cuscino per l&#039;allattamento e aiuta il tuo bambino a stare seduto in posizione eretta e a &#039;passare la pancia&#039;.<br \/>\n\u2013 Dimensioni 55 x 50 cm (circonferenza centrale 60 cm).<br \/>\n\u2013 Fodera e cuscino interno sono lavabili con il programma di lavaggio lana a 30\u00b0C.<\/p>\n<h5>Etichetta di pelli di lana<\/h5>\n<p>Dopo anni di collaborazione di successo con Alwero, possiamo annunciare con orgoglio che ora portiamo i nostri prodotti sotto la nostra etichetta Woolskins.<\/p>\n<p>In questo modo ottieni comunque la migliore qualit\u00e0, ma combinata con i prodotti e i design pi\u00f9 belli e unici.<\/p>\n<p>La qualit\u00e0 dei tessuti e dei colori rimane quella di sempre, ma ora c&#039;\u00e8 una scelta pi\u00f9 ampia che secondo Woolskins pu\u00f2 distinguersi.<\/p>\n<p>La nostra ampia collezione \u00e8 composta in modo tale da costituire una buona aggiunta a qualsiasi set per neonati, realizzata in lana europea 100% che respira ed \u00e8 adatta ad ogni stagione.<\/p>\n<p>Uniamo con entusiasmo le forze per creare un prodotto sostenibile, naturale e confortevole per il tuo bambino.<\/p>","protected":false},"excerpt":{"rendered":"<p>Questo cuscino da allattamento in lana \u00e8 estremamente comodo e rilassante per il tuo bambino durante la poppata perch\u00e9 \u00e8 silenzioso e misura immediatamente la temperatura corporea del tuo bambino. Aiuta anche il tuo bambino a sedersi in posizione verticale o ad usarlo durante il &quot;tempo della pancia&quot;.<\/p>\n<p>Poich\u00e9 il cuscino e l&#039;imbottitura sono in lana, il cuscino \u00e8 traspirante e ipoallergenico. Le fibre di lana hanno la propriet\u00e0 di agire come un termostato naturale che regola la temperatura corporea? Ci\u00f2 garantisce una temperatura stabile e mantiene te e il tuo bambino asciutti e comodi.<\/p>\n<p>L&#039;esclusiva imbottitura in palline di lana ecologica offre un buon sostegno al tuo corpo e a quello del tuo bambino e poich\u00e9 l&#039;imbottitura non fa alcun rumore (a differenza, ad esempio, dell&#039;imbottitura in noccioli) puoi nutrire il tuo bambino indisturbato e divertirti cos\u00ec all&#039;infinito. La lana \u00e8 stata pulita e lavata con detergenti biodegradabili e la lanolina naturale rende la lana priva di polvere e quindi anallergica.<\/p>\n<p><strong>Marca: Woolskin<\/strong><br \/>\n<strong>Produzione: Polonia<\/strong><\/p>","protected":false},"featured_media":14065,"comment_status":"open","ping_status":"closed","template":"","meta":{"_acf_changed":false},"product_brand":[],"product_cat":[360,349,364,210],"product_tag":[],"class_list":{"0":"post-14062","1":"product","2":"type-product","3":"status-publish","4":"has-post-thumbnail","6":"product_cat-cadeautips","7":"product_cat-borstvoedingenvoedingskussens","8":"product_cat-cadeaus-vanaf-e50","9":"product_cat-wollen-voedingskussen","11":"first","12":"instock","13":"taxable","14":"shipping-taxable","15":"purchasable","16":"product-type-variable","17":"has-default-attributes"},"acf":[],"_links":{"self":[{"href":"https:\/\/woolskins.eu\/it\/wp-json\/wp\/v2\/product\/14062","targetHints":{"allow":["GET"]}}],"collection":[{"href":"https:\/\/woolskins.eu\/it\/wp-json\/wp\/v2\/product"}],"about":[{"href":"https:\/\/woolskins.eu\/it\/wp-json\/wp\/v2\/types\/product"}],"replies":[{"embeddable":true,"href":"https:\/\/woolskins.eu\/it\/wp-json\/wp\/v2\/comments?post=14062"}],"wp:featuredmedia":[{"embeddable":true,"href":"https:\/\/woolskins.eu\/it\/wp-json\/wp\/v2\/media\/14065"}],"wp:attachment":[{"href":"https:\/\/woolskins.eu\/it\/wp-json\/wp\/v2\/media?parent=14062"}],"wp:term":[{"taxonomy":"product_brand","embeddable":true,"href":"https:\/\/woolskins.eu\/it\/wp-json\/wp\/v2\/product_brand?post=14062"},{"taxonomy":"product_cat","embeddable":true,"href":"https:\/\/woolskins.eu\/it\/wp-json\/wp\/v2\/product_cat?post=14062"},{"taxonomy":"product_tag","embeddable":true,"href":"https:\/\/woolskins.eu\/it\/wp-json\/wp\/v2\/product_tag?post=14062"}],"curies":[{"name":"wp","href":"https:\/\/api.w.org\/{rel}","templated":true}]}}