{"id":13549,"date":"2022-12-12T11:25:35","date_gmt":"2022-12-12T11:25:35","guid":{"rendered":"https:\/\/woolskins.eu\/?post_type=product&#038;p=13549"},"modified":"2024-09-25T11:37:24","modified_gmt":"2024-09-25T11:37:24","slug":"borsa-per-mamme-lammy-mamma-avventurosa","status":"publish","type":"product","link":"https:\/\/woolskins.eu\/it\/moms-bag-lammy-adventurous-mom\/","title":{"rendered":"Borsa mamma in lana - Sbriciolata | Zebra"},"content":{"rendered":"<p>La borsa \u00e8 foderata con un tessuto impermeabile e ha molto spazio per riporre gli oggetti. Disponibile in diversi colori eleganti e pu\u00f2 essere facilmente combinato con tutti gli altri prodotti della nostra serie Thumbled.<\/p>\n<p>\u2013 Dimensioni: 58 x 42 cm<br \/>\n\u2013 Maniglie comode<br \/>\n\u2013 Lana 100% (fodera interna impermeabile)<\/p>\n<h5>Etichetta di pelli di lana<\/h5>\n<p>Dopo anni di collaborazione di successo con Alwero, possiamo annunciare con orgoglio che ora portiamo i nostri prodotti sotto la nostra etichetta Woolskins.<\/p>\n<p>In questo modo ottieni comunque la migliore qualit\u00e0, ma combinata con i prodotti e i design pi\u00f9 belli e unici.<\/p>\n<p>La qualit\u00e0 dei tessuti e dei colori rimane quella di sempre, ma ora c&#039;\u00e8 una scelta pi\u00f9 ampia che secondo Woolskins pu\u00f2 distinguersi.<\/p>\n<p>La nostra ampia collezione \u00e8 composta in modo tale da costituire una buona aggiunta a qualsiasi set per neonati, realizzata in lana europea 100% che respira ed \u00e8 adatta ad ogni stagione.<\/p>\n<p>Uniamo con entusiasmo le forze per creare un prodotto sostenibile, naturale e confortevole per il tuo bambino.<\/p>","protected":false},"excerpt":{"rendered":"<p>Questa pratica borsa mamma in lana di Woolskins \u00e8 ideale per il tuo passeggino o come shopper. Un vero &quot;must have&quot; per quando sei molto in viaggio. La borsa \u00e8 foderata con un tessuto impermeabile in modo da poterla utilizzare anche al rovescio quando piove. La nostra Mom Bag \u00e8 un accessorio versatile e pratico che semplifica la vita di ogni mamma. La Mom Bag pu\u00f2 contenere tutto il necessario per il tuo bambino, come pannolini, panni per la pulizia, biberon, giocattoli e vestiti, ma c&#039;\u00e8 abbastanza spazio anche per i tuoi oggetti personali come telefono, chiavi e cosmetici. La nostra Mom Bag \u00e8 disponibile in diversi colori eleganti e pu\u00f2 essere facilmente combinata con tutti gli altri prodotti della nostra serie Thumbled.<\/p>\n<p><strong>Marca: Woolskin<\/strong><br \/>\n<strong>Produzione: Polonia<\/strong><\/p>\n<h5><span style=\"font-size: 16px;\">)<\/span><\/h5>","protected":false},"featured_media":13552,"comment_status":"closed","ping_status":"closed","template":"","meta":{"_acf_changed":false},"product_brand":[],"product_cat":[351,364,350,31,196,194],"product_tag":[],"class_list":{"0":"post-13549","1":"product","2":"type-product","3":"status-publish","4":"has-post-thumbnail","6":"product_cat-accessoiresvoormama","7":"product_cat-cadeaus-vanaf-e50","8":"product_cat-fashion","9":"product_cat-yogamat-wol","10":"product_cat-slaapkleding-baby","11":"product_cat-wollen-babyproducten","13":"first","14":"instock","15":"taxable","16":"shipping-taxable","17":"purchasable","18":"product-type-simple"},"acf":[],"_links":{"self":[{"href":"https:\/\/woolskins.eu\/it\/wp-json\/wp\/v2\/product\/13549","targetHints":{"allow":["GET"]}}],"collection":[{"href":"https:\/\/woolskins.eu\/it\/wp-json\/wp\/v2\/product"}],"about":[{"href":"https:\/\/woolskins.eu\/it\/wp-json\/wp\/v2\/types\/product"}],"replies":[{"embeddable":true,"href":"https:\/\/woolskins.eu\/it\/wp-json\/wp\/v2\/comments?post=13549"}],"wp:featuredmedia":[{"embeddable":true,"href":"https:\/\/woolskins.eu\/it\/wp-json\/wp\/v2\/media\/13552"}],"wp:attachment":[{"href":"https:\/\/woolskins.eu\/it\/wp-json\/wp\/v2\/media?parent=13549"}],"wp:term":[{"taxonomy":"product_brand","embeddable":true,"href":"https:\/\/woolskins.eu\/it\/wp-json\/wp\/v2\/product_brand?post=13549"},{"taxonomy":"product_cat","embeddable":true,"href":"https:\/\/woolskins.eu\/it\/wp-json\/wp\/v2\/product_cat?post=13549"},{"taxonomy":"product_tag","embeddable":true,"href":"https:\/\/woolskins.eu\/it\/wp-json\/wp\/v2\/product_tag?post=13549"}],"curies":[{"name":"wp","href":"https:\/\/api.w.org\/{rel}","templated":true}]}}