{"id":13414,"date":"2022-12-06T15:56:51","date_gmt":"2022-12-06T15:56:51","guid":{"rendered":"https:\/\/woolskins.eu\/?post_type=product&#038;p=13414"},"modified":"2025-11-21T09:49:46","modified_gmt":"2025-11-21T09:49:46","slug":"giacca-bambino-bomber-essential-beige","status":"publish","type":"product","link":"https:\/\/woolskins.eu\/it\/baby-jasje-bomber-essential-beige\/","title":{"rendered":"Bomber in lana da bambino in feltro | Grigio chiaro"},"content":{"rendered":"<p>Questo prodotto ha il marchio di qualit\u00e0 Safe for Children e Woolmark. Questo gilet viene spesso indossato come capospalla, quindi tienilo a mente quando scegli la taglia corretta.<\/p>\n<p>\u2013 100% lana vergine, marchio di qualit\u00e0 Woolmark.<br \/>\n\u2013 Molto caldo per la casa o in viaggio.<br \/>\n\u2013 Diversi colori disponibili.<br \/>\n\u2013 Pratici bottoni a pressione, si chiudono facilmente.<br \/>\n\u2013 I polsini si adattano bene al corpo, mantenendo il freddo all&#039;esterno.<\/p>\n<h5>Etichetta di pelli di lana<\/h5>\n<p>Dopo anni di collaborazione di successo con Alwero, possiamo annunciare con orgoglio che ora portiamo i nostri prodotti sotto la nostra etichetta Woolskins.<\/p>\n<p>In questo modo ottieni comunque la migliore qualit\u00e0, ma combinata con i prodotti e i design pi\u00f9 belli e unici.<\/p>\n<p>La qualit\u00e0 dei tessuti e dei colori rimane quella di sempre, ma ora c&#039;\u00e8 una scelta pi\u00f9 ampia che secondo Woolskins pu\u00f2 distinguersi.<\/p>\n<p>La nostra ampia collezione \u00e8 composta in modo tale da costituire una buona aggiunta a qualsiasi set per neonati, realizzata in lana europea 100% che respira ed \u00e8 adatta ad ogni stagione.<\/p>\n<p>Uniamo con entusiasmo le forze per creare un prodotto sostenibile, naturale e confortevole per il tuo bambino.<\/p>","protected":false},"excerpt":{"rendered":"<p>Questa giacca \u00e8 un vero &quot;must have&quot; per ogni outfit da bambino. \u00c8 estremamente confortevole ed \u00e8 realizzato in lana 100%. Garantisce che tuo figlio sia completamente pronto per uscire. Il polsino ben aderente assicura che il vento non possa entrare. La giacca \u00e8 dotata di bottoni a pressione e ha le lettere ricamate &quot;A True Lovestory Never Ends&quot; sul retro. \u00c8 meglio ordinare senza testo sul retro piuttosto che ordinarlo semplicemente senza. Realizzato in lana infeltrita 100%, meravigliosamente caldo. Questa giacca \u00e8 adatta per la primavera, l&#039;inverno e l&#039;autunno.<\/p>\n<p><strong>Marca: Woolskin<\/strong><br \/>\n<strong>Produzione: Polonia<\/strong><\/p>","protected":false},"featured_media":13431,"comment_status":"open","ping_status":"closed","template":"","meta":{"_acf_changed":false},"product_brand":[],"product_cat":[360,364,200,196,337,344,194],"product_tag":[],"class_list":{"0":"post-13414","1":"product","2":"type-product","3":"status-publish","4":"has-post-thumbnail","6":"product_cat-cadeautips","7":"product_cat-cadeaus-vanaf-e50","8":"product_cat-wollen-babykleding","9":"product_cat-slaapkleding-baby","10":"product_cat-vestjes","11":"product_cat-kleertjes","12":"product_cat-wollen-babyproducten","13":"pa_maat-3-6-maanden","14":"pa_maat-6-12-maanden","16":"first","17":"instock","18":"taxable","19":"shipping-taxable","20":"purchasable","21":"product-type-variable","22":"has-default-attributes"},"acf":[],"_links":{"self":[{"href":"https:\/\/woolskins.eu\/it\/wp-json\/wp\/v2\/product\/13414","targetHints":{"allow":["GET"]}}],"collection":[{"href":"https:\/\/woolskins.eu\/it\/wp-json\/wp\/v2\/product"}],"about":[{"href":"https:\/\/woolskins.eu\/it\/wp-json\/wp\/v2\/types\/product"}],"replies":[{"embeddable":true,"href":"https:\/\/woolskins.eu\/it\/wp-json\/wp\/v2\/comments?post=13414"}],"wp:featuredmedia":[{"embeddable":true,"href":"https:\/\/woolskins.eu\/it\/wp-json\/wp\/v2\/media\/13431"}],"wp:attachment":[{"href":"https:\/\/woolskins.eu\/it\/wp-json\/wp\/v2\/media?parent=13414"}],"wp:term":[{"taxonomy":"product_brand","embeddable":true,"href":"https:\/\/woolskins.eu\/it\/wp-json\/wp\/v2\/product_brand?post=13414"},{"taxonomy":"product_cat","embeddable":true,"href":"https:\/\/woolskins.eu\/it\/wp-json\/wp\/v2\/product_cat?post=13414"},{"taxonomy":"product_tag","embeddable":true,"href":"https:\/\/woolskins.eu\/it\/wp-json\/wp\/v2\/product_tag?post=13414"}],"curies":[{"name":"wp","href":"https:\/\/api.w.org\/{rel}","templated":true}]}}