{"id":13385,"date":"2022-12-05T10:25:29","date_gmt":"2022-12-05T10:25:29","guid":{"rendered":"https:\/\/woolskins.eu\/?post_type=product&#038;p=13385"},"modified":"2025-12-17T13:08:33","modified_gmt":"2025-12-17T13:08:33","slug":"alwero-baby-tuta-invernale-lammy-grey-2","status":"publish","type":"product","link":"https:\/\/woolskins.eu\/it\/alwero-baby-winterpak-lammy-grijs-2\/","title":{"rendered":"Abito invernale da bambino in lana sfogliato | Grigio chiaro"},"content":{"rendered":"<p>Dit product is gemaakt van\u00a0<strong>zuivere scheerwol met Oeko-Tex keurmerk<\/strong>. Dit winterpak wordt gedragen over de kleding, houdt daar rekening mee wat de juiste maat betreft.<\/p>\n<p>\u2013 Gemaakt van\u00a0zuivere scheerwol met Oeko-Tex keurmerk.<br \/>\n\u2013 Guanti e piedini integrati nella manica e nella gamba.<br \/>\n\u2013 L&#039;apertura continua nel tubo.<br \/>\n\u2013 lavabile a 30\u00b0C programma lavaggio lana.<br \/>\n\u2013 Guarda &#039;Taglie in centimetri&#039; per la misura corretta in cm.<\/p>\n<p>Le nostre tute invernali in Eco Lana sono molto adatte ai pi\u00f9 piccoli grazie alle propriet\u00e0 naturali delle fibre di lana. Questi respirano e hanno la propriet\u00e0 di agire come un termostato naturale che regola la temperatura corporea? Questo aiuta il tuo bambino a mantenere una temperatura stabile e lo mantiene asciutto e comodo.<\/p>\n<h5 class=\"Text1893342656__root Text1893342656---typography-11-runningText Text1893342656---priority-7-primary s8gg2 _2UIKs InfoSectionTitle3095652555__root\" aria-hidden=\"false\" data-hook=\"info-section-title\">Dimensioni in centimetri<\/h5>\n<div class=\"rah-static rah-static--height-auto\" aria-hidden=\"false\">\n<div>\n<div class=\"_1yvxJ fggS- cell\">\n<div class=\"WncCi\" data-hook=\"info-section-description\">\n<p>Taglia: 0-6 mesi Lunghezza: 60 cm (dalla spalla al fondo) Larghezza: 30 cm (ascella).<br \/>\nTaglia: 6-18 mesi Lunghezza: 68 cm (dalla spalla al fondo) Larghezza: 33 cm (ascella).<\/p>\n<\/div>\n<\/div>\n<\/div>\n<\/div>\n<div class=\"rah-static rah-static--height-auto\" aria-hidden=\"false\">\n<div class=\"_1yvxJ fggS- cell\">\n<div class=\"WncCi\" data-hook=\"info-section-description\">\n<h5>Etichetta di pelli di lana<\/h5>\n<p class=\"brz-lh-xs-1_8 brz-fs-xs-17 brz-text-xs-center brz-text-lg-center brz-tp-lg-empty brz-ff-roboto brz-ft-google brz-fs-lg-17 brz-fss-lg-px brz-fw-lg-400 brz-ls-lg-0 brz-lh-lg-1_8 brz-css-xtqtg\" data-generated-css=\"brz-css-djhzh\" data-uniq-id=\"odjfi\">Bij Woolskins geloven we in de kracht van puur natuur. Wij ontwerpen en maken stijlvolle, zachte en duurzame producten van Zuiver Scheerwol, speciaal voor de allerkleinsten. Onze Woolskins collectie wordt door ons zelf ontworpen en met zorg geproduceerd in Europa, met de fijnste en beste kwaliteit wol. We kiezen bewust voor lokale productie met natuurlijke en duurzame materialen. Zo garanderen we niet alleen kwaliteit en zachtheid, maar ook een eerlijk en verantwoord product. Woolskins omhult je baby met de zachtheid van puur natuur, ontworpen met liefde en zorg. Voor een veilige, natuurlijke en comfortabele start in het leven.<\/p>\n<\/div>\n<\/div>\n<\/div>","protected":false},"excerpt":{"rendered":"<div class=\"woocommerce-product-details__short-description\">\n<p data-start=\"99\" data-end=\"426\">Dit wollen winterpak zit heerlijk comfortabel en houdt je kindje aangenaam warm. Het is gemaakt van zuivere scheerwol met Oeko-Tex keurmerk, waardoor het zacht en veilig is voor de gevoelige babyhuid. Het pak zorgt ervoor dat je kindje helemaal klaar is voor frisse momenten buiten, zonder in te leveren op bewegingsvrijheid.<\/p>\n<p data-start=\"428\" data-end=\"832\" data-is-last-node=\"\" data-is-only-node=\"\">De opening loopt extra ver door, zodat je je baby gemakkelijk aan- en uit kunt kleden. Dankzij de praktische omslagjes aan handen en voeten blijven ook deze goed beschermd tegen de kou. Het winterpak is geschikt voor het voorjaar, najaar \u00e9n de winter. Door de natuurlijke, ademende en absorberende eigenschappen van wol blijft de lichaamstemperatuur goed in balans en zal je kindje niet snel gaan zweten.<\/p>\n<p><strong>Merk: Woolskins<\/strong><br \/>\n<strong>Productie: Polen<br \/>\nKeur: Oeko-Tex Standard<\/strong><\/p>\n<p><img loading=\"lazy\" decoding=\"async\" class=\"alignnone wp-image-28173 entered lazyloaded\" src=\"https:\/\/woolskins.eu\/wp-content\/uploads\/2024\/05\/csm_OEKO-TEX_Logo_2022_rgb_c1aaeb5ceb-300x300.jpg\" alt=\"\" width=\"89\" height=\"89\" data-lazy-src=\"https:\/\/woolskins.eu\/wp-content\/uploads\/2024\/05\/csm_OEKO-TEX_Logo_2022_rgb_c1aaeb5ceb-300x300.jpg\" data-ll-status=\"loaded\" srcset=\"https:\/\/woolskins.eu\/wp-content\/uploads\/2024\/05\/csm_OEKO-TEX_Logo_2022_rgb_c1aaeb5ceb-300x300.jpg 300w, https:\/\/woolskins.eu\/wp-content\/uploads\/2024\/05\/csm_OEKO-TEX_Logo_2022_rgb_c1aaeb5ceb-150x150.jpg 150w, https:\/\/woolskins.eu\/wp-content\/uploads\/2024\/05\/csm_OEKO-TEX_Logo_2022_rgb_c1aaeb5ceb-768x769.jpg 768w, https:\/\/woolskins.eu\/wp-content\/uploads\/2024\/05\/csm_OEKO-TEX_Logo_2022_rgb_c1aaeb5ceb-12x12.jpg 12w, https:\/\/woolskins.eu\/wp-content\/uploads\/2024\/05\/csm_OEKO-TEX_Logo_2022_rgb_c1aaeb5ceb-600x601.jpg 600w, https:\/\/woolskins.eu\/wp-content\/uploads\/2024\/05\/csm_OEKO-TEX_Logo_2022_rgb_c1aaeb5ceb-100x100.jpg 100w, https:\/\/woolskins.eu\/wp-content\/uploads\/2024\/05\/csm_OEKO-TEX_Logo_2022_rgb_c1aaeb5ceb-64x64.jpg 64w, https:\/\/woolskins.eu\/wp-content\/uploads\/2024\/05\/csm_OEKO-TEX_Logo_2022_rgb_c1aaeb5ceb.jpg 885w\" sizes=\"auto, (max-width: 89px) 100vw, 89px\" \/><\/p>\n<\/div>\n<form class=\"variations_form cart\" style=\"box-sizing: border-box; border-top: 1px solid var(--border-color); border-right: none; border-bottom: none; border-left: none; border-image: initial; font-size: 15px; text-align: start; line-height: inherit; color: #3f4245; font-family: -apple-system, BlinkMacSystemFont, 'Segoe UI', Roboto, Helvetica, Arial, sans-serif, 'Apple Color Emoji', 'Segoe UI Emoji', 'Segoe UI Symbol'; font-style: normal; font-variant-ligatures: normal; font-variant-caps: normal; font-weight: 400; letter-spacing: normal; orphans: 2; text-indent: 0px; text-transform: none; widows: 2; word-spacing: 0px; -webkit-text-stroke-width: 0px; white-space: normal; background-color: #ffffff; text-decoration-thickness: initial; text-decoration-style: initial; text-decoration-color: initial; padding: var(--product-element-spacing,35px) 0px 0px 0px; margin: var(--product-element-spacing,35px) 0px 0px 0px;\" action=\"https:\/\/woolskins.eu\/alwero-baby-winterpak-essential-beige\" enctype=\"multipart\/form-data\" method=\"post\" data-product_id=\"13512\" data-product_variations=\"[{&quot;attributes&quot;:{&quot;attribute_pa_maat&quot;:&quot;6-18-maanden&quot;},&quot;availability_html&quot;:&quot;&lt;p class=\\&quot;stock in-stock\\&quot;&gt;Op voorraad&lt;\\\/p&gt;\\n&quot;,&quot;backorders_allowed&quot;:false,&quot;dimensions&quot;:{&quot;length&quot;:&quot;&quot;,&quot;width&quot;:&quot;&quot;,&quot;height&quot;:&quot;&quot;},&quot;dimensions_html&quot;:&quot;Niet beschikbaar&quot;,&quot;display_price&quot;:105,&quot;display_regular_price&quot;:105,&quot;image&quot;:{&quot;title&quot;:&quot;Alwero Winterpak Woolskins&quot;,&quot;caption&quot;:&quot;&quot;,&quot;url&quot;:&quot;https:\\\/\\\/woolskins.eu\\\/wp-content\\\/uploads\\\/2022\\\/12\\\/JBP_104-1.jpg&quot;,&quot;alt&quot;:&quot;Alwero Winterpak Woolskins&quot;,&quot;src&quot;:&quot;https:\\\/\\\/woolskins.eu\\\/wp-content\\\/uploads\\\/2022\\\/12\\\/JBP_104-1-600x600.jpg&quot;,&quot;srcset&quot;:&quot;https:\\\/\\\/i0.wp.com\\\/woolskins.eu\\\/wp-content\\\/uploads\\\/2022\\\/12\\\/JBP_104-1.jpg?resize=600%2C600&amp;ssl=1 600w, https:\\\/\\\/i0.wp.com\\\/woolskins.eu\\\/wp-content\\\/uploads\\\/2022\\\/12\\\/JBP_104-1.jpg?resize=300%2C300&amp;ssl=1 300w, https:\\\/\\\/i0.wp.com\\\/woolskins.eu\\\/wp-content\\\/uploads\\\/2022\\\/12\\\/JBP_104-1.jpg?resize=1024%2C1024&amp;ssl=1 1024w, https:\\\/\\\/i0.wp.com\\\/woolskins.eu\\\/wp-content\\\/uploads\\\/2022\\\/12\\\/JBP_104-1.jpg?resize=150%2C150&amp;ssl=1 150w, https:\\\/\\\/i0.wp.com\\\/woolskins.eu\\\/wp-content\\\/uploads\\\/2022\\\/12\\\/JBP_104-1.jpg?resize=768%2C768&amp;ssl=1 768w, https:\\\/\\\/i0.wp.com\\\/woolskins.eu\\\/wp-content\\\/uploads\\\/2022\\\/12\\\/JBP_104-1.jpg?resize=12%2C12&amp;ssl=1 12w, https:\\\/\\\/i0.wp.com\\\/woolskins.eu\\\/wp-content\\\/uploads\\\/2022\\\/12\\\/JBP_104-1.jpg?resize=100%2C100&amp;ssl=1 100w, https:\\\/\\\/i0.wp.com\\\/woolskins.eu\\\/wp-content\\\/uploads\\\/2022\\\/12\\\/JBP_104-1.jpg?w=1065&amp;ssl=1 1065w&quot;,&quot;sizes&quot;:&quot;(max-width: 600px) 100vw, 600px&quot;,&quot;full_src&quot;:&quot;https:\\\/\\\/woolskins.eu\\\/wp-content\\\/uploads\\\/2022\\\/12\\\/JBP_104-1.jpg&quot;,&quot;full_src_w&quot;:1065,&quot;full_src_h&quot;:1065,&quot;gallery_thumbnail_src&quot;:&quot;https:\\\/\\\/woolskins.eu\\\/wp-content\\\/uploads\\\/2022\\\/12\\\/JBP_104-1-100x100.jpg&quot;,&quot;gallery_thumbnail_src_w&quot;:100,&quot;gallery_thumbnail_src_h&quot;:100,&quot;thumb_src&quot;:&quot;https:\\\/\\\/woolskins.eu\\\/wp-content\\\/uploads\\\/2022\\\/12\\\/JBP_104-1-300x300.jpg&quot;,&quot;thumb_src_w&quot;:300,&quot;thumb_src_h&quot;:300,&quot;src_w&quot;:600,&quot;src_h&quot;:600},&quot;image_id&quot;:13525,&quot;is_downloadable&quot;:false,&quot;is_in_stock&quot;:true,&quot;is_purchasable&quot;:true,&quot;is_sold_individually&quot;:&quot;no&quot;,&quot;is_virtual&quot;:false,&quot;max_qty&quot;:13,&quot;min_qty&quot;:1,&quot;price_html&quot;:&quot;&lt;span class=\\&quot;price\\&quot;&gt;&lt;span class=\\&quot;woocommerce-Price-amount amount\\&quot;&gt;&lt;bdi&gt;&lt;span class=\\&quot;woocommerce-Price-currencySymbol\\&quot;&gt;&amp;euro;&lt;\\\/span&gt;105,00&lt;\\\/bdi&gt;&lt;\\\/span&gt;&lt;\\\/span&gt;&quot;,&quot;sku&quot;:&quot;&quot;,&quot;variation_description&quot;:&quot;&quot;,&quot;variation_id&quot;:13513,&quot;variation_is_active&quot;:true,&quot;variation_is_visible&quot;:true,&quot;weight&quot;:&quot;&quot;,&quot;weight_html&quot;:&quot;Niet beschikbaar&quot;,&quot;ean&quot;:&quot;&quot;,&quot;blocksy_original_image&quot;:{&quot;title&quot;:&quot;Alwero Winterpak Woolskins&quot;,&quot;caption&quot;:&quot;&quot;,&quot;alt&quot;:&quot;Alwero Winterpak Woolskins&quot;,&quot;src&quot;:&quot;https:\\\/\\\/woolskins.eu\\\/wp-content\\\/uploads\\\/2022\\\/12\\\/JBP_104-1-600x600.jpg&quot;,&quot;srcset&quot;:&quot;https:\\\/\\\/i0.wp.com\\\/woolskins.eu\\\/wp-content\\\/uploads\\\/2022\\\/12\\\/JBP_104-1.jpg?resize=600%2C600&amp;ssl=1 600w, https:\\\/\\\/i0.wp.com\\\/woolskins.eu\\\/wp-content\\\/uploads\\\/2022\\\/12\\\/JBP_104-1.jpg?resize=300%2C300&amp;ssl=1 300w, https:\\\/\\\/i0.wp.com\\\/woolskins.eu\\\/wp-content\\\/uploads\\\/2022\\\/12\\\/JBP_104-1.jpg?resize=1024%2C1024&amp;ssl=1 1024w, https:\\\/\\\/i0.wp.com\\\/woolskins.eu\\\/wp-content\\\/uploads\\\/2022\\\/12\\\/JBP_104-1.jpg?resize=150%2C150&amp;ssl=1 150w, https:\\\/\\\/i0.wp.com\\\/woolskins.eu\\\/wp-content\\\/uploads\\\/2022\\\/12\\\/JBP_104-1.jpg?resize=768%2C768&amp;ssl=1 768w, https:\\\/\\\/i0.wp.com\\\/woolskins.eu\\\/wp-content\\\/uploads\\\/2022\\\/12\\\/JBP_104-1.jpg?resize=12%2C12&amp;ssl=1 12w, https:\\\/\\\/i0.wp.com\\\/woolskins.eu\\\/wp-content\\\/uploads\\\/2022\\\/12\\\/JBP_104-1.jpg?resize=100%2C100&amp;ssl=1 100w, https:\\\/\\\/i0.wp.com\\\/woolskins.eu\\\/wp-content\\\/uploads\\\/2022\\\/12\\\/JBP_104-1.jpg?w=1065&amp;ssl=1 1065w&quot;,&quot;sizes&quot;:&quot;(max-width: 600px) 100vw, 600px&quot;,&quot;full_src&quot;:&quot;https:\\\/\\\/woolskins.eu\\\/wp-content\\\/uploads\\\/2022\\\/12\\\/JBP_104-1.jpg&quot;,&quot;full_src_w&quot;:1065,&quot;full_src_h&quot;:1065,&quot;gallery_thumbnail_src&quot;:&quot;https:\\\/\\\/woolskins.eu\\\/wp-content\\\/uploads\\\/2022\\\/12\\\/JBP_104-1-100x100.jpg&quot;,&quot;gallery_thumbnail_src_w&quot;:100,&quot;gallery_thumbnail_src_h&quot;:100,&quot;thumb_src&quot;:&quot;https:\\\/\\\/woolskins.eu\\\/wp-content\\\/uploads\\\/2022\\\/12\\\/JBP_104-1-300x300.jpg&quot;,&quot;thumb_src_w&quot;:300,&quot;thumb_src_h&quot;:300,&quot;src_w&quot;:600,&quot;src_h&quot;:600,&quot;id&quot;:&quot;13525&quot;},&quot;blocksy_gallery_source&quot;:&quot;default&quot;,&quot;_myparcel_hs_code_variation&quot;:&quot;&quot;,&quot;_myparcel_country_of_origin_variation&quot;:&quot;&quot;},{&quot;attributes&quot;:{&quot;attribute_pa_maat&quot;:&quot;0-6-maanden&quot;},&quot;availability_html&quot;:&quot;&lt;p class=\\&quot;stock in-stock\\&quot;&gt;Op voorraad&lt;\\\/p&gt;\\n&quot;,&quot;backorders_allowed&quot;:false,&quot;dimensions&quot;:{&quot;length&quot;:&quot;&quot;,&quot;width&quot;:&quot;&quot;,&quot;height&quot;:&quot;&quot;},&quot;dimensions_html&quot;:&quot;Niet beschikbaar&quot;,&quot;display_price&quot;:99,&quot;display_regular_price&quot;:99,&quot;image&quot;:{&quot;title&quot;:&quot;Alwero Winterpak Woolskins&quot;,&quot;caption&quot;:&quot;&quot;,&quot;url&quot;:&quot;https:\\\/\\\/woolskins.eu\\\/wp-content\\\/uploads\\\/2022\\\/12\\\/JBP_104-1.jpg&quot;,&quot;alt&quot;:&quot;Alwero Winterpak Woolskins&quot;,&quot;src&quot;:&quot;https:\\\/\\\/woolskins.eu\\\/wp-content\\\/uploads\\\/2022\\\/12\\\/JBP_104-1-600x600.jpg&quot;,&quot;srcset&quot;:&quot;https:\\\/\\\/i0.wp.com\\\/woolskins.eu\\\/wp-content\\\/uploads\\\/2022\\\/12\\\/JBP_104-1.jpg?resize=600%2C600&amp;ssl=1 600w, https:\\\/\\\/i0.wp.com\\\/woolskins.eu\\\/wp-content\\\/uploads\\\/2022\\\/12\\\/JBP_104-1.jpg?resize=300%2C300&amp;ssl=1 300w, https:\\\/\\\/i0.wp.com\\\/woolskins.eu\\\/wp-content\\\/uploads\\\/2022\\\/12\\\/JBP_104-1.jpg?resize=1024%2C1024&amp;ssl=1 1024w, https:\\\/\\\/i0.wp.com\\\/woolskins.eu\\\/wp-content\\\/uploads\\\/2022\\\/12\\\/JBP_104-1.jpg?resize=150%2C150&amp;ssl=1 150w, https:\\\/\\\/i0.wp.com\\\/woolskins.eu\\\/wp-content\\\/uploads\\\/2022\\\/12\\\/JBP_104-1.jpg?resize=768%2C768&amp;ssl=1 768w, https:\\\/\\\/i0.wp.com\\\/woolskins.eu\\\/wp-content\\\/uploads\\\/2022\\\/12\\\/JBP_104-1.jpg?resize=12%2C12&amp;ssl=1 12w, https:\\\/\\\/i0.wp.com\\\/woolskins.eu\\\/wp-content\\\/uploads\\\/2022\\\/12\\\/JBP_104-1.jpg?resize=100%2C100&amp;ssl=1 100w, https:\\\/\\\/i0.wp.com\\\/woolskins.eu\\\/wp-content\\\/uploads\\\/2022\\\/12\\\/JBP_104-1.jpg?w=1065&amp;ssl=1 1065w&quot;,&quot;sizes&quot;:&quot;(max-width: 600px) 100vw, 600px&quot;,&quot;full_src&quot;:&quot;https:\\\/\\\/woolskins.eu\\\/wp-content\\\/uploads\\\/2022\\\/12\\\/JBP_104-1.jpg&quot;,&quot;full_src_w&quot;:1065,&quot;full_src_h&quot;:1065,&quot;gallery_thumbnail_src&quot;:&quot;https:\\\/\\\/woolskins.eu\\\/wp-content\\\/uploads\\\/2022\\\/12\\\/JBP_104-1-100x100.jpg&quot;,&quot;gallery_thumbnail_src_w&quot;:100,&quot;gallery_thumbnail_src_h&quot;:100,&quot;thumb_src&quot;:&quot;https:\\\/\\\/woolskins.eu\\\/wp-content\\\/uploads\\\/2022\\\/12\\\/JBP_104-1-300x300.jpg&quot;,&quot;thumb_src_w&quot;:300,&quot;thumb_src_h&quot;:300,&quot;src_w&quot;:600,&quot;src_h&quot;:600},&quot;image_id&quot;:13525,&quot;is_downloadable&quot;:false,&quot;is_in_stock&quot;:true,&quot;is_purchasable&quot;:true,&quot;is_sold_individually&quot;:&quot;no&quot;,&quot;is_virtual&quot;:false,&quot;max_qty&quot;:6,&quot;min_qty&quot;:1,&quot;price_html&quot;:&quot;&lt;span class=\\&quot;price\\&quot;&gt;&lt;span class=\\&quot;woocommerce-Price-amount amount\\&quot;&gt;&lt;bdi&gt;&lt;span class=\\&quot;woocommerce-Price-currencySymbol\\&quot;&gt;&amp;euro;&lt;\\\/span&gt;99,00&lt;\\\/bdi&gt;&lt;\\\/span&gt;&lt;\\\/span&gt;&quot;,&quot;sku&quot;:&quot;&quot;,&quot;variation_description&quot;:&quot;&quot;,&quot;variation_id&quot;:13514,&quot;variation_is_active&quot;:true,&quot;variation_is_visible&quot;:true,&quot;weight&quot;:&quot;&quot;,&quot;weight_html&quot;:&quot;Niet beschikbaar&quot;,&quot;ean&quot;:&quot;&quot;,&quot;blocksy_original_image&quot;:{&quot;title&quot;:&quot;Alwero Winterpak Woolskins&quot;,&quot;caption&quot;:&quot;&quot;,&quot;alt&quot;:&quot;Alwero Winterpak Woolskins&quot;,&quot;src&quot;:&quot;https:\\\/\\\/woolskins.eu\\\/wp-content\\\/uploads\\\/2022\\\/12\\\/JBP_104-1-600x600.jpg&quot;,&quot;srcset&quot;:&quot;https:\\\/\\\/i0.wp.com\\\/woolskins.eu\\\/wp-content\\\/uploads\\\/2022\\\/12\\\/JBP_104-1.jpg?resize=600%2C600&amp;ssl=1 600w, https:\\\/\\\/i0.wp.com\\\/woolskins.eu\\\/wp-content\\\/uploads\\\/2022\\\/12\\\/JBP_104-1.jpg?resize=300%2C300&amp;ssl=1 300w, https:\\\/\\\/i0.wp.com\\\/woolskins.eu\\\/wp-content\\\/uploads\\\/2022\\\/12\\\/JBP_104-1.jpg?resize=1024%2C1024&amp;ssl=1 1024w, https:\\\/\\\/i0.wp.com\\\/woolskins.eu\\\/wp-content\\\/uploads\\\/2022\\\/12\\\/JBP_104-1.jpg?resize=150%2C150&amp;ssl=1 150w, https:\\\/\\\/i0.wp.com\\\/woolskins.eu\\\/wp-content\\\/uploads\\\/2022\\\/12\\\/JBP_104-1.jpg?resize=768%2C768&amp;ssl=1 768w, https:\\\/\\\/i0.wp.com\\\/woolskins.eu\\\/wp-content\\\/uploads\\\/2022\\\/12\\\/JBP_104-1.jpg?resize=12%2C12&amp;ssl=1 12w, https:\\\/\\\/i0.wp.com\\\/woolskins.eu\\\/wp-content\\\/uploads\\\/2022\\\/12\\\/JBP_104-1.jpg?resize=100%2C100&amp;ssl=1 100w, https:\\\/\\\/i0.wp.com\\\/woolskins.eu\\\/wp-content\\\/uploads\\\/2022\\\/12\\\/JBP_104-1.jpg?w=1065&amp;ssl=1 1065w&quot;,&quot;sizes&quot;:&quot;(max-width: 600px) 100vw, 600px&quot;,&quot;full_src&quot;:&quot;https:\\\/\\\/woolskins.eu\\\/wp-content\\\/uploads\\\/2022\\\/12\\\/JBP_104-1.jpg&quot;,&quot;full_src_w&quot;:1065,&quot;full_src_h&quot;:1065,&quot;gallery_thumbnail_src&quot;:&quot;https:\\\/\\\/woolskins.eu\\\/wp-content\\\/uploads\\\/2022\\\/12\\\/JBP_104-1-100x100.jpg&quot;,&quot;gallery_thumbnail_src_w&quot;:100,&quot;gallery_thumbnail_src_h&quot;:100,&quot;thumb_src&quot;:&quot;https:\\\/\\\/woolskins.eu\\\/wp-content\\\/uploads\\\/2022\\\/12\\\/JBP_104-1-300x300.jpg&quot;,&quot;thumb_src_w&quot;:300,&quot;thumb_src_h&quot;:300,&quot;src_w&quot;:600,&quot;src_h&quot;:600,&quot;id&quot;:&quot;13525&quot;},&quot;blocksy_gallery_source&quot;:&quot;default&quot;,&quot;_myparcel_hs_code_variation&quot;:&quot;&quot;,&quot;_myparcel_country_of_origin_variation&quot;:&quot;&quot;}]\"><\/form>\n","protected":false},"featured_media":13392,"comment_status":"closed","ping_status":"closed","template":"","meta":{"_acf_changed":false},"product_brand":[],"product_cat":[364,200,196,344,319,463,194],"product_tag":[],"class_list":{"0":"post-13385","1":"product","2":"type-product","3":"status-publish","4":"has-post-thumbnail","6":"product_cat-cadeaus-vanaf-e50","7":"product_cat-wollen-babykleding","8":"product_cat-slaapkleding-baby","9":"product_cat-kleertjes","10":"product_cat-pakjes-en-jasjes","11":"product_cat-winterpak","12":"product_cat-wollen-babyproducten","13":"pa_maat-0-6-maanden","14":"pa_maat-6-18-maanden","16":"first","17":"outofstock","18":"taxable","19":"shipping-taxable","20":"purchasable","21":"product-type-variable"},"acf":[],"_links":{"self":[{"href":"https:\/\/woolskins.eu\/it\/wp-json\/wp\/v2\/product\/13385","targetHints":{"allow":["GET"]}}],"collection":[{"href":"https:\/\/woolskins.eu\/it\/wp-json\/wp\/v2\/product"}],"about":[{"href":"https:\/\/woolskins.eu\/it\/wp-json\/wp\/v2\/types\/product"}],"replies":[{"embeddable":true,"href":"https:\/\/woolskins.eu\/it\/wp-json\/wp\/v2\/comments?post=13385"}],"wp:featuredmedia":[{"embeddable":true,"href":"https:\/\/woolskins.eu\/it\/wp-json\/wp\/v2\/media\/13392"}],"wp:attachment":[{"href":"https:\/\/woolskins.eu\/it\/wp-json\/wp\/v2\/media?parent=13385"}],"wp:term":[{"taxonomy":"product_brand","embeddable":true,"href":"https:\/\/woolskins.eu\/it\/wp-json\/wp\/v2\/product_brand?post=13385"},{"taxonomy":"product_cat","embeddable":true,"href":"https:\/\/woolskins.eu\/it\/wp-json\/wp\/v2\/product_cat?post=13385"},{"taxonomy":"product_tag","embeddable":true,"href":"https:\/\/woolskins.eu\/it\/wp-json\/wp\/v2\/product_tag?post=13385"}],"curies":[{"name":"wp","href":"https:\/\/api.w.org\/{rel}","templated":true}]}}