{"id":13265,"date":"2022-11-28T16:22:32","date_gmt":"2022-11-28T16:22:32","guid":{"rendered":"https:\/\/woolskins.eu\/?post_type=product&#038;p=13265"},"modified":"2025-12-04T11:04:22","modified_gmt":"2025-12-04T11:04:22","slug":"pantofole-alwero-essential-beige-copia","status":"publish","type":"product","link":"https:\/\/woolskins.eu\/it\/alwero-slofjes-essential-beige-kopie\/","title":{"rendered":"Pantofole in lana in feltro | Grigio chiaro"},"content":{"rendered":"<p>Le pantofole in lana Woolskins sono disponibili in diversi colori e taglie, cos\u00ec potrai trovare sempre la vestibilit\u00e0 pi\u00f9 adatta al tuo bambino. Questo prodotto ha il marchio di qualit\u00e0 Safe for Children e Woolmark.<\/p>\n<p>\u2013 100% lana vergine, marchio di qualit\u00e0 Woolmark.<br \/>\n\u2013 Molto caldo per la casa o in viaggio.<br \/>\n\u2013 pratico nastro da annodare.<br \/>\n\u2013 Taglia 0-3 mesi. (8 cm) e 3-6 mesi. (9,5 cm).<br \/>\n\u2013 Diversi colori disponibili.<\/p>\n<h5>Etichetta di pelli di lana<\/h5>\n<p>Dopo anni di collaborazione di successo con Alwero, possiamo annunciare con orgoglio che ora portiamo i nostri prodotti sotto la nostra etichetta Woolskins.<\/p>\n<p>In questo modo ottieni comunque la migliore qualit\u00e0, ma combinata con i prodotti e i design pi\u00f9 belli e unici.<\/p>\n<p>La qualit\u00e0 dei tessuti e dei colori rimane quella di sempre, ma ora c&#039;\u00e8 una scelta pi\u00f9 ampia che secondo Woolskins pu\u00f2 distinguersi.<\/p>\n<p>La nostra ampia collezione \u00e8 composta in modo tale da costituire una buona aggiunta a qualsiasi set per neonati, realizzata in lana europea 100% che respira ed \u00e8 adatta ad ogni stagione.<\/p>\n<p>Uniamo con entusiasmo le forze per creare un prodotto sostenibile, naturale e confortevole per il tuo bambino.<\/p>","protected":false},"excerpt":{"rendered":"<p>Le nostre comode scarpine per bambini sono la scelta perfetta per mantenere i piedini pi\u00f9 piccoli meravigliosamente caldi. Hanno tutte le buone propriet\u00e0 della lana ecologica 100% e misurano immediatamente la temperatura del bambino quando li indossi. Le scarpe per bambini in lana sono anche un regalo super divertente e pratico per ogni occasione. Queste pantofole possono essere ben combinate con tutta la nostra serie &quot;Felted&quot;. Il tuo bambino adorer\u00e0 queste pantofole di lana.<\/p>\n<p><strong>Marca: Woolskin<\/strong><br \/>\n<strong>Prodotto: Polonia<\/strong><\/p>","protected":false},"featured_media":13270,"comment_status":"closed","ping_status":"closed","template":"","meta":{"_acf_changed":false},"product_brand":[],"product_cat":[345,361,360,362,200,323,194],"product_tag":[],"class_list":{"0":"post-13265","1":"product","2":"type-product","3":"status-publish","4":"has-post-thumbnail","6":"product_cat-accessoires","7":"product_cat-babyshower","8":"product_cat-cadeautips","9":"product_cat-cadeaus-tot-e-25","10":"product_cat-wollen-babykleding","11":"product_cat-slofjes","12":"product_cat-wollen-babyproducten","13":"pa_maat-0-6-maanden-9cm","14":"pa_maat-6-12-maanden11cm","16":"first","17":"instock","18":"taxable","19":"shipping-taxable","20":"purchasable","21":"product-type-variable"},"acf":[],"_links":{"self":[{"href":"https:\/\/woolskins.eu\/it\/wp-json\/wp\/v2\/product\/13265","targetHints":{"allow":["GET"]}}],"collection":[{"href":"https:\/\/woolskins.eu\/it\/wp-json\/wp\/v2\/product"}],"about":[{"href":"https:\/\/woolskins.eu\/it\/wp-json\/wp\/v2\/types\/product"}],"replies":[{"embeddable":true,"href":"https:\/\/woolskins.eu\/it\/wp-json\/wp\/v2\/comments?post=13265"}],"wp:featuredmedia":[{"embeddable":true,"href":"https:\/\/woolskins.eu\/it\/wp-json\/wp\/v2\/media\/13270"}],"wp:attachment":[{"href":"https:\/\/woolskins.eu\/it\/wp-json\/wp\/v2\/media?parent=13265"}],"wp:term":[{"taxonomy":"product_brand","embeddable":true,"href":"https:\/\/woolskins.eu\/it\/wp-json\/wp\/v2\/product_brand?post=13265"},{"taxonomy":"product_cat","embeddable":true,"href":"https:\/\/woolskins.eu\/it\/wp-json\/wp\/v2\/product_cat?post=13265"},{"taxonomy":"product_tag","embeddable":true,"href":"https:\/\/woolskins.eu\/it\/wp-json\/wp\/v2\/product_tag?post=13265"}],"curies":[{"name":"wp","href":"https:\/\/api.w.org\/{rel}","templated":true}]}}