{"id":12858,"date":"2022-11-08T11:18:43","date_gmt":"2022-11-08T11:18:43","guid":{"rendered":"https:\/\/woolskins.eu\/?post_type=product&#038;p=12858"},"modified":"2025-11-25T11:34:40","modified_gmt":"2025-11-25T11:34:40","slug":"guanti-scaldamani-alwero-ecru","status":"publish","type":"product","link":"https:\/\/woolskins.eu\/it\/alwero-handwarmers-wanten-ecru\/","title":{"rendered":"Guanti da donna in lana \u2013 Thumbed | ecru"},"content":{"rendered":"<p>\u2013 100% lana vergine, marchio di qualit\u00e0 Woolmark.<br \/>\n\u2013 Con pratico passaggio al guanto senza dita.<br \/>\n\u2013 Diversi colori disponibili.<\/p>\n<p>Dimensioni in centimetri:<\/p>\n<p>Taglia S: 10 cm di larghezza al polso x 24 cm di lunghezza<br \/>\nTaglia M: 11 cm di larghezza al polso x 25 cm di lunghezza<br \/>\nTaglia L: 12 cm di larghezza al polso x 26 cm di lunghezza<\/p>\n<h5>Etichetta di pelli di lana<\/h5>\n<p>Dopo anni di collaborazione di successo con Alwero, possiamo annunciare con orgoglio che ora portiamo i nostri prodotti sotto la nostra etichetta Woolskins.<\/p>\n<p>In questo modo ottieni comunque la migliore qualit\u00e0, ma combinata con i prodotti e i design pi\u00f9 belli e unici.<\/p>\n<p>La qualit\u00e0 dei tessuti e dei colori rimane quella di sempre, ma ora c&#039;\u00e8 una scelta pi\u00f9 ampia che secondo Woolskins pu\u00f2 distinguersi.<\/p>\n<p>La nostra ampia collezione \u00e8 composta in modo tale da costituire una buona aggiunta a qualsiasi set per neonati, realizzata in lana europea 100% che respira ed \u00e8 adatta ad ogni stagione.<\/p>\n<p>Uniamo con entusiasmo le forze per creare un prodotto sostenibile, naturale e confortevole per il tuo bambino.<\/p>","protected":false},"excerpt":{"rendered":"<p>Se stai cercando un paio di guanti di lana per regalare a te stesso o a una persona cara, possiamo consigliare vivamente questi guanti di Woolskins. Grazie alle pratiche aperture, potrai avere in un batter d&#039;occhio dei guanti senza dita, cos\u00ec sar\u00e0 facile far entrare e uscire il tuo bambino dal passeggino o, ad esempio, dargli il biberon. I nostri guanti di lana sono un ottimo modo per mantenere le mani calde e comode nei freddi mesi invernali. Sono morbidi e traspiranti, il che li rende adatti a persone con pelle sensibile. I nostri guanti di lana sono disponibili in diversi colori e taglie.<\/p>\n<p><strong>Marca: Woolskin<\/strong><br \/>\n<strong>Produzione: Polonia<\/strong><\/p>","protected":false},"featured_media":12860,"comment_status":"open","ping_status":"closed","template":"","meta":{"_acf_changed":false},"product_brand":[],"product_cat":[360,351,362,350,31,194],"product_tag":[],"class_list":{"0":"post-12858","1":"product","2":"type-product","3":"status-publish","4":"has-post-thumbnail","6":"product_cat-cadeautips","7":"product_cat-accessoiresvoormama","8":"product_cat-cadeaus-tot-e-25","9":"product_cat-fashion","10":"product_cat-yogamat-wol","11":"product_cat-wollen-babyproducten","12":"pa_maat-l","13":"pa_maat-m","14":"pa_maat-s","16":"first","17":"outofstock","18":"taxable","19":"shipping-taxable","20":"purchasable","21":"product-type-variable"},"acf":[],"_links":{"self":[{"href":"https:\/\/woolskins.eu\/it\/wp-json\/wp\/v2\/product\/12858","targetHints":{"allow":["GET"]}}],"collection":[{"href":"https:\/\/woolskins.eu\/it\/wp-json\/wp\/v2\/product"}],"about":[{"href":"https:\/\/woolskins.eu\/it\/wp-json\/wp\/v2\/types\/product"}],"replies":[{"embeddable":true,"href":"https:\/\/woolskins.eu\/it\/wp-json\/wp\/v2\/comments?post=12858"}],"wp:featuredmedia":[{"embeddable":true,"href":"https:\/\/woolskins.eu\/it\/wp-json\/wp\/v2\/media\/12860"}],"wp:attachment":[{"href":"https:\/\/woolskins.eu\/it\/wp-json\/wp\/v2\/media?parent=12858"}],"wp:term":[{"taxonomy":"product_brand","embeddable":true,"href":"https:\/\/woolskins.eu\/it\/wp-json\/wp\/v2\/product_brand?post=12858"},{"taxonomy":"product_cat","embeddable":true,"href":"https:\/\/woolskins.eu\/it\/wp-json\/wp\/v2\/product_cat?post=12858"},{"taxonomy":"product_tag","embeddable":true,"href":"https:\/\/woolskins.eu\/it\/wp-json\/wp\/v2\/product_tag?post=12858"}],"curies":[{"name":"wp","href":"https:\/\/api.w.org\/{rel}","templated":true}]}}