{"id":12005,"date":"2022-09-15T12:00:16","date_gmt":"2022-09-15T12:00:16","guid":{"rendered":"https:\/\/woolskins.eu\/?post_type=product&#038;p=12005"},"modified":"2026-03-08T13:17:42","modified_gmt":"2026-03-08T13:17:42","slug":"fasciatoio-alwero-beige","status":"publish","type":"product","link":"https:\/\/woolskins.eu\/it\/alwero-verschoningsmat-beige\/","title":{"rendered":"Materassino per fasciatoio in lana Baby \u2013 Infeltrito | Beige"},"content":{"rendered":"<p>Materassino fasciatoio Woolskins, ben pensato e molto pratico da portare in viaggio o a casa se vuoi cambiare il tuo bambino. Il nostro fasciatoio \u00e8 realizzato in lana 100% e ha un inserto in molton impermeabile per piccoli incidenti. Ci\u00f2 significa che non dovrai lavare l&#039;intero fasciatoio ogni volta. Il fasciatoio \u00e8 facile da piegare ed \u00e8 dotato di due tasche laterali dove riporre pannolini e salviette. Il fasciatoio pu\u00f2 essere utilizzato anche a casa sul fasciatoio.<\/p>\n<p>Il cordoncino non solo tiene unito il tappetino quando \u00e8 piegato, ma serve anche come piccola distrazione con le perline per il tuo bambino in modo che tu possa cambiarlo tranquillamente.<\/p>\n<p>Dimensioni: 50 x 70 cm, piegato 24 x 22 cm.<\/p>\n<p>Un fasciatoio in lana \u00e8:<\/p>\n<p>\u2013 100% lana vergine infeltrita con marchio di qualit\u00e0 Woolmark.<br \/>\n\u2013 Struttura liscia, morbida e compatta<br \/>\n\u2013 Buone propriet\u00e0 termiche<br \/>\n\u2013 Per la casa e in viaggio.<br \/>\n\u2013 Idrorepellente, confortevole e igienico<br \/>\n\u2013 Produzione europea.<br \/>\n\u2013 lavabile a 30\u00b0C programma lavaggio lana.<\/p>\n<p>Questo prodotto ha il marchio di qualit\u00e0 Safe for Children e Woolmark.<\/p>\n<h5>Etichetta di pelli di lana<\/h5>\n<p>Dopo anni di collaborazione di successo con Alwero, possiamo annunciare con orgoglio che ora portiamo i nostri prodotti sotto la nostra etichetta Woolskins.<\/p>\n<p>In questo modo ottieni comunque la migliore qualit\u00e0, ma combinata con i prodotti e i design pi\u00f9 belli e unici.<\/p>\n<p>La qualit\u00e0 dei tessuti e dei colori rimane quella di sempre, ma ora c&#039;\u00e8 una scelta pi\u00f9 ampia che secondo Woolskins pu\u00f2 distinguersi.<\/p>\n<p>La nostra ampia collezione \u00e8 composta in modo tale da costituire una buona aggiunta a qualsiasi set per neonati, realizzata in lana europea 100% che respira ed \u00e8 adatta ad ogni stagione.<\/p>\n<p>Uniamo con entusiasmo le forze per creare un prodotto sostenibile, naturale e confortevole per il tuo bambino<span style=\"font-size: 16px;\">.<\/span><\/p>","protected":false},"excerpt":{"rendered":"<p>Questo fasciatoio in lana \u00e8 un prodotto morbido e caldo, ideale per il cambio del tuo bambino. Questo fasciatoio \u00e8 ben progettato e molto utile in viaggio o a casa se vuoi cambiare il tuo bambino. Il nostro fasciatoio \u00e8 realizzato in lana 100% e ha un inserto in molton impermeabile per piccoli incidenti. Ci\u00f2 significa che non dovrai lavare l&#039;intero fasciatoio ogni volta. Il fasciatoio \u00e8 facile da piegare ed \u00e8 dotato di due tasche laterali dove riporre pannolini e salviette. Il fasciatoio pu\u00f2 essere utilizzato anche a casa sul fasciatoio. \u00c8 un must per ogni genitore che vuole prendersi cura del proprio bambino in modo comodo e igienico.<\/p>\n<p><strong>Marca: Woolskin<\/strong><br \/>\n<strong>Produzione: Polonia<\/strong><\/p>","protected":false},"featured_media":12009,"comment_status":"open","ping_status":"closed","template":"","meta":{"_acf_changed":false},"product_brand":[],"product_cat":[360,363,196,318,194],"product_tag":[],"class_list":{"0":"post-12005","1":"product","2":"type-product","3":"status-publish","4":"has-post-thumbnail","6":"product_cat-cadeautips","7":"product_cat-cadeaus-e25-e50","8":"product_cat-slaapkleding-baby","9":"product_cat-wollen-wiegdeken-ledikantdeken","10":"product_cat-wollen-babyproducten","12":"first","13":"instock","14":"taxable","15":"shipping-taxable","16":"purchasable","17":"product-type-simple"},"acf":[],"_links":{"self":[{"href":"https:\/\/woolskins.eu\/it\/wp-json\/wp\/v2\/product\/12005","targetHints":{"allow":["GET"]}}],"collection":[{"href":"https:\/\/woolskins.eu\/it\/wp-json\/wp\/v2\/product"}],"about":[{"href":"https:\/\/woolskins.eu\/it\/wp-json\/wp\/v2\/types\/product"}],"replies":[{"embeddable":true,"href":"https:\/\/woolskins.eu\/it\/wp-json\/wp\/v2\/comments?post=12005"}],"wp:featuredmedia":[{"embeddable":true,"href":"https:\/\/woolskins.eu\/it\/wp-json\/wp\/v2\/media\/12009"}],"wp:attachment":[{"href":"https:\/\/woolskins.eu\/it\/wp-json\/wp\/v2\/media?parent=12005"}],"wp:term":[{"taxonomy":"product_brand","embeddable":true,"href":"https:\/\/woolskins.eu\/it\/wp-json\/wp\/v2\/product_brand?post=12005"},{"taxonomy":"product_cat","embeddable":true,"href":"https:\/\/woolskins.eu\/it\/wp-json\/wp\/v2\/product_cat?post=12005"},{"taxonomy":"product_tag","embeddable":true,"href":"https:\/\/woolskins.eu\/it\/wp-json\/wp\/v2\/product_tag?post=12005"}],"curies":[{"name":"wp","href":"https:\/\/api.w.org\/{rel}","templated":true}]}}