{"id":11402,"date":"2022-06-24T10:35:56","date_gmt":"2022-06-24T10:35:56","guid":{"rendered":"https:\/\/woolskins.eu\/?post_type=product&#038;p=11402"},"modified":"2026-03-31T12:34:01","modified_gmt":"2026-03-31T12:34:01","slug":"cardigan-a-coste-nude","status":"publish","type":"product","link":"https:\/\/woolskins.eu\/it\/rib-vest-nude\/","title":{"rendered":"Un marchio fondamentale: gilet a coste | Nudo"},"content":{"rendered":"<h6>Un marchio per bambini<\/h6>\n<p>Cardigan unisex realizzato in cotone a coste, con una giocosa finitura grezza. Si apre completamente con piccoli bottoni a pressione. Abbinalo a leggings a costine, pantaloncini o calzoncini per un look casual alla moda.<\/p>\n<p>97% cotone 3% elastan. STANDARD 100 di OEKO-TEX\u00ae<\/p>\n<p>Taglie:<\/p>\n<p>interno gamba cm \/ lunghezza totale cm \/ lunghezza manica cm<\/p>\n<p>0m \u2013 22,5 \/ 18 \/ 23<br \/>\n3m \u2013 25,5 \/ 21 \/ 25<\/p>\n<h5>Un marchio per bambini<\/h5>\n<p>Scopri un guardaroba davvero minimalista, pieno di pratici elementi essenziali. Mescola e abbina i nostri modelli e colori unisex. Nessun logo, nessuna stampa, nessuna confusione.<\/p>\n<p>La nostra missione \u00e8 semplificarti la vita, quindi una delle idee principali alla base della nostra filosofia \u00e8 la PRATICA. Abbiamo anche a cuore il nostro pianeta e desideriamo che tutti vivano una vita pi\u00f9 minimalista e quindi usino meno vestiti (#CONSUMEWISELY).<\/p>\n<p>Ecco perch\u00e9 la qualit\u00e0 dei nostri prodotti \u00e8 la pi\u00f9 alta possibile. Puoi usarli per anni e trasmetterli quando hai finito. Utilizziamo tessuti di prima qualit\u00e0 con certificato di cotone organico GOTS e STANDARD 100 di OEKO-TEX\u00ae. Tutti i nostri prodotti possono essere lavati in lavatrice e asciugati in asciugatrice tutte le volte che vuoi. Scoprirai che la nostra felpa di cotone non ha nemmeno bisogno di essere stirata per avere un bell&#039;aspetto.<\/p>","protected":false},"excerpt":{"rendered":"<h6>Un marchio per bambini<\/h6>\n<p>Cardigan unisex realizzato in cotone a coste, con una giocosa finitura grezza. Si apre completamente con piccoli bottoni a pressione. Abbinalo a leggings a costine, pantaloncini o calzoncini per un look casual alla moda.<\/p>","protected":false},"featured_media":11373,"comment_status":"closed","ping_status":"closed","template":"","meta":{"_acf_changed":false},"product_brand":[],"product_cat":[335,361,360,363,529,530],"product_tag":[423,430,432,433,434,431,425],"class_list":{"0":"post-11402","1":"product","2":"type-product","3":"status-publish","4":"has-post-thumbnail","6":"product_cat-a_baby_brand","7":"product_cat-babyshower","8":"product_cat-cadeautips","9":"product_cat-cadeaus-e25-e50","10":"product_cat-katoenen-babykleertjes","11":"product_cat-katoenen-babyshirt","12":"product_tag-a-baby-brand","13":"product_tag-babykleding","14":"product_tag-babyromper","15":"product_tag-babyrompertjes","16":"product_tag-babyuitzet","17":"product_tag-wollen-babykleding","18":"product_tag-woolskins","19":"pa_maat-0-maanden","20":"pa_maat-1-jaar","21":"pa_maat-3-maanden","22":"pa_maat-6-maanden","24":"first","25":"instock","26":"taxable","27":"shipping-taxable","28":"purchasable","29":"product-type-variable"},"acf":[],"_links":{"self":[{"href":"https:\/\/woolskins.eu\/it\/wp-json\/wp\/v2\/product\/11402","targetHints":{"allow":["GET"]}}],"collection":[{"href":"https:\/\/woolskins.eu\/it\/wp-json\/wp\/v2\/product"}],"about":[{"href":"https:\/\/woolskins.eu\/it\/wp-json\/wp\/v2\/types\/product"}],"replies":[{"embeddable":true,"href":"https:\/\/woolskins.eu\/it\/wp-json\/wp\/v2\/comments?post=11402"}],"wp:featuredmedia":[{"embeddable":true,"href":"https:\/\/woolskins.eu\/it\/wp-json\/wp\/v2\/media\/11373"}],"wp:attachment":[{"href":"https:\/\/woolskins.eu\/it\/wp-json\/wp\/v2\/media?parent=11402"}],"wp:term":[{"taxonomy":"product_brand","embeddable":true,"href":"https:\/\/woolskins.eu\/it\/wp-json\/wp\/v2\/product_brand?post=11402"},{"taxonomy":"product_cat","embeddable":true,"href":"https:\/\/woolskins.eu\/it\/wp-json\/wp\/v2\/product_cat?post=11402"},{"taxonomy":"product_tag","embeddable":true,"href":"https:\/\/woolskins.eu\/it\/wp-json\/wp\/v2\/product_tag?post=11402"}],"curies":[{"name":"wp","href":"https:\/\/api.w.org\/{rel}","templated":true}]}}