{"id":11302,"date":"2022-06-21T13:59:46","date_gmt":"2022-06-21T13:59:46","guid":{"rendered":"https:\/\/woolskins.eu\/?post_type=product&#038;p=11302"},"modified":"2026-05-03T20:00:35","modified_gmt":"2026-05-03T20:00:35","slug":"pagliaccetto-a-costine-bianco-naturale","status":"publish","type":"product","link":"https:\/\/woolskins.eu\/it\/rib-romper-natural-white\/","title":{"rendered":"A Basic Brand - Tutina a costine per neonati | Bianco naturale"},"content":{"rendered":"<h6>Un marchio per bambini<\/h6>\n<p>Il pagliaccetto definitivo per tutto il giorno e tutta la notte. Tutina unisex senza piede realizzata nel nostro cotone a coste preferito, con una giocosa finitura grezza. Si apre con piccoli bottoni a pressione nella parte anteriore per un accesso facile e veloce. Il design pi\u00f9 semplice nei colori base.<\/p>\n<p>97% cotone 3% elastan. STANDARD 100 di OEKO-TEX\u00ae<\/p>\n<p>Taglie:<\/p>\n<p>interno gamba cm \/ lunghezza totale cm \/ lunghezza manica cm<\/p>\n<p>0m \u2013 13 \/ 41 \/ 18<br \/>\n3m \u2013 16 \/ 51 \/ 20<br \/>\n6m \u2013 19 \/ 58 \/ 24<\/p>\n<h5>Un marchio per bambini<\/h5>\n<p>Scopri un guardaroba davvero minimalista, pieno di pratici elementi essenziali. Mescola e abbina i nostri modelli e colori unisex. Nessun logo, nessuna stampa, nessuna confusione.<\/p>\n<p>La nostra missione \u00e8 semplificarti la vita, quindi una delle idee principali alla base della nostra filosofia \u00e8 la PRATICA. Abbiamo anche a cuore il nostro pianeta e desideriamo che tutti vivano una vita pi\u00f9 minimalista e quindi usino meno vestiti (#CONSUMEWISELY).<\/p>\n<p>Ecco perch\u00e9 la qualit\u00e0 dei nostri prodotti \u00e8 la pi\u00f9 alta possibile. Puoi usarli per anni e trasmetterli quando hai finito. Utilizziamo tessuti di prima qualit\u00e0 con certificato di cotone organico GOTS e STANDARD 100 di OEKO-TEX\u00ae. Tutti i nostri prodotti possono essere lavati in lavatrice e asciugati in asciugatrice tutte le volte che vuoi. Scoprirai che la nostra felpa di cotone non ha nemmeno bisogno di essere stirata per avere un bell&#039;aspetto.<\/p>","protected":false},"excerpt":{"rendered":"<h6>Un marchio per bambini<\/h6>\n<p>Il pagliaccetto definitivo per tutto il giorno e tutta la notte. Tutina unisex senza piede realizzata nel nostro cotone a coste preferito, con finiture grezze perfette. Si apre con piccoli bottoni a pressione nella parte anteriore per un accesso facile e veloce. Il design pi\u00f9 semplice nei colori base.<\/p>","protected":false},"featured_media":11310,"comment_status":"closed","ping_status":"closed","template":"","meta":{"_acf_changed":false},"product_brand":[],"product_cat":[335,361,360,363,529,534],"product_tag":[],"class_list":{"0":"post-11302","1":"product","2":"type-product","3":"status-publish","4":"has-post-thumbnail","6":"product_cat-a_baby_brand","7":"product_cat-babyshower","8":"product_cat-cadeautips","9":"product_cat-cadeaus-e25-e50","10":"product_cat-katoenen-babykleertjes","11":"product_cat-katoenen-babypak","12":"pa_maat-0-maanden","13":"pa_maat-3-maanden","14":"pa_maat-6-maanden","16":"first","17":"outofstock","18":"taxable","19":"shipping-taxable","20":"purchasable","21":"product-type-variable"},"acf":[],"_links":{"self":[{"href":"https:\/\/woolskins.eu\/it\/wp-json\/wp\/v2\/product\/11302","targetHints":{"allow":["GET"]}}],"collection":[{"href":"https:\/\/woolskins.eu\/it\/wp-json\/wp\/v2\/product"}],"about":[{"href":"https:\/\/woolskins.eu\/it\/wp-json\/wp\/v2\/types\/product"}],"replies":[{"embeddable":true,"href":"https:\/\/woolskins.eu\/it\/wp-json\/wp\/v2\/comments?post=11302"}],"wp:featuredmedia":[{"embeddable":true,"href":"https:\/\/woolskins.eu\/it\/wp-json\/wp\/v2\/media\/11310"}],"wp:attachment":[{"href":"https:\/\/woolskins.eu\/it\/wp-json\/wp\/v2\/media?parent=11302"}],"wp:term":[{"taxonomy":"product_brand","embeddable":true,"href":"https:\/\/woolskins.eu\/it\/wp-json\/wp\/v2\/product_brand?post=11302"},{"taxonomy":"product_cat","embeddable":true,"href":"https:\/\/woolskins.eu\/it\/wp-json\/wp\/v2\/product_cat?post=11302"},{"taxonomy":"product_tag","embeddable":true,"href":"https:\/\/woolskins.eu\/it\/wp-json\/wp\/v2\/product_tag?post=11302"}],"curies":[{"name":"wp","href":"https:\/\/api.w.org\/{rel}","templated":true}]}}