{"id":11292,"date":"2022-06-21T13:36:49","date_gmt":"2022-06-21T13:36:49","guid":{"rendered":"https:\/\/woolskins.eu\/?post_type=product&#038;p=11292"},"modified":"2025-12-11T13:19:31","modified_gmt":"2025-12-11T13:19:31","slug":"bloomers-a-costine-grigio-chiaro","status":"publish","type":"product","link":"https:\/\/woolskins.eu\/it\/rib-bloomers-light-grey\/","title":{"rendered":"Un marchio di base \u2013 Baby Bloomers Rib | Grigio chiaro"},"content":{"rendered":"<h6>Un marchio per bambini<\/h6>\n<p>Questi graziosi calzoncini sono realizzati in tessuto di cotone a coste. Questi calzoncini hanno un comodo elastico in vita e si adattano bene alle gambe. Un vero favorito dell&#039;estate.<\/p>\n<p>97% cotone 3% elastan.<\/p>\n<p>STANDARD 100 di OEKO-TEX\u00ae<\/p>\n<p>Taglie:<\/p>\n<p>lunghezza cm \/ larghezza cm<\/p>\n<p>0m \u2013 15 \/ 15<br \/>\n3m \u2013 16 \/ 16<br \/>\n6m \u2013 18 \/ 18<\/p>\n<h5>Un marchio per bambini<\/h5>\n<p>Scopri un guardaroba davvero minimalista, pieno di pratici elementi essenziali. Mescola e abbina i nostri modelli e colori unisex. Nessun logo, nessuna stampa, nessuna confusione.<\/p>\n<p>La nostra missione \u00e8 semplificarti la vita, quindi una delle idee principali alla base della nostra filosofia \u00e8 la PRATICA. Abbiamo anche a cuore il nostro pianeta e desideriamo che tutti vivano una vita pi\u00f9 minimalista e quindi usino meno vestiti (#CONSUMEWISELY).<\/p>\n<p>Ecco perch\u00e9 la qualit\u00e0 dei nostri prodotti \u00e8 la pi\u00f9 alta possibile. Puoi usarli per anni e trasmetterli quando hai finito. Utilizziamo tessuti di prima qualit\u00e0 con certificato di cotone organico GOTS e STANDARD 100 di OEKO-TEX\u00ae. Tutti i nostri prodotti possono essere lavati in lavatrice e asciugati in asciugatrice tutte le volte che vuoi. Scoprirai che la nostra felpa di cotone non ha nemmeno bisogno di essere stirata per avere un bell&#039;aspetto.<\/p>","protected":false},"excerpt":{"rendered":"<h6>Un marchio per bambini<\/h6>\n<p>Questi graziosi calzoncini sono realizzati in tessuto di cotone a coste. Questi calzoncini hanno un comodo elastico in vita e si adattano bene alle gambe. Un vero favorito dell&#039;estate.<\/p>","protected":false},"featured_media":11290,"comment_status":"closed","ping_status":"closed","template":"","meta":{"_acf_changed":false},"product_brand":[],"product_cat":[360,335,361,362,529,532],"product_tag":[423,430,429,431],"class_list":{"0":"post-11292","1":"product","2":"type-product","3":"status-publish","4":"has-post-thumbnail","6":"product_cat-cadeautips","7":"product_cat-a_baby_brand","8":"product_cat-babyshower","9":"product_cat-cadeaus-tot-e-25","10":"product_cat-katoenen-babykleertjes","11":"product_cat-katoenen-babybroekjes","12":"product_tag-a-baby-brand","13":"product_tag-babykleding","14":"product_tag-bloomers","15":"product_tag-wollen-babykleding","16":"pa_maat-0-maanden","17":"pa_maat-3-maanden","18":"pa_maat-6-maanden","20":"first","21":"instock","22":"taxable","23":"shipping-taxable","24":"purchasable","25":"product-type-variable"},"acf":[],"_links":{"self":[{"href":"https:\/\/woolskins.eu\/it\/wp-json\/wp\/v2\/product\/11292","targetHints":{"allow":["GET"]}}],"collection":[{"href":"https:\/\/woolskins.eu\/it\/wp-json\/wp\/v2\/product"}],"about":[{"href":"https:\/\/woolskins.eu\/it\/wp-json\/wp\/v2\/types\/product"}],"replies":[{"embeddable":true,"href":"https:\/\/woolskins.eu\/it\/wp-json\/wp\/v2\/comments?post=11292"}],"wp:featuredmedia":[{"embeddable":true,"href":"https:\/\/woolskins.eu\/it\/wp-json\/wp\/v2\/media\/11290"}],"wp:attachment":[{"href":"https:\/\/woolskins.eu\/it\/wp-json\/wp\/v2\/media?parent=11292"}],"wp:term":[{"taxonomy":"product_brand","embeddable":true,"href":"https:\/\/woolskins.eu\/it\/wp-json\/wp\/v2\/product_brand?post=11292"},{"taxonomy":"product_cat","embeddable":true,"href":"https:\/\/woolskins.eu\/it\/wp-json\/wp\/v2\/product_cat?post=11292"},{"taxonomy":"product_tag","embeddable":true,"href":"https:\/\/woolskins.eu\/it\/wp-json\/wp\/v2\/product_tag?post=11292"}],"curies":[{"name":"wp","href":"https:\/\/api.w.org\/{rel}","templated":true}]}}