{"id":11248,"date":"2022-06-20T13:53:06","date_gmt":"2022-06-20T13:53:06","guid":{"rendered":"https:\/\/woolskins.eu\/?post_type=product&#038;p=11248"},"modified":"2026-05-12T09:24:37","modified_gmt":"2026-05-12T09:24:37","slug":"cappello-a-secchiello-grigio-chiaro","status":"publish","type":"product","link":"https:\/\/woolskins.eu\/it\/bucket-hat-light-grey\/","title":{"rendered":"Un marchio di base: cappello da pescatore per bambini | Grigio chiaro"},"content":{"rendered":"<h6>Un marchio per bambini<\/h6>\n<p>Un vero must have dell&#039;estate \u00e8 questo bucket hat in tela con bordi sfrangiati. Disponibile in 4 colori per una vera esperienza di mix and match. L&#039;ampia gamma di taglie - 3 taglie dal neonato all&#039;adulto - rende questo cappello un altro prodotto coordinato A BABY BRAND per bambini e genitori.<\/p>\n<p>Taglie:<\/p>\n<p>S \u2013 0\/12m \u2013 46cm<br \/>\nM \u2013 1\/4a \u2013 53 cm<br \/>\nL \u2013 4 anni\/adulto \u2013 60 cm<\/p>\n<h5>Un marchio per bambini<\/h5>\n<p>Scopri un guardaroba davvero minimalista, pieno di pratici elementi essenziali. Mescola e abbina i nostri modelli e colori unisex. Nessun logo, nessuna stampa, nessuna confusione.<\/p>\n<p>La nostra missione \u00e8 semplificarti la vita, quindi una delle idee principali alla base della nostra filosofia \u00e8 la PRATICA. Abbiamo anche a cuore il nostro pianeta e desideriamo che tutti vivano una vita pi\u00f9 minimalista e quindi usino meno vestiti (#CONSUMEWISELY).<\/p>\n<p>Ecco perch\u00e9 la qualit\u00e0 dei nostri prodotti \u00e8 la pi\u00f9 alta possibile. Puoi usarli per anni e trasmetterli quando hai finito. Utilizziamo tessuti di prima qualit\u00e0 con certificato di cotone organico GOTS e STANDARD 100 di OEKO-TEX\u00ae. Tutti i nostri prodotti possono essere lavati in lavatrice e asciugati in asciugatrice tutte le volte che vuoi. Scoprirai che la nostra felpa di cotone non ha nemmeno bisogno di essere stirata per avere un bell&#039;aspetto.<\/p>","protected":false},"excerpt":{"rendered":"<h6>Un marchio per bambini<\/h6>\n<p>Un vero must have dell&#039;estate \u00e8 questo bucket hat in tela con bordi sfrangiati.<\/p>","protected":false},"featured_media":11244,"comment_status":"closed","ping_status":"closed","template":"","meta":{"_acf_changed":false},"product_brand":[],"product_cat":[335,351,361,360,362,350,529,535,31],"product_tag":[],"class_list":{"0":"post-11248","1":"product","2":"type-product","3":"status-publish","4":"has-post-thumbnail","6":"product_cat-a_baby_brand","7":"product_cat-accessoiresvoormama","8":"product_cat-babyshower","9":"product_cat-cadeautips","10":"product_cat-cadeaus-tot-e-25","11":"product_cat-fashion","12":"product_cat-katoenen-babykleertjes","13":"product_cat-katoenen-babymuts-babysjaaltjes","14":"product_cat-yogamat-wol","15":"pa_maat-l","16":"pa_maat-m","17":"pa_maat-s","19":"first","20":"instock","21":"taxable","22":"shipping-taxable","23":"purchasable","24":"product-type-variable"},"acf":[],"_links":{"self":[{"href":"https:\/\/woolskins.eu\/it\/wp-json\/wp\/v2\/product\/11248","targetHints":{"allow":["GET"]}}],"collection":[{"href":"https:\/\/woolskins.eu\/it\/wp-json\/wp\/v2\/product"}],"about":[{"href":"https:\/\/woolskins.eu\/it\/wp-json\/wp\/v2\/types\/product"}],"replies":[{"embeddable":true,"href":"https:\/\/woolskins.eu\/it\/wp-json\/wp\/v2\/comments?post=11248"}],"wp:featuredmedia":[{"embeddable":true,"href":"https:\/\/woolskins.eu\/it\/wp-json\/wp\/v2\/media\/11244"}],"wp:attachment":[{"href":"https:\/\/woolskins.eu\/it\/wp-json\/wp\/v2\/media?parent=11248"}],"wp:term":[{"taxonomy":"product_brand","embeddable":true,"href":"https:\/\/woolskins.eu\/it\/wp-json\/wp\/v2\/product_brand?post=11248"},{"taxonomy":"product_cat","embeddable":true,"href":"https:\/\/woolskins.eu\/it\/wp-json\/wp\/v2\/product_cat?post=11248"},{"taxonomy":"product_tag","embeddable":true,"href":"https:\/\/woolskins.eu\/it\/wp-json\/wp\/v2\/product_tag?post=11248"}],"curies":[{"name":"wp","href":"https:\/\/api.w.org\/{rel}","templated":true}]}}