{"id":7910,"date":"2022-03-03T15:16:22","date_gmt":"2022-03-03T15:16:22","guid":{"rendered":"https:\/\/woolskins.eu\/?post_type=product&#038;p=7910"},"modified":"2026-01-30T13:19:53","modified_gmt":"2026-01-30T13:19:53","slug":"brosse-dentretien-2","status":"publish","type":"product","link":"https:\/\/woolskins.eu\/fr\/onderhoudsborstel-2\/","title":{"rendered":"Brosse d&#039;entretien"},"content":{"rendered":"<p>La meilleure fa\u00e7on d&#039;entretenir votre pelage est de l&#039;a\u00e9rer r\u00e9guli\u00e8rement \u00e0 l&#039;ext\u00e9rieur, de le tapoter et de le brosser bri\u00e8vement. De cette fa\u00e7on, vous gardez votre manteau beau pendant longtemps sans qu&#039;il ne feutre.<\/p>\n<p>\u2013 Brosse d&#039;entretien 14cm.<\/p>\n<p>Si vous poss\u00e9dez un manteau lavable (qualit\u00e9 m\u00e9dicale, manteau jaune dor\u00e9), nous vous recommandons d&#039;attendre le plus longtemps possible avant de le laver. Habituellement, en cas d&#039;accident mineur, il suffit de l&#039;essuyer avec un gant de toilette humide, puis de le laisser s\u00e9cher\/a\u00e9rer et de le brosser bri\u00e8vement.<\/p>","protected":false},"excerpt":{"rendered":"<p>Ce kit d&#039;entretien est sp\u00e9cialement destin\u00e9 \u00e0 l&#039;entretien des peaux de mouton (lavables). La lessive \u00e9cologique, \u00e0 base d&#039;huile d&#039;olive, a un effet d\u00e9graissant et contient de la lanoline pour maintenir les propri\u00e9t\u00e9s saines et la souplesse du pelage. 250 ml = laver 5 fois.<\/p>","protected":false},"featured_media":7906,"comment_status":"closed","ping_status":"closed","template":"","meta":{"_acf_changed":false},"product_brand":[],"product_cat":[357,216,222,354],"product_tag":[],"class_list":{"0":"post-7910","1":"product","2":"type-product","3":"status-publish","4":"has-post-thumbnail","6":"product_cat-onderhoud","7":"product_cat-schapenvacht-voor-baby","8":"product_cat-buggy-schapenvachtjes","9":"product_cat-woolskins","11":"first","12":"instock","13":"taxable","14":"shipping-taxable","15":"purchasable","16":"product-type-simple"},"acf":[],"_links":{"self":[{"href":"https:\/\/woolskins.eu\/fr\/wp-json\/wp\/v2\/product\/7910","targetHints":{"allow":["GET"]}}],"collection":[{"href":"https:\/\/woolskins.eu\/fr\/wp-json\/wp\/v2\/product"}],"about":[{"href":"https:\/\/woolskins.eu\/fr\/wp-json\/wp\/v2\/types\/product"}],"replies":[{"embeddable":true,"href":"https:\/\/woolskins.eu\/fr\/wp-json\/wp\/v2\/comments?post=7910"}],"wp:featuredmedia":[{"embeddable":true,"href":"https:\/\/woolskins.eu\/fr\/wp-json\/wp\/v2\/media\/7906"}],"wp:attachment":[{"href":"https:\/\/woolskins.eu\/fr\/wp-json\/wp\/v2\/media?parent=7910"}],"wp:term":[{"taxonomy":"product_brand","embeddable":true,"href":"https:\/\/woolskins.eu\/fr\/wp-json\/wp\/v2\/product_brand?post=7910"},{"taxonomy":"product_cat","embeddable":true,"href":"https:\/\/woolskins.eu\/fr\/wp-json\/wp\/v2\/product_cat?post=7910"},{"taxonomy":"product_tag","embeddable":true,"href":"https:\/\/woolskins.eu\/fr\/wp-json\/wp\/v2\/product_tag?post=7910"}],"curies":[{"name":"wp","href":"https:\/\/api.w.org\/{rel}","templated":true}]}}