{"id":7909,"date":"2022-03-03T15:02:21","date_gmt":"2022-03-03T15:02:21","guid":{"rendered":"https:\/\/woolskins.eu\/?post_type=product&#038;p=7909"},"modified":"2024-12-05T11:12:27","modified_gmt":"2024-12-05T11:12:27","slug":"detergent-ecologique-pour-la-laine-avec-lanoline","status":"publish","type":"product","link":"https:\/\/woolskins.eu\/fr\/ecologisch-wolwasmiddel-met-lanoline\/","title":{"rendered":"D\u00e9tergent \u00e9cologique pour laine \u00e0 la lanoline"},"content":{"rendered":"<p>Cette lessive pour laine nettoie efficacement mais en douceur les v\u00eatements en laine et les tissus d\u00e9licats. Convient pour le lavage \u00e0 la main ou le linge d\u00e9licat en machine \u00e0 laver. Un suppl\u00e9ment de lanoline a \u00e9t\u00e9 ajout\u00e9 pour que votre produit en laine r\u00e9cup\u00e8re et devienne merveilleusement doux.<\/p>\n<p>\u2013 Sans azurants optiques.<br \/>\n- 250 ml (suffisant pour 5x le lavage de votre peau de mouton lavable).<br \/>\n\u2013 Lavable en machine et \u00e0 la main jusqu&#039;\u00e0 40 \u00b0C.<br \/>\n&#8211; <i class=\"sui sui-leaf\"><\/i>Base v\u00e9g\u00e9tale, sans huile de palme.<\/p>\n<p>Vous cherchez une bonne lessive \u00e9cologique pour la laine et la soie ? Alors essayez notre lessive pour laine et notre lessive d\u00e9licate \u00e0 base de savon \u00e0 l&#039;huile d&#039;olive. Il nettoie naturellement efficacement et \u00e9limine les taches, m\u00eame \u00e0 basse temp\u00e9rature. Cette lessive pour laine est formul\u00e9e de mani\u00e8re \u00e0 nettoyer efficacement et ne contient pas d&#039;azurants optiques.<\/p>\n<p>La graisse naturelle de la laine contenue dans les v\u00eatements en laine n&#039;est pas endommag\u00e9e, ce qui garantit qu&#039;ils conservent leur douceur, leur texture et leur aspect. Cette lessive \u00e9cologique pour laine ne contient pas d&#039;huile de palme, ni d&#039;exhausteurs de couleurs optiques, ni de silicone.<\/p>\n<p>Si vous souhaitez laver votre manteau lavable (qualit\u00e9 m\u00e9dicale, manteau jaune dor\u00e9), vous pouvez \u00e9galement le faire avec cette lessive.<\/p>","protected":false},"excerpt":{"rendered":"<p>Vous cherchez une bonne lessive \u00e9cologique pour la laine et la soie ? Essayez notre lessive pour laine et notre lessive fine \u00e0 base de savon \u00e0 l'huile d'olive. Elle lave efficacement de mani\u00e8re naturelle et \u00e9limine les taches, m\u00eame \u00e0 basse temp\u00e9rature. Contenu : 250 ml.<\/p>","protected":false},"featured_media":7908,"comment_status":"closed","ping_status":"closed","template":"","meta":{"_acf_changed":false},"product_brand":[],"product_cat":[357,216,354],"product_tag":[],"class_list":{"0":"post-7909","1":"product","2":"type-product","3":"status-publish","4":"has-post-thumbnail","6":"product_cat-onderhoud","7":"product_cat-schapenvacht-voor-baby","8":"product_cat-woolskins","10":"first","11":"instock","12":"taxable","13":"shipping-taxable","14":"purchasable","15":"product-type-simple"},"acf":[],"_links":{"self":[{"href":"https:\/\/woolskins.eu\/fr\/wp-json\/wp\/v2\/product\/7909","targetHints":{"allow":["GET"]}}],"collection":[{"href":"https:\/\/woolskins.eu\/fr\/wp-json\/wp\/v2\/product"}],"about":[{"href":"https:\/\/woolskins.eu\/fr\/wp-json\/wp\/v2\/types\/product"}],"replies":[{"embeddable":true,"href":"https:\/\/woolskins.eu\/fr\/wp-json\/wp\/v2\/comments?post=7909"}],"wp:featuredmedia":[{"embeddable":true,"href":"https:\/\/woolskins.eu\/fr\/wp-json\/wp\/v2\/media\/7908"}],"wp:attachment":[{"href":"https:\/\/woolskins.eu\/fr\/wp-json\/wp\/v2\/media?parent=7909"}],"wp:term":[{"taxonomy":"product_brand","embeddable":true,"href":"https:\/\/woolskins.eu\/fr\/wp-json\/wp\/v2\/product_brand?post=7909"},{"taxonomy":"product_cat","embeddable":true,"href":"https:\/\/woolskins.eu\/fr\/wp-json\/wp\/v2\/product_cat?post=7909"},{"taxonomy":"product_tag","embeddable":true,"href":"https:\/\/woolskins.eu\/fr\/wp-json\/wp\/v2\/product_tag?post=7909"}],"curies":[{"name":"wp","href":"https:\/\/api.w.org\/{rel}","templated":true}]}}