{"id":7854,"date":"2022-03-02T11:30:06","date_gmt":"2022-03-02T11:30:06","guid":{"rendered":"https:\/\/woolskins.eu\/?post_type=product&#038;p=7854"},"modified":"2025-09-30T14:01:45","modified_gmt":"2025-09-30T14:01:45","slug":"skiep-woolcare-lanolin-spray","status":"publish","type":"product","link":"https:\/\/woolskins.eu\/fr\/skiep-woolcare-lanoline-spray\/","title":{"rendered":"Passer l&#039;entretien de la laine | Spray de lanoline"},"content":{"rendered":"<p>Spray de lanoline naturellement inodore de la marque n\u00e9erlandaise Skiep Woolcare. Fabriqu\u00e9 \u00e0 partir d&#039;ingr\u00e9dients biologiques et naturels 100%.<\/p>\n<p>Id\u00e9al pour entretenir les peaux de mouton et les v\u00eatements en laine. Il nourrit, soigne et prot\u00e8ge votre v\u00eatement en laine pr\u00e9f\u00e9r\u00e9 rapidement et facilement.<\/p>\n<p>\u2013 Contenu : 100 ml<br \/>\n\u2013 Ingr\u00e9dients : eau, huiles biologiques saponifi\u00e9es d\u2019olive, de coco et de tournesol, lanoline.<\/p>\n<p>La lanoline est connue pour son effet nourrissant et d\u00e9sinfectant. Cela peut avoir un effet apaisant sur les peaux sensibles et\/ou irrit\u00e9es. <span style=\"font-style: var(--fontStyle, inherit); font-weight: var(--fontWeight); letter-spacing: var(--letterSpacing); text-transform: var(--textTransform);\">Les bouteilles sont de couleur un peu gris\/gris. C\u2019est parce qu\u2019ils sont fabriqu\u00e9s \u00e0 partir de plastique recycl\u00e9 !<\/span><\/p>\n<p>Usage:<\/p>\n<p>Agiter doucement avant utilisation. Vaporisez votre v\u00eatement en laine ou peau de mouton pr\u00e9f\u00e9r\u00e9 r\u00e9cemment lav\u00e9 avec Skiep Lanolin Spray. Massez ensuite doucement la solution de lanoline dans les fibres et \u00e9tendez ensuite le v\u00eatement afin que la lanoline puisse \u00eatre correctement absorb\u00e9e par la laine.<\/p>\n<p>Attention : le spray de lanoline n&#039;a pas besoin d&#039;\u00eatre rinc\u00e9.<\/p>\n<div id=\"jw-element-126665088\" class=\"jw-tree-node jw-element jw-text jw-node-is-first-child jw-image-text\" data-jw-element-id=\"126665088\">\n<div class=\"jw-element-imagetext-text\">\n<h5 class=\"jw-heading-100\">Passer l&#039;entretien de la laine<\/h5>\n<\/div>\n<\/div>\n<div id=\"jw-element-126755716\" class=\"jw-tree-node jw-element jw-text jw-node-is-last-child jw-image-text\" data-jw-element-id=\"126755716\">\n<div class=\"jw-element-imagetext-text\">\n<p>Fabriquer du savon est un de mes passe-temps depuis des ann\u00e9es, n\u00e9 de ma recherche \u00e9ternelle de produits (de soins) naturels auxquels ma peau r\u00e9agit bien. Ajoutez \u00e0 cela mon grand amour pour la laine, et l\u2019id\u00e9e de Skiep Woolcare \u00e9tait l\u00e0 !<\/p>\n<p>Apr\u00e8s de nombreuses recherches et tests, j&#039;ai enfin formul\u00e9 une bonne recette pour mon savon \u00e0 lessive en laine biologique \u00e0 la lanoline. Le savon rend vos lainages merveilleusement frais et doux gr\u00e2ce \u00e0 leur forte teneur en lanoline. Un peu plus tard, j&#039;ai \u00e9galement d\u00e9velopp\u00e9 un spray fin \u00e0 la lanoline biologique. Il va sans dire que je n\u2019ai utilis\u00e9 que des ingr\u00e9dients biologiques et naturels. J&#039;esp\u00e8re que vous \u00eates aussi excit\u00e9 que moi !<\/p>\n<h5>Saviez-vous:<\/h5>\n<p>\u2013 Nos savons de lavage en laine de lanoline sont fabriqu\u00e9s \u00e0 partir d\u2019huiles v\u00e9g\u00e9tales biologiques (et de lanoline naturelle) et sont sans huile de palme ?<br \/>\n\u2013 Nous avons utilis\u00e9 la quantit\u00e9 maximale d\u2019huile essentielle autoris\u00e9e selon les normes de l\u2019UE pour tous les savons ? Le parfum est donc pr\u00e9sent, mais pas extr\u00eame.<br \/>\n\u2013 Chaque savon a-t-il une apparence diff\u00e9rente ? L\u2019un est l\u00e9g\u00e8rement plus rugueux que l\u2019autre. En effet, nos savons sont fabriqu\u00e9s \u00e0 la main et \u00e9galement d\u00e9coup\u00e9s \u00e0 la main.<br \/>\n\u2013 Il peut parfois y avoir une \u00ab brume \u00bb blanche ou des taches blanches visibles sur le savon ? C&#039;est ce qu&#039;on appelle les cendres de savon et il s&#039;agit d&#039;une r\u00e9action naturelle entre tous les composants et l&#039;oxyg\u00e8ne. C\u2019est donc purement cosm\u00e9tique et n\u2019a aucune influence sur la qualit\u00e9 du savon. Parce que nous aimons la nature pure, nous avons choisi de ne pas ajouter d&#039;autres substances pour contrecarrer cela.<br \/>\n\u2013 Nos mat\u00e9riaux d\u2019emballage, etc., sont-ils fabriqu\u00e9s \u00e0 partir de mat\u00e9riaux recycl\u00e9s ? Par exemple, le papier brun entourant les savons du 80% est compostable, et les flacons des sprays de lanoline sont fabriqu\u00e9s \u00e0 partir de plastique recycl\u00e9 100% !<\/p>\n<p>&nbsp;<\/p>\n<\/div>\n<\/div>","protected":false},"excerpt":{"rendered":"<p>Le spray \u00e0 la lanoline Skiep Woolcare est id\u00e9al pour entretenir les v\u00eatements en peau de mouton et en laine. Il nourrit, soigne et prot\u00e8ge votre v\u00eatement en laine pr\u00e9f\u00e9r\u00e9 facilement et rapidement.<\/p>","protected":false},"featured_media":7853,"comment_status":"open","ping_status":"closed","template":"","meta":{"_acf_changed":false},"product_brand":[],"product_cat":[349,200,31,352,357,216,222,356,196,210],"product_tag":[],"class_list":{"0":"post-7854","1":"product","2":"type-product","3":"status-publish","4":"has-post-thumbnail","6":"product_cat-borstvoedingenvoedingskussens","7":"product_cat-wollen-babykleding","8":"product_cat-yogamat-wol","9":"product_cat-merken","10":"product_cat-onderhoud","11":"product_cat-schapenvacht-voor-baby","12":"product_cat-buggy-schapenvachtjes","13":"product_cat-skiep-woolcare","14":"product_cat-slaapkleding-baby","15":"product_cat-wollen-voedingskussen","17":"first","18":"outofstock","19":"taxable","20":"shipping-taxable","21":"purchasable","22":"product-type-simple"},"acf":[],"_links":{"self":[{"href":"https:\/\/woolskins.eu\/fr\/wp-json\/wp\/v2\/product\/7854","targetHints":{"allow":["GET"]}}],"collection":[{"href":"https:\/\/woolskins.eu\/fr\/wp-json\/wp\/v2\/product"}],"about":[{"href":"https:\/\/woolskins.eu\/fr\/wp-json\/wp\/v2\/types\/product"}],"replies":[{"embeddable":true,"href":"https:\/\/woolskins.eu\/fr\/wp-json\/wp\/v2\/comments?post=7854"}],"wp:featuredmedia":[{"embeddable":true,"href":"https:\/\/woolskins.eu\/fr\/wp-json\/wp\/v2\/media\/7853"}],"wp:attachment":[{"href":"https:\/\/woolskins.eu\/fr\/wp-json\/wp\/v2\/media?parent=7854"}],"wp:term":[{"taxonomy":"product_brand","embeddable":true,"href":"https:\/\/woolskins.eu\/fr\/wp-json\/wp\/v2\/product_brand?post=7854"},{"taxonomy":"product_cat","embeddable":true,"href":"https:\/\/woolskins.eu\/fr\/wp-json\/wp\/v2\/product_cat?post=7854"},{"taxonomy":"product_tag","embeddable":true,"href":"https:\/\/woolskins.eu\/fr\/wp-json\/wp\/v2\/product_tag?post=7854"}],"curies":[{"name":"wp","href":"https:\/\/api.w.org\/{rel}","templated":true}]}}