{"id":7845,"date":"2022-03-01T14:09:22","date_gmt":"2022-03-01T14:09:22","guid":{"rendered":"https:\/\/woolskins.eu\/?post_type=product&#038;p=7845"},"modified":"2025-06-16T09:53:47","modified_gmt":"2025-06-16T09:53:47","slug":"short-bebe-laine-alpaga-coton-marron-clair","status":"publish","type":"product","link":"https:\/\/woolskins.eu\/fr\/baby-shorts-alpaca-wol-katoen-licht-bruin\/","title":{"rendered":"Short B\u00e9b\u00e9 Laine d&#039;Alpaga &amp; Coton | brun clair"},"content":{"rendered":"<p>Le short parfait pour que votre tout-petit se sente libre et puisse courir dans ses aventures. Associez ce short \u00e0 nos chaussettes hautes en coton alpaga pour un match parfait.<\/p>\n<p>Fabriqu\u00e9 \u00e0 partir d&#039;un m\u00e9lange non teint de coton biologique et de b\u00e9b\u00e9 alpaga fin, pour permettre \u00e0 leur peau de respirer, gardant votre animal frais et confortable toute l&#039;ann\u00e9e. Ce short est dot\u00e9 d&#039;un n\u0153ud \u00e0 nouer pour ajuster la taille.<\/p>\n<p>\u2013 Taille unique 0-3 mois<br \/>\n\u2013 Est l\u00e9ger et tr\u00e8s doux<br \/>\n\u2013 Est thermique, donc frais en \u00e9t\u00e9 et agr\u00e9able et chaud en hiver<br \/>\n\u2013 Est 4 fois moins \u00ab sensible \u00e0 l\u2019usure \u00bb que la laine m\u00e9rinos<br \/>\n\u2013 Ne r\u00e9tr\u00e9cit pas apr\u00e8s le lavage<br \/>\n\u2013 Laine fine d&#039;alpaga 35% \u2013 Coton biologique 65%<br \/>\n\u2013 100% biologique selon Oeko-Tex\u00ae Standard 100<\/p>\n<p>La laine d&#039;alpaga est encore plus douce que la laine m\u00e9rinos et isole l\u00e9g\u00e8rement mieux que la laine normale. Il le fait de mani\u00e8re dynamique, rendant la laine bien chaude en hiver et fra\u00eeche en \u00e9t\u00e9. Il a une brillance douce et semble donc tr\u00e8s luxueux. La laine de b\u00e9b\u00e9 alpaga fait r\u00e9f\u00e9rence aux poils les plus fins de l&#039;alpaga adulte. Il est l\u00e9ger et tr\u00e8s doux.<\/p>\n<h5 class=\"Text1893342656__root Text1893342656---typography-11-runningText Text1893342656---priority-7-primary s8gg2 _2UIKs InfoSectionTitle3095652555__root\" aria-hidden=\"false\" data-hook=\"info-section-title\">Laine de b\u00e9b\u00e9 alpaga<\/h5>\n<div class=\"rah-static rah-static--height-auto\" aria-hidden=\"false\">\n<div>\n<div class=\"_1yvxJ fggS- cell\">\n<div class=\"WncCi\" data-hook=\"info-section-description\">\n<p>La structure des fibres de la laine Baby Alpaca est tr\u00e8s fine et la douceur est comparable \u00e0 celle de la laine cachemire, mais encore plus douce. La laine d&#039;alpaga est reconnue pour sa qualit\u00e9 sup\u00e9rieure, tr\u00e8s douce sur la peau et hypoallerg\u00e9nique. La laine baby alpaga est la laine d&#039;alpaga la plus douce d\u00e8s la premi\u00e8re tonte. Baby alpaga ne signifie pas que la laine provient de b\u00e9b\u00e9s alpagas, mais que seule la laine la plus fine est utilis\u00e9e. Il a un diam\u00e8tre d&#039;environ 20 microns, ce qui est incroyablement fin. Un micron \u00e9quivaut \u00e0 0,001 millim\u00e8tre. Plus la laine est fine, plus le produit est doux.<\/p>\n<h5>Petit Colibri<\/h5>\n<p class=\"\">PETIT KOLIBRI est n\u00e9 d&#039;un amour inconditionnel pour les produits authentiques, biologiques et naturels. Nos produits sont n\u00e9s d&#039;un engagement ind\u00e9fectible \u00e0 promouvoir la durabilit\u00e9 environnementale et des pratiques commerciales conscientes dans les communaut\u00e9s locales d&#039;Am\u00e9rique latine.<\/p>\n<p class=\"\">Tous nos v\u00eatements en alpaga biologique et b\u00e9b\u00e9 alpaga sont achet\u00e9s avec soin et attention dans une relation mutuellement b\u00e9n\u00e9fique et transparente avec nos fournisseurs. Les produits finis sont r\u00e9alis\u00e9s dans des conditions \u00e9quitables par un collectif d&#039;artisans en Colombie et au P\u00e9rou. Le commerce \u00e9quitable est devenu notre principe directeur.<\/p>\n<p class=\"\">Les enfants sont la population de demain. L\u2019impact qu\u2019ils auront sur notre plan\u00e8te sera influenc\u00e9 par les principes que nous leur enseignons aujourd\u2019hui. Notre tricot minimaliste au design organique est fait pour toutes les petites aventures !<\/p>\n<p>Notre objectif est de fournir des v\u00eatements et des accessoires s\u00fbrs aux enfants, car nous pensons que les produits que les enfants touchent doivent \u00eatre dans leur \u00e9tat le plus pur et non trait\u00e9. Nous sommes fiers de proposer des produits biologiques exempts de substances nocives, certifi\u00e9s par la norme 100 by OEKO-TEX\u00ae. La laine que nous utilisons chez PETIT KOLIBRI provient du P\u00e9rou, l&#039;un des plus importants pays d&#039;exportation de laine d&#039;alpaga.<\/p>\n<\/div>\n<\/div>\n<\/div>\n<\/div>","protected":false},"excerpt":{"rendered":"<p>Le short parfait pour que votre tout-petit se sente libre et puisse courir dans ses aventures.<\/p>","protected":false},"featured_media":7849,"comment_status":"closed","ping_status":"closed","template":"","meta":{"_acf_changed":false},"product_brand":[],"product_cat":[361,360,363,200,232,322,344],"product_tag":[],"class_list":{"0":"post-7845","1":"product","2":"type-product","3":"status-publish","4":"has-post-thumbnail","6":"product_cat-babyshower","7":"product_cat-cadeautips","8":"product_cat-cadeaus-e25-e50","9":"product_cat-wollen-babykleding","10":"product_cat-petit-kolibri","11":"product_cat-broekjes","12":"product_cat-kleertjes","13":"pa_maat-0-3-maanden","14":"pa_maat-3-6-maanden","15":"pa_maat-6-12-maanden","17":"first","18":"instock","19":"taxable","20":"shipping-taxable","21":"purchasable","22":"product-type-variable"},"acf":[],"_links":{"self":[{"href":"https:\/\/woolskins.eu\/fr\/wp-json\/wp\/v2\/product\/7845","targetHints":{"allow":["GET"]}}],"collection":[{"href":"https:\/\/woolskins.eu\/fr\/wp-json\/wp\/v2\/product"}],"about":[{"href":"https:\/\/woolskins.eu\/fr\/wp-json\/wp\/v2\/types\/product"}],"replies":[{"embeddable":true,"href":"https:\/\/woolskins.eu\/fr\/wp-json\/wp\/v2\/comments?post=7845"}],"wp:featuredmedia":[{"embeddable":true,"href":"https:\/\/woolskins.eu\/fr\/wp-json\/wp\/v2\/media\/7849"}],"wp:attachment":[{"href":"https:\/\/woolskins.eu\/fr\/wp-json\/wp\/v2\/media?parent=7845"}],"wp:term":[{"taxonomy":"product_brand","embeddable":true,"href":"https:\/\/woolskins.eu\/fr\/wp-json\/wp\/v2\/product_brand?post=7845"},{"taxonomy":"product_cat","embeddable":true,"href":"https:\/\/woolskins.eu\/fr\/wp-json\/wp\/v2\/product_cat?post=7845"},{"taxonomy":"product_tag","embeddable":true,"href":"https:\/\/woolskins.eu\/fr\/wp-json\/wp\/v2\/product_tag?post=7845"}],"curies":[{"name":"wp","href":"https:\/\/api.w.org\/{rel}","templated":true}]}}