{"id":7469,"date":"2022-02-11T11:31:29","date_gmt":"2022-02-11T11:31:29","guid":{"rendered":"https:\/\/woolskins.eu\/?post_type=product&#038;p=7469"},"modified":"2025-12-11T13:21:27","modified_gmt":"2025-12-11T13:21:27","slug":"short-rib-gris-clair","status":"publish","type":"product","link":"https:\/\/woolskins.eu\/fr\/rib-short-light-grey\/","title":{"rendered":"A Basic Brand \u2013 Pantalon b\u00e9b\u00e9 court Rib | Gris clair"},"content":{"rendered":"<p>Short unisexe confectionn\u00e9 dans un tissu en coton c\u00f4tel\u00e9, avec une finition rugueuse ludique. Ils s&#039;adaptent parfaitement \u00e0 la forme de votre tout-petit. \u00c0 associer avec un sweat-shirt c\u00f4tel\u00e9 pour un look totalement d\u00e9contract\u00e9.<\/p>\n<p>7% coton 3% \u00e9lasthanne<\/p>\n<p>NORME 100 d&#039;OEKO-TEX\u00ae<\/p>\n<p>Tailles\u00a0:<\/p>\n<p>6m \u2013 68cm<br \/>\n1 an \u2013 80 cm<\/p>\n<h5>Une marque pour b\u00e9b\u00e9<\/h5>\n<p>D\u00e9couvrez une garde-robe v\u00e9ritablement minimaliste pleine d&#039;essentiels pratiques. M\u00e9langez et assortissez nos mod\u00e8les et couleurs unisexes. Pas de logo, pas d&#039;impression, pas de chichi.<\/p>\n<p>Notre mission est de vous faciliter la vie, c&#039;est pourquoi l&#039;une des id\u00e9es principales derri\u00e8re notre philosophie est la PRATIQUE. Nous nous soucions \u00e9galement profond\u00e9ment de notre plan\u00e8te et souhaitons que tout le monde m\u00e8ne une vie plus minimaliste et utilise donc moins de v\u00eatements (#CONSUMEWISELY).<\/p>\n<p>C&#039;est pourquoi la qualit\u00e9 de nos produits est la plus \u00e9lev\u00e9e possible. Vous pouvez les utiliser pendant des ann\u00e9es et les transmettre une fois que vous avez termin\u00e9. Nous utilisons des tissus de qualit\u00e9 sup\u00e9rieure certifi\u00e9s GOTS en coton biologique et STANDARD 100 by OEKO-TEX\u00ae. Tous nos produits peuvent \u00eatre lav\u00e9s et s\u00e9ch\u00e9s en machine aussi souvent que vous le souhaitez. Vous d\u00e9couvrirez que notre molleton de coton n&#039;a m\u00eame pas besoin d&#039;\u00eatre repass\u00e9 pour \u00eatre beau.<\/p>","protected":false},"excerpt":{"rendered":"<p>Short unisexe confectionn\u00e9 dans un tissu en coton c\u00f4tel\u00e9, avec une finition rugueuse ludique.<\/p>","protected":false},"featured_media":7475,"comment_status":"closed","ping_status":"closed","template":"","meta":{"_acf_changed":false},"product_brand":[],"product_cat":[360,335,361,362,529,532],"product_tag":[],"class_list":{"0":"post-7469","1":"product","2":"type-product","3":"status-publish","4":"has-post-thumbnail","6":"product_cat-cadeautips","7":"product_cat-a_baby_brand","8":"product_cat-babyshower","9":"product_cat-cadeaus-tot-e-25","10":"product_cat-katoenen-babykleertjes","11":"product_cat-katoenen-babybroekjes","12":"pa_maat-1-jaar","13":"pa_maat-6-maanden","15":"first","16":"instock","17":"taxable","18":"shipping-taxable","19":"purchasable","20":"product-type-variable"},"acf":[],"_links":{"self":[{"href":"https:\/\/woolskins.eu\/fr\/wp-json\/wp\/v2\/product\/7469","targetHints":{"allow":["GET"]}}],"collection":[{"href":"https:\/\/woolskins.eu\/fr\/wp-json\/wp\/v2\/product"}],"about":[{"href":"https:\/\/woolskins.eu\/fr\/wp-json\/wp\/v2\/types\/product"}],"replies":[{"embeddable":true,"href":"https:\/\/woolskins.eu\/fr\/wp-json\/wp\/v2\/comments?post=7469"}],"wp:featuredmedia":[{"embeddable":true,"href":"https:\/\/woolskins.eu\/fr\/wp-json\/wp\/v2\/media\/7475"}],"wp:attachment":[{"href":"https:\/\/woolskins.eu\/fr\/wp-json\/wp\/v2\/media?parent=7469"}],"wp:term":[{"taxonomy":"product_brand","embeddable":true,"href":"https:\/\/woolskins.eu\/fr\/wp-json\/wp\/v2\/product_brand?post=7469"},{"taxonomy":"product_cat","embeddable":true,"href":"https:\/\/woolskins.eu\/fr\/wp-json\/wp\/v2\/product_cat?post=7469"},{"taxonomy":"product_tag","embeddable":true,"href":"https:\/\/woolskins.eu\/fr\/wp-json\/wp\/v2\/product_tag?post=7469"}],"curies":[{"name":"wp","href":"https:\/\/api.w.org\/{rel}","templated":true}]}}