{"id":7295,"date":"2022-02-09T12:46:26","date_gmt":"2022-02-09T12:46:26","guid":{"rendered":"https:\/\/woolskins.eu\/?post_type=product&#038;p=7295"},"modified":"2026-05-08T18:21:14","modified_gmt":"2026-05-08T18:21:14","slug":"chapeau-baquet-nu","status":"publish","type":"product","link":"https:\/\/woolskins.eu\/fr\/bucket-hat-nude\/","title":{"rendered":"Une marque basique \u2013 Chapeau bob pour b\u00e9b\u00e9 | Nu"},"content":{"rendered":"<h6>Une marque pour b\u00e9b\u00e9<\/h6>\n<p>V\u00e9ritable incontournable de l&#039;\u00e9t\u00e9, ce bob en toile aux bords effiloch\u00e9s. Disponible en 4 couleurs pour une v\u00e9ritable exp\u00e9rience de mix and match. La large gamme de tailles \u2013 3 tailles du nouveau-n\u00e9 \u00e0 l\u2019adulte \u2013 fait de ce chapeau un autre produit assorti A BABY BRAND pour les enfants et les parents.<\/p>\n<p>Tailles\u00a0:<\/p>\n<p>S \u2013 0\/12m \u2013 46cm<br \/>\nM \u2013 1\/4 ans \u2013 53 cm<br \/>\nL \u2013 4 ans\/adulte \u2013 60 cm<\/p>\n<h5>Une marque pour b\u00e9b\u00e9<\/h5>\n<p>D\u00e9couvrez une garde-robe v\u00e9ritablement minimaliste pleine d&#039;essentiels pratiques. M\u00e9langez et assortissez nos mod\u00e8les et couleurs unisexes. Pas de logo, pas d&#039;impression, pas de chichi.<\/p>\n<p>Notre mission est de vous faciliter la vie, c&#039;est pourquoi l&#039;une des id\u00e9es principales derri\u00e8re notre philosophie est la PRATIQUE. Nous nous soucions \u00e9galement profond\u00e9ment de notre plan\u00e8te et souhaitons que tout le monde m\u00e8ne une vie plus minimaliste et utilise donc moins de v\u00eatements (#CONSUMEWISELY).<\/p>\n<p>C&#039;est pourquoi la qualit\u00e9 de nos produits est la plus \u00e9lev\u00e9e possible. Vous pouvez les utiliser pendant des ann\u00e9es et les transmettre une fois que vous avez termin\u00e9. Nous utilisons des tissus de qualit\u00e9 sup\u00e9rieure certifi\u00e9s GOTS en coton biologique et STANDARD 100 by OEKO-TEX\u00ae. Tous nos produits peuvent \u00eatre lav\u00e9s et s\u00e9ch\u00e9s en machine aussi souvent que vous le souhaitez. Vous d\u00e9couvrirez que notre molleton de coton n&#039;a m\u00eame pas besoin d&#039;\u00eatre repass\u00e9 pour \u00eatre beau.<\/p>","protected":false},"excerpt":{"rendered":"<h6>Une marque pour b\u00e9b\u00e9<\/h6>\n<p>V\u00e9ritable incontournable de l&#039;\u00e9t\u00e9, ce bob en toile aux bords effiloch\u00e9s.<\/p>","protected":false},"featured_media":11005,"comment_status":"closed","ping_status":"closed","template":"","meta":{"_acf_changed":false},"product_brand":[],"product_cat":[335,351,361,360,362,350,529,535,31],"product_tag":[],"class_list":{"0":"post-7295","1":"product","2":"type-product","3":"status-publish","4":"has-post-thumbnail","6":"product_cat-a_baby_brand","7":"product_cat-accessoiresvoormama","8":"product_cat-babyshower","9":"product_cat-cadeautips","10":"product_cat-cadeaus-tot-e-25","11":"product_cat-fashion","12":"product_cat-katoenen-babykleertjes","13":"product_cat-katoenen-babymuts-babysjaaltjes","14":"product_cat-yogamat-wol","15":"pa_maat-l","16":"pa_maat-m","17":"pa_maat-s","19":"first","20":"instock","21":"taxable","22":"shipping-taxable","23":"purchasable","24":"product-type-variable"},"acf":[],"_links":{"self":[{"href":"https:\/\/woolskins.eu\/fr\/wp-json\/wp\/v2\/product\/7295","targetHints":{"allow":["GET"]}}],"collection":[{"href":"https:\/\/woolskins.eu\/fr\/wp-json\/wp\/v2\/product"}],"about":[{"href":"https:\/\/woolskins.eu\/fr\/wp-json\/wp\/v2\/types\/product"}],"replies":[{"embeddable":true,"href":"https:\/\/woolskins.eu\/fr\/wp-json\/wp\/v2\/comments?post=7295"}],"wp:featuredmedia":[{"embeddable":true,"href":"https:\/\/woolskins.eu\/fr\/wp-json\/wp\/v2\/media\/11005"}],"wp:attachment":[{"href":"https:\/\/woolskins.eu\/fr\/wp-json\/wp\/v2\/media?parent=7295"}],"wp:term":[{"taxonomy":"product_brand","embeddable":true,"href":"https:\/\/woolskins.eu\/fr\/wp-json\/wp\/v2\/product_brand?post=7295"},{"taxonomy":"product_cat","embeddable":true,"href":"https:\/\/woolskins.eu\/fr\/wp-json\/wp\/v2\/product_cat?post=7295"},{"taxonomy":"product_tag","embeddable":true,"href":"https:\/\/woolskins.eu\/fr\/wp-json\/wp\/v2\/product_tag?post=7295"}],"curies":[{"name":"wp","href":"https:\/\/api.w.org\/{rel}","templated":true}]}}