{"id":7275,"date":"2022-02-09T11:49:20","date_gmt":"2022-02-09T11:49:20","guid":{"rendered":"https:\/\/woolskins.eu\/?post_type=product&#038;p=7275"},"modified":"2025-12-12T15:05:40","modified_gmt":"2025-12-12T15:05:40","slug":"un-sweat-shirt-de-marque-baby-nude-2","status":"publish","type":"product","link":"https:\/\/woolskins.eu\/fr\/a-baby-brand-sweatshirt-nude-2\/","title":{"rendered":"Une marque basique \u2013 Sweat b\u00e9b\u00e9 | Nu"},"content":{"rendered":"<p>Un sweat-shirt ample et d\u00e9contract\u00e9 fabriqu\u00e9 \u00e0 partir de notre c\u00e9l\u00e8bre molleton de coton souple. Ce m\u00e9lange de coton ultra confortable est incroyablement doux et l&#039;int\u00e9rieur en polaire deviendra instantan\u00e9ment votre pr\u00e9f\u00e9r\u00e9. Le sweat-shirt \u00e0 col rond a la finition brute parfaite la plus minimaliste, qui gagne en caract\u00e8re apr\u00e8s chaque lavage. Pour un look oversize, prenez une taille au-dessus.<\/p>\n<p>Coton 97% 3% \u00e9lasthanne. NORME 100 d&#039;OEKO-TEX\u00ae<\/p>\n<p>Tailles\u00a0:<\/p>\n<p>longueur totale cm \/ longueur des manches cm \/ largeur totale cm<\/p>\n<p>6m \u2013 30\/23\/29<br \/>\n1 an \u2013 33 \/ 27 \/ 31<\/p>\n<h5>Une marque pour b\u00e9b\u00e9<\/h5>\n<p>D\u00e9couvrez une garde-robe v\u00e9ritablement minimaliste pleine d&#039;essentiels pratiques. M\u00e9langez et assortissez nos mod\u00e8les et couleurs unisexes. Pas de logo, pas d&#039;impression, pas de chichi.<\/p>\n<p>Notre mission est de vous faciliter la vie, c&#039;est pourquoi l&#039;une des id\u00e9es principales derri\u00e8re notre philosophie est la PRATIQUE. Nous nous soucions \u00e9galement profond\u00e9ment de notre plan\u00e8te et souhaitons que tout le monde m\u00e8ne une vie plus minimaliste et utilise donc moins de v\u00eatements (#CONSUMEWISELY).<\/p>\n<p>C&#039;est pourquoi la qualit\u00e9 de nos produits est la plus \u00e9lev\u00e9e possible. Vous pouvez les utiliser pendant des ann\u00e9es et les transmettre une fois que vous avez termin\u00e9. Nous utilisons des tissus de qualit\u00e9 sup\u00e9rieure certifi\u00e9s GOTS en coton biologique et STANDARD 100 by OEKO-TEX\u00ae. Tous nos produits peuvent \u00eatre lav\u00e9s et s\u00e9ch\u00e9s en machine aussi souvent que vous le souhaitez. Vous d\u00e9couvrirez que notre molleton de coton n&#039;a m\u00eame pas besoin d&#039;\u00eatre repass\u00e9 pour \u00eatre beau.<\/p>","protected":false},"excerpt":{"rendered":"<p>Un sweat-shirt ample et d\u00e9contract\u00e9 fabriqu\u00e9 \u00e0 partir de notre c\u00e9l\u00e8bre molleton de coton souple. Ce m\u00e9lange de coton ultra confortable est incroyablement doux et l&#039;int\u00e9rieur en polaire deviendra instantan\u00e9ment votre pr\u00e9f\u00e9r\u00e9.<\/p>","protected":false},"featured_media":7347,"comment_status":"closed","ping_status":"closed","template":"","meta":{"_acf_changed":false},"product_brand":[],"product_cat":[335,360,363,529,530],"product_tag":[],"class_list":{"0":"post-7275","1":"product","2":"type-product","3":"status-publish","4":"has-post-thumbnail","6":"product_cat-a_baby_brand","7":"product_cat-cadeautips","8":"product_cat-cadeaus-e25-e50","9":"product_cat-katoenen-babykleertjes","10":"product_cat-katoenen-babyshirt","11":"pa_maat-1-jaar","12":"pa_maat-6-maanden","14":"first","15":"instock","16":"taxable","17":"shipping-taxable","18":"purchasable","19":"product-type-variable"},"acf":[],"_links":{"self":[{"href":"https:\/\/woolskins.eu\/fr\/wp-json\/wp\/v2\/product\/7275","targetHints":{"allow":["GET"]}}],"collection":[{"href":"https:\/\/woolskins.eu\/fr\/wp-json\/wp\/v2\/product"}],"about":[{"href":"https:\/\/woolskins.eu\/fr\/wp-json\/wp\/v2\/types\/product"}],"replies":[{"embeddable":true,"href":"https:\/\/woolskins.eu\/fr\/wp-json\/wp\/v2\/comments?post=7275"}],"wp:featuredmedia":[{"embeddable":true,"href":"https:\/\/woolskins.eu\/fr\/wp-json\/wp\/v2\/media\/7347"}],"wp:attachment":[{"href":"https:\/\/woolskins.eu\/fr\/wp-json\/wp\/v2\/media?parent=7275"}],"wp:term":[{"taxonomy":"product_brand","embeddable":true,"href":"https:\/\/woolskins.eu\/fr\/wp-json\/wp\/v2\/product_brand?post=7275"},{"taxonomy":"product_cat","embeddable":true,"href":"https:\/\/woolskins.eu\/fr\/wp-json\/wp\/v2\/product_cat?post=7275"},{"taxonomy":"product_tag","embeddable":true,"href":"https:\/\/woolskins.eu\/fr\/wp-json\/wp\/v2\/product_tag?post=7275"}],"curies":[{"name":"wp","href":"https:\/\/api.w.org\/{rel}","templated":true}]}}