{"id":7214,"date":"2022-02-04T14:08:48","date_gmt":"2022-02-04T14:08:48","guid":{"rendered":"https:\/\/woolskins.eu\/?post_type=product&#038;p=7214"},"modified":"2025-02-08T18:34:03","modified_gmt":"2025-02-08T18:34:03","slug":"alwero-hand-warmers-thumby-natural","status":"publish","type":"product","link":"https:\/\/woolskins.eu\/fr\/alwero-handwarmers-thumby-natural\/","title":{"rendered":"Chauffe-mains en laine pour femmes \u2013 Thumby | Naturel"},"content":{"rendered":"<p>Les chauffe-mains en laine Woolskins sont disponibles en trois couleurs. Il n&#039;y a ni doigts ni pouces dans ce gant, vous pouvez donc continuer \u00e0 tout faire facilement et vos mains restent bien au chaud.<br \/>\nCes gants fins sont fabriqu\u00e9s en laine 100% avec de l&#039;\u00e9lastine et s&#039;adaptent donc bien \u00e0 la main. Ils sont id\u00e9aux lorsque vous \u00eates en route avec votre enfant.<\/p>\n<p>Ces chauffe-mains offrent un environnement sec et confortable, ce qui aide \u00e0 soulager les douleurs aux poignets et aux articulations. Ils assurent une meilleure circulation sanguine, ce qui r\u00e9duira les plaintes. Id\u00e9al pour une utilisation derri\u00e8re un ordinateur par exemple.<\/p>\n<p>Tailles en centim\u00e8tres :<\/p>\n<p>S : 23 x 10 cm (longueur &amp; largeur au poignet)<br \/>\nM : 24 x 11 cm (longueur &amp; largeur au poignet)<br \/>\nL : 25 x 12 cm (longueur &amp; largeur au poignet)<\/p>\n<p>Laver \u00e0 30 \u00b0C avec un programme de lavage pour laine avec une lessive pour laine.<\/p>\n<div id=\"product-12858\" class=\"product type-product post-12858 status-publish first instock product_cat-cadeautips product_cat-cadeaus-tot-e-25 product_cat-alwero product_cat-yogamat-wol product_cat-accessoiresvoormama product_cat-fashion has-post-thumbnail taxable shipping-taxable purchasable product-type-variable ct-ajax-add-to-cart thumbs-bottom sticky-summary ct-default-gallery\">\n<div class=\"woocommerce-tabs wc-tabs-wrapper\" data-type=\"type-1:center\">\n<article>\n<div id=\"tab-description\" class=\"woocommerce-Tabs-panel woocommerce-Tabs-panel--description panel entry-content wc-tab\" role=\"tabpanel\" aria-labelledby=\"tab-title-description\">\n<h5>\u00c9tiquette de peaux de laine<\/h5>\n<p>Apr\u00e8s des ann\u00e9es de collaboration fructueuse avec Alwero, nous pouvons \u00eatre fiers d&#039;annoncer que nous proposons d\u00e9sormais nos produits sous notre propre label Woolskins.<\/p>\n<p>De cette fa\u00e7on, vous obtenez toujours la meilleure qualit\u00e9, mais combin\u00e9e avec les produits et designs les plus beaux et uniques.<\/p>\n<p>La qualit\u00e9 des tissus et des couleurs reste la m\u00eame qu&#039;elle a toujours \u00e9t\u00e9, mais il existe d\u00e9sormais un plus grand choix qui, selon Woolskins, peut se distinguer.<\/p>\n<p>Notre vaste collection est compos\u00e9e de telle mani\u00e8re qu&#039;ils constituent un bon compl\u00e9ment \u00e0 tout ensemble pour b\u00e9b\u00e9, fabriqu\u00e9s \u00e0 partir de laine europ\u00e9enne 100% qui respire et convient \u00e0 chaque saison.<\/p>\n<p>Nous unissons nos forces avec enthousiasme pour cr\u00e9er un produit durable, naturel et des plus confortables pour votre enfant.<\/p>\n<\/div>\n<\/article>\n<\/div>\n<\/div>\n<section class=\"related products ct-hidden-sm ct-hidden-md\"><\/section>","protected":false},"excerpt":{"rendered":"<p>Si vous recherchez une paire de chauffe-mains en laine pour vous faire plaisir ou faire plaisir \u00e0 un proche, nous vous recommandons vivement ces chauffe-mains de Woolskins. Il n&#039;y a ni doigts ni pouces dans ce gant, vous pouvez donc continuer \u00e0 tout faire facilement et vos mains restent bien au chaud. Ces gants fins sont fabriqu\u00e9s en laine 100% avec de l&#039;\u00e9lastine et s&#039;adaptent donc bien \u00e0 la main. Nos chauffe-mains en laine Thumby sont un excellent moyen de garder vos mains au chaud et confortables pendant les mois froids de l&#039;hiver. Ils sont doux et respirants, ce qui les rend adapt\u00e9s aux personnes \u00e0 la peau sensible et sont disponibles en diff\u00e9rentes couleurs et tailles.<\/p>\n<p><strong>Marque : Woolskins<\/strong><br \/>\n<strong>Production : Pologne<\/strong><\/p>","protected":false},"featured_media":17599,"comment_status":"closed","ping_status":"closed","template":"","meta":{"_acf_changed":false},"product_brand":[],"product_cat":[351,362,350,31,194],"product_tag":[],"class_list":{"0":"post-7214","1":"product","2":"type-product","3":"status-publish","4":"has-post-thumbnail","6":"product_cat-accessoiresvoormama","7":"product_cat-cadeaus-tot-e-25","8":"product_cat-fashion","9":"product_cat-yogamat-wol","10":"product_cat-wollen-babyproducten","11":"pa_maat-l","12":"pa_maat-m","13":"pa_maat-s","15":"first","16":"outofstock","17":"taxable","18":"shipping-taxable","19":"purchasable","20":"product-type-variable"},"acf":[],"_links":{"self":[{"href":"https:\/\/woolskins.eu\/fr\/wp-json\/wp\/v2\/product\/7214","targetHints":{"allow":["GET"]}}],"collection":[{"href":"https:\/\/woolskins.eu\/fr\/wp-json\/wp\/v2\/product"}],"about":[{"href":"https:\/\/woolskins.eu\/fr\/wp-json\/wp\/v2\/types\/product"}],"replies":[{"embeddable":true,"href":"https:\/\/woolskins.eu\/fr\/wp-json\/wp\/v2\/comments?post=7214"}],"wp:featuredmedia":[{"embeddable":true,"href":"https:\/\/woolskins.eu\/fr\/wp-json\/wp\/v2\/media\/17599"}],"wp:attachment":[{"href":"https:\/\/woolskins.eu\/fr\/wp-json\/wp\/v2\/media?parent=7214"}],"wp:term":[{"taxonomy":"product_brand","embeddable":true,"href":"https:\/\/woolskins.eu\/fr\/wp-json\/wp\/v2\/product_brand?post=7214"},{"taxonomy":"product_cat","embeddable":true,"href":"https:\/\/woolskins.eu\/fr\/wp-json\/wp\/v2\/product_cat?post=7214"},{"taxonomy":"product_tag","embeddable":true,"href":"https:\/\/woolskins.eu\/fr\/wp-json\/wp\/v2\/product_tag?post=7214"}],"curies":[{"name":"wp","href":"https:\/\/api.w.org\/{rel}","templated":true}]}}