{"id":7093,"date":"2022-01-31T11:06:17","date_gmt":"2022-01-31T11:06:17","guid":{"rendered":"https:\/\/woolskins.eu\/?post_type=product&#038;p=7093"},"modified":"2025-11-21T10:36:57","modified_gmt":"2025-11-21T10:36:57","slug":"doudou-avec-ficelle-tetine-beige-2","status":"publish","type":"product","link":"https:\/\/woolskins.eu\/fr\/knuffeldoekje-met-speenkoord-beige-2\/","title":{"rendered":"Doudou avec attache-sucette | Beige"},"content":{"rendered":"<p>Doudou Woolskins avec attache-sucette. Id\u00e9al pour que votre enfant puisse c\u00e2liner et jouer avec lui en raison du son agr\u00e9able que produit la garniture cr\u00e9pitante. Le doudou est compos\u00e9 de laine 100% et porte par exemple les labels de qualit\u00e9 \u00ab Woolmark \u00bb et \u00ab Safe for children \u00bb. L&#039;attache-sucette est utile pour garder la t\u00e9tine de votre b\u00e9b\u00e9 \u00e0 port\u00e9e de main et \u00e9viter qu&#039;elle ne se perde.<\/p>\n<p>\u2013 Laine vierge 100%, label de qualit\u00e9 Woolmark.<br \/>\n\u2013 Les dimensions sont de 18\u00d725 cm.<br \/>\n\u2013 Hors t\u00e9tine<\/p>\n<p>L&#039;attache-sucette en laine peut \u00eatre facilement attach\u00e9e \u00e0 tout type de t\u00e9tine \u00e0 l&#039;aide du cordon.<\/p>","protected":false},"excerpt":{"rendered":"<p>Woolskins propose un magnifique doudou en laine avec attache-sucette. Ce tissu doux et confortable est parfait pour que votre tout-petit puisse c\u00e2liner et jouer. Il est confectionn\u00e9 en laine de haute qualit\u00e9 et est disponible en beige et gris.<\/p>\n<p>Il est id\u00e9al pour que votre enfant puisse se blottir et jouer avec lui en raison du son agr\u00e9able que produit la garniture cr\u00e9pitante. Le doudou est compos\u00e9 de laine 100% et porte par exemple les labels de qualit\u00e9 \u00ab Woolmark \u00bb et \u00ab Safe for children \u00bb.<\/p>\n<p>Woolskins est le sp\u00e9cialiste des produits \u00e9cologiques en cuir d&#039;agneau et en laine. Tous les produits sont fabriqu\u00e9s \u00e0 partir de mat\u00e9riaux de haute qualit\u00e9 et sont con\u00e7us dans un souci de confort et de durabilit\u00e9. Ce doudou avec attache t\u00e9tine est donc un choix responsable pour les parents qui recherchent qualit\u00e9 et style.<\/p>\n<p><strong>Marque : Woolskins<\/strong><br \/>\n<strong>Production : Pologne<\/strong><\/p>","protected":false},"featured_media":5424,"comment_status":"closed","ping_status":"closed","template":"","meta":{"_acf_changed":false},"product_brand":[],"product_cat":[345,361,360,362,200,196,346,348,194],"product_tag":[],"class_list":{"0":"post-7093","1":"product","2":"type-product","3":"status-publish","4":"has-post-thumbnail","6":"product_cat-accessoires","7":"product_cat-babyshower","8":"product_cat-cadeautips","9":"product_cat-cadeaus-tot-e-25","10":"product_cat-wollen-babykleding","11":"product_cat-slaapkleding-baby","12":"product_cat-mutsjesensjaaltjes","13":"product_cat-kussens","14":"product_cat-wollen-babyproducten","16":"first","17":"instock","18":"taxable","19":"shipping-taxable","20":"purchasable","21":"product-type-simple"},"acf":[],"_links":{"self":[{"href":"https:\/\/woolskins.eu\/fr\/wp-json\/wp\/v2\/product\/7093","targetHints":{"allow":["GET"]}}],"collection":[{"href":"https:\/\/woolskins.eu\/fr\/wp-json\/wp\/v2\/product"}],"about":[{"href":"https:\/\/woolskins.eu\/fr\/wp-json\/wp\/v2\/types\/product"}],"replies":[{"embeddable":true,"href":"https:\/\/woolskins.eu\/fr\/wp-json\/wp\/v2\/comments?post=7093"}],"wp:featuredmedia":[{"embeddable":true,"href":"https:\/\/woolskins.eu\/fr\/wp-json\/wp\/v2\/media\/5424"}],"wp:attachment":[{"href":"https:\/\/woolskins.eu\/fr\/wp-json\/wp\/v2\/media?parent=7093"}],"wp:term":[{"taxonomy":"product_brand","embeddable":true,"href":"https:\/\/woolskins.eu\/fr\/wp-json\/wp\/v2\/product_brand?post=7093"},{"taxonomy":"product_cat","embeddable":true,"href":"https:\/\/woolskins.eu\/fr\/wp-json\/wp\/v2\/product_cat?post=7093"},{"taxonomy":"product_tag","embeddable":true,"href":"https:\/\/woolskins.eu\/fr\/wp-json\/wp\/v2\/product_tag?post=7093"}],"curies":[{"name":"wp","href":"https:\/\/api.w.org\/{rel}","templated":true}]}}