{"id":7090,"date":"2022-01-30T13:33:29","date_gmt":"2022-01-30T13:33:29","guid":{"rendered":"https:\/\/woolskins.eu\/?post_type=product&#038;p=7090"},"modified":"2026-02-18T13:39:01","modified_gmt":"2026-02-18T13:39:01","slug":"alwero-wrap-blanket-essential-grey","status":"publish","type":"product","link":"https:\/\/woolskins.eu\/fr\/alwero-wikkeldeken-essential-grijs\/","title":{"rendered":"Couverture enveloppante en laine \/ Couverture \u00e0 capuche pour b\u00e9b\u00e9 \u2013 Feutr\u00e9 | Gris clair"},"content":{"rendered":"<p>Votre enfant dormira \u00e0 merveille et r\u00eavera dans cette confortable couverture en laine avec capuche de notre collection \u00ab\u00a0Felted\u00a0\u00bb. Cette couverture enveloppante\/\u00e0 capuche tombe en douceur et est tr\u00e8s douce. Ils ont une apparence belle et luxueuse et sont extr\u00eamement confortables. La couverture enveloppante est en laine 100% et prend imm\u00e9diatement la temp\u00e9rature de votre enfant. Vous pouvez \u00e9galement emmailloter votre enfant avec cela ou le nourrir confortablement, ou vous pouvez facilement l&#039;emporter avec vous lors de vos d\u00e9placements pour garder votre enfant au chaud.<\/p>\n<p>\u2013 Laine vierge 100% feutr\u00e9e avec le label de qualit\u00e9 Woolmark.<br \/>\n\u2013 Structure lisse, douce et compacte<br \/>\n\u2013 Bonnes propri\u00e9t\u00e9s thermiques<br \/>\n\u2013 Pour la maison et en d\u00e9placement.<br \/>\n\u2013 Dimensions : 80 x 80 cm.<br \/>\n\u2013 Production europ\u00e9enne.<br \/>\n\u2013 Lavable \u00e0 30\u00b0C programme laine.<br \/>\n\u2013 Disponible exclusivement chez Woolskins<\/p>\n<p>Les fibres de laine respirent et ont la propri\u00e9t\u00e9 d&#039;agir comme un thermostat naturel qui r\u00e9gule la temp\u00e9rature corporelle ? Cela aide votre b\u00e9b\u00e9 \u00e0 maintenir une temp\u00e9rature stable et \u00e0 le garder au sec et \u00e0 l&#039;aise. Il le fait de mani\u00e8re \u00ab dynamique \u00bb, ce qui signifie que cela se produit lorsque cela est n\u00e9cessaire et non lorsque ce n&#039;est pas n\u00e9cessaire. Chaud en hiver et frais en \u00e9t\u00e9.<\/p>\n<p>Ce produit porte le label de qualit\u00e9 Safe for Children et Woolmark.<\/p>\n<div id=\"product-7026\" class=\"product type-product post-7026 status-publish first instock product_cat-babyshower product_cat-cadeaus-e25-e50 product_cat-cadeautips product_cat-alwero product_cat-slaapkleding-baby product_cat-babydeken product_cat-best-verkocht has-post-thumbnail taxable shipping-taxable purchasable product-type-variable ct-ajax-add-to-cart thumbs-bottom sticky-summary ct-default-gallery\">\n<div class=\"woocommerce-tabs wc-tabs-wrapper\" data-type=\"type-1:center\"><\/div>\n<\/div>\n<section class=\"up-sells upsells products ct-hidden-sm ct-hidden-md\"><\/section>","protected":false},"excerpt":{"rendered":"<p>Cette couverture en laine &#039;Felted&#039; avec capuche est un produit chaud et confortable adapt\u00e9 \u00e0 toutes les saisons. Il est confectionn\u00e9 en laine douce et naturelle, qui isole bien, respire et tombe en douceur. La couverture enveloppante a une capuche qui garde la t\u00eate bien au chaud. C&#039;est un produit polyvalent et pratique qui convient aussi bien \u00e0 l&#039;int\u00e9rieur qu&#039;\u00e0 l&#039;ext\u00e9rieur. Une couverture en laine avec capuche est un v\u00e9ritable \u00ab\u00a0must have\u00a0\u00bb pour chaque ensemble b\u00e9b\u00e9, mais c&#039;est aussi un beau cadeau \u00e0 offrir \u00e0 quelqu&#039;un. Elle est disponible dans diff\u00e9rents tissus et couleurs de laine, vous pouvez donc toujours trouver une couverture enveloppante qui vous convient. La couverture enveloppante est en laine 100% et prend imm\u00e9diatement la temp\u00e9rature de votre enfant. Vous pouvez \u00e9galement emmailloter votre enfant avec cela ou le nourrir confortablement, ou vous pouvez facilement l&#039;emporter avec vous lors de vos d\u00e9placements pour garder votre enfant au chaud.<\/p>\n<p><strong>Marque : Woolskins<\/strong><br \/>\n<strong>Production : Pologne<\/strong><\/p>","protected":false},"featured_media":7091,"comment_status":"closed","ping_status":"closed","template":"","meta":{"_acf_changed":false},"product_brand":[],"product_cat":[361,360,363,364,196,321,194],"product_tag":[],"class_list":{"0":"post-7090","1":"product","2":"type-product","3":"status-publish","4":"has-post-thumbnail","6":"product_cat-babyshower","7":"product_cat-cadeautips","8":"product_cat-cadeaus-e25-e50","9":"product_cat-cadeaus-vanaf-e50","10":"product_cat-slaapkleding-baby","11":"product_cat-wikkeldekens","12":"product_cat-wollen-babyproducten","14":"first","15":"instock","16":"taxable","17":"shipping-taxable","18":"purchasable","19":"product-type-simple"},"acf":[],"_links":{"self":[{"href":"https:\/\/woolskins.eu\/fr\/wp-json\/wp\/v2\/product\/7090","targetHints":{"allow":["GET"]}}],"collection":[{"href":"https:\/\/woolskins.eu\/fr\/wp-json\/wp\/v2\/product"}],"about":[{"href":"https:\/\/woolskins.eu\/fr\/wp-json\/wp\/v2\/types\/product"}],"replies":[{"embeddable":true,"href":"https:\/\/woolskins.eu\/fr\/wp-json\/wp\/v2\/comments?post=7090"}],"wp:featuredmedia":[{"embeddable":true,"href":"https:\/\/woolskins.eu\/fr\/wp-json\/wp\/v2\/media\/7091"}],"wp:attachment":[{"href":"https:\/\/woolskins.eu\/fr\/wp-json\/wp\/v2\/media?parent=7090"}],"wp:term":[{"taxonomy":"product_brand","embeddable":true,"href":"https:\/\/woolskins.eu\/fr\/wp-json\/wp\/v2\/product_brand?post=7090"},{"taxonomy":"product_cat","embeddable":true,"href":"https:\/\/woolskins.eu\/fr\/wp-json\/wp\/v2\/product_cat?post=7090"},{"taxonomy":"product_tag","embeddable":true,"href":"https:\/\/woolskins.eu\/fr\/wp-json\/wp\/v2\/product_tag?post=7090"}],"curies":[{"name":"wp","href":"https:\/\/api.w.org\/{rel}","templated":true}]}}